{"id":232,"date":"2020-04-22T19:22:33","date_gmt":"2020-04-22T19:22:33","guid":{"rendered":"https:\/\/baflesoviedo.com\/home\/?post_type=product&#038;p=232"},"modified":"2024-12-12T00:44:29","modified_gmt":"2024-12-12T00:44:29","slug":"dynaudio-emit-m20-altavoz","status":"publish","type":"product","link":"https:\/\/baflesoviedo.com\/home\/product\/dynaudio-emit-m20-altavoz\/","title":{"rendered":"Dynaudio, Emit 20, Altavoces Librero"},"content":{"rendered":"<p>&nbsp;<\/p>\n<p><strong>Especificaciones<\/strong><\/p>\n<table style=\"height: 367px;\" width=\"580\">\n<tbody>\n<tr>\n<td width=\"269\">Sensibilidad<\/td>\n<td width=\"197\">86dB (2,83V \/ 1m)<\/td>\n<\/tr>\n<tr>\n<td width=\"269\">Manejo de potencia IEC<\/td>\n<td width=\"197\">150W<\/td>\n<\/tr>\n<tr>\n<td width=\"269\">Impedancia<\/td>\n<td width=\"197\">4 ohmios<\/td>\n<\/tr>\n<tr>\n<td width=\"269\">Respuesta de frecuencia (\u00b1 3dB)<\/td>\n<td width=\"197\">50Hz &#8211; 23kHz<\/td>\n<\/tr>\n<tr>\n<td width=\"269\">Tipo de caja<\/td>\n<td width=\"197\">Reflector de graves con puerto trasero<\/td>\n<\/tr>\n<tr>\n<td width=\"269\">Transversal<\/td>\n<td width=\"197\">2 v\u00edas<\/td>\n<\/tr>\n<tr>\n<td width=\"269\">Frecuencia de crossover<\/td>\n<td width=\"197\">2600Hz<\/td>\n<\/tr>\n<tr>\n<td width=\"269\">Topolog\u00eda de crossover<\/td>\n<td width=\"197\">1er \/ 2do orden<\/td>\n<\/tr>\n<tr>\n<td width=\"269\">Woofer<\/td>\n<td width=\"197\">17cm MSP<\/td>\n<\/tr>\n<tr>\n<td width=\"269\">Tweeter<\/td>\n<td width=\"197\">C\u00fapula blanda de 28 mm<\/td>\n<\/tr>\n<tr>\n<td width=\"269\">Peso<\/td>\n<td width=\"197\">7.5kg \/ 16lb<\/td>\n<\/tr>\n<tr>\n<td width=\"269\">Dimensiones (W x H x D)<\/td>\n<td width=\"197\">215 x 355 x 265 mm<\/td>\n<\/tr>\n<tr>\n<td width=\"269\"><\/td>\n<td width=\"197\">8.5 x 14 x 10.4 pulgadas<\/td>\n<\/tr>\n<tr>\n<td width=\"269\">Dimensiones con pies \/ rejilla (W x H x D)<\/td>\n<td width=\"197\">215 x 355 x 280 mm<\/td>\n<\/tr>\n<tr>\n<td width=\"269\"><\/td>\n<td width=\"197\">8.5 x 14 x 11 pulgadas<\/td>\n<\/tr>\n<\/tbody>\n<\/table>\n<p><a href=\"https:\/\/dynaudio.com\/home-audio\/emit\/emit-20\" target=\"_blank\" rel=\"noopener noreferrer\"><span style=\"color: #0000ff;\">Click aqu\u00ed para m\u00e1s informaci\u00f3n del producto<\/span><\/a><\/p>\n","protected":false},"excerpt":{"rendered":"<p>El Emit M20 es ideal para habitaciones peque\u00f1as a medianas o en cualquier lugar donde el espacio sea limitado, como en una estanter\u00eda o aparador. Viene equipado con un parlante de medios\/bajos de 17 cm, dise\u00f1ado para ofrecer gran claridad de sonido. Disponible en negro, blanco o walnut.<\/p>\n","protected":false},"featured_media":4276,"template":"","meta":[],"product_cat":[123,122],"product_tag":[31,58,40],"_links":{"self":[{"href":"https:\/\/baflesoviedo.com\/home\/wp-json\/wp\/v2\/product\/232"}],"collection":[{"href":"https:\/\/baflesoviedo.com\/home\/wp-json\/wp\/v2\/product"}],"about":[{"href":"https:\/\/baflesoviedo.com\/home\/wp-json\/wp\/v2\/types\/product"}],"wp:featuredmedia":[{"embeddable":true,"href":"https:\/\/baflesoviedo.com\/home\/wp-json\/wp\/v2\/media\/4276"}],"wp:attachment":[{"href":"https:\/\/baflesoviedo.com\/home\/wp-json\/wp\/v2\/media?parent=232"}],"wp:term":[{"taxonomy":"product_cat","embeddable":true,"href":"https:\/\/baflesoviedo.com\/home\/wp-json\/wp\/v2\/product_cat?post=232"},{"taxonomy":"product_tag","embeddable":true,"href":"https:\/\/baflesoviedo.com\/home\/wp-json\/wp\/v2\/product_tag?post=232"}],"curies":[{"name":"wp","href":"https:\/\/api.w.org\/{rel}","templated":true}]}}