{"id":2322,"date":"2023-03-23T18:22:09","date_gmt":"2023-03-23T18:22:09","guid":{"rendered":"https:\/\/baflesoviedo.com\/home\/?post_type=product&#038;p=2322"},"modified":"2025-12-17T02:19:18","modified_gmt":"2025-12-17T02:19:18","slug":"pro-ject-x1-b-tornamesa","status":"publish","type":"product","link":"https:\/\/baflesoviedo.com\/home\/product\/pro-ject-x1-b-tornamesa\/","title":{"rendered":"Pro-Ject, X1 B, Tornamesa"},"content":{"rendered":"<p><strong>Especificaciones T\u00e9cnicas:<\/strong><\/p>\n<table class=\"my-3 text-sm md:text-base\">\n<tbody>\n<tr>\n<td class=\"base:pr-2 md:pr-12 font-weight-bold\">Speed<\/td>\n<td>33, 45, 78 (electronic speed change)<\/td>\n<\/tr>\n<tr>\n<td class=\"base:pr-2 md:pr-12 font-weight-bold\">Principle<\/td>\n<td>belt drive<\/td>\n<\/tr>\n<tr>\n<td class=\"base:pr-2 md:pr-12 font-weight-bold\">Speed variance<\/td>\n<td>33: 0.30% 45: 0.25%<\/td>\n<\/tr>\n<tr>\n<td class=\"base:pr-2 md:pr-12 font-weight-bold\">Wow &amp; flutter<\/td>\n<td>33: 0.15% 45: 0.13%<\/td>\n<\/tr>\n<tr>\n<td class=\"base:pr-2 md:pr-12 font-weight-bold\">Platter<\/td>\n<td>20mm thick, 1.5 kg heavy acryl<\/td>\n<\/tr>\n<tr>\n<td class=\"base:pr-2 md:pr-12 font-weight-bold\">Main bearing<\/td>\n<td>stainless steel\/brass<\/td>\n<\/tr>\n<tr>\n<td class=\"base:pr-2 md:pr-12 font-weight-bold\">Tonearm<\/td>\n<td>8,6\u201d carbon\/aluminium sandwich<\/td>\n<\/tr>\n<tr>\n<td class=\"base:pr-2 md:pr-12 font-weight-bold\">Effective arm length<\/td>\n<td>218,5 mm<\/td>\n<\/tr>\n<tr>\n<td class=\"base:pr-2 md:pr-12 font-weight-bold\">Overhang<\/td>\n<td>18 mm<\/td>\n<\/tr>\n<tr>\n<td class=\"base:pr-2 md:pr-12 font-weight-bold\">Effective tonearm mass<\/td>\n<td>10,0g<\/td>\n<\/tr>\n<tr>\n<td class=\"base:pr-2 md:pr-12 font-weight-bold\">Tracking force range<\/td>\n<td>0 &#8211; 30mN<\/td>\n<\/tr>\n<tr>\n<td class=\"base:pr-2 md:pr-12 font-weight-bold\">Included accessories<\/td>\n<td>15volts DC \/0,8A power supply, Dust cover, Connect it E Phono cable, feltmat<\/td>\n<\/tr>\n<tr>\n<td class=\"base:pr-2 md:pr-12 font-weight-bold\">Power consumption<\/td>\n<td>5,0 watts max \/&lt; 0.3 watt standby<\/td>\n<\/tr>\n<tr>\n<td class=\"base:pr-2 md:pr-12 font-weight-bold\">Dimensions<\/td>\n<td>415 x 125 x 335 mm (WxHxD)<\/td>\n<\/tr>\n<tr>\n<td class=\"base:pr-2 md:pr-12 font-weight-bold\">Weight<\/td>\n<td>7 kg net \/ 9.5 kg gross weight<\/td>\n<\/tr>\n<\/tbody>\n<\/table>\n<p><a href=\"https:\/\/www.project-audio.com\/en\/product\/x1-b\/\" target=\"_blank\" rel=\"noopener noreferrer\"><span style=\"color: #0000ff;\">Click aqu\u00ed para m\u00e1s informaci\u00f3n del producto.<\/span><\/a><\/p>\n","protected":false},"excerpt":{"rendered":"<p>Tornamesa de 33\/45\/78 RPM, con brazo carbono-aluminio de 8.6&#8243; y pastilla Ortofon Pick It S2 MM. Su nuevo dise\u00f1o asegura menor ruido y mejor suspensi\u00f3n del motor para reducir vibraciones causadas por el mismo, y su plato acr\u00edlico de 1.5 kg es libre de resonancia. Su construcci\u00f3n garantiza adem\u00e1s gran durabilidad, y permite una variedad de ajustes seg\u00fan preferencia del usuario. Disponible en acabado brillante (negro o blanco &#8220;high gloss&#8221;) o madera (&#8220;real wood&#8221;).<\/p>\n","protected":false},"featured_media":2330,"template":"","meta":[],"product_cat":[37],"product_tag":[40,56,62],"_links":{"self":[{"href":"https:\/\/baflesoviedo.com\/home\/wp-json\/wp\/v2\/product\/2322"}],"collection":[{"href":"https:\/\/baflesoviedo.com\/home\/wp-json\/wp\/v2\/product"}],"about":[{"href":"https:\/\/baflesoviedo.com\/home\/wp-json\/wp\/v2\/types\/product"}],"wp:featuredmedia":[{"embeddable":true,"href":"https:\/\/baflesoviedo.com\/home\/wp-json\/wp\/v2\/media\/2330"}],"wp:attachment":[{"href":"https:\/\/baflesoviedo.com\/home\/wp-json\/wp\/v2\/media?parent=2322"}],"wp:term":[{"taxonomy":"product_cat","embeddable":true,"href":"https:\/\/baflesoviedo.com\/home\/wp-json\/wp\/v2\/product_cat?post=2322"},{"taxonomy":"product_tag","embeddable":true,"href":"https:\/\/baflesoviedo.com\/home\/wp-json\/wp\/v2\/product_tag?post=2322"}],"curies":[{"name":"wp","href":"https:\/\/api.w.org\/{rel}","templated":true}]}}