{"id":2395,"date":"2023-05-10T22:34:57","date_gmt":"2023-05-10T22:34:57","guid":{"rendered":"https:\/\/baflesoviedo.com\/home\/?post_type=product&#038;p=2395"},"modified":"2025-12-26T17:32:47","modified_gmt":"2025-12-26T17:32:47","slug":"pro-ject-e1-bt-tornamesa","status":"publish","type":"product","link":"https:\/\/baflesoviedo.com\/home\/product\/pro-ject-e1-bt-tornamesa\/","title":{"rendered":"Pro-Ject, E1 BT, Tornamesa"},"content":{"rendered":"<table cellspacing=\"0\" cellpadding=\"0\">\n<tbody>\n<tr>\n<td valign=\"middle\"><b>Speed<\/b><\/td>\n<td valign=\"middle\">33, 45 (electronic speed change)<\/td>\n<\/tr>\n<tr>\n<td valign=\"middle\"><b>Principle<\/b><\/td>\n<td valign=\"middle\">Belt drive<\/td>\n<\/tr>\n<tr>\n<td valign=\"middle\"><b>Speed variance<\/b><\/td>\n<td valign=\"middle\">33: 0.7% 45: 0.6%<\/td>\n<\/tr>\n<tr>\n<td valign=\"middle\"><b>Wow &amp; Flutter<\/b><\/td>\n<td valign=\"middle\">33: 0.25% 45: 0.23%<\/td>\n<\/tr>\n<tr>\n<td valign=\"middle\"><b>Signal to noise<\/b><\/td>\n<td valign=\"middle\">65dB<\/td>\n<\/tr>\n<tr>\n<td valign=\"middle\"><b>Platter<\/b><\/td>\n<td valign=\"middle\">300 mm with felt mat<\/td>\n<\/tr>\n<tr>\n<td valign=\"middle\"><b>Tonearm<\/b><\/td>\n<td valign=\"middle\">8.6\u201d aluminium<\/td>\n<\/tr>\n<tr>\n<td valign=\"middle\"><b>Effective arm length<\/b><\/td>\n<td valign=\"middle\">218.5 mm<\/td>\n<\/tr>\n<tr>\n<td valign=\"middle\"><b>Overhang<\/b><\/td>\n<td valign=\"middle\">22.0 mm<\/td>\n<\/tr>\n<tr>\n<td valign=\"middle\"><b>Effective tonearm mass<\/b><\/td>\n<td valign=\"middle\">7.0 g<\/td>\n<\/tr>\n<tr>\n<td valign=\"middle\"><b>Included accessories<\/b><\/td>\n<td valign=\"middle\">Dust cover, 7&#8243; single adapter<\/td>\n<\/tr>\n<tr>\n<td valign=\"middle\"><b>Power consumption<\/b><\/td>\n<td valign=\"middle\">4.5 Watts max<\/td>\n<\/tr>\n<tr>\n<td valign=\"middle\"><b>Power Supply<\/b><\/td>\n<td valign=\"middle\">15V DC \/ 0,8A power supply<\/td>\n<\/tr>\n<tr>\n<td valign=\"middle\"><b>Dimensions<\/b><\/td>\n<td valign=\"middle\">420 x 112 x 330mm (WxHxD)<\/td>\n<\/tr>\n<tr>\n<td valign=\"middle\"><b>Weight<\/b><\/td>\n<td valign=\"middle\">3,5 kg net<\/td>\n<\/tr>\n<\/tbody>\n<\/table>\n<p><a href=\"https:\/\/www.project-audio.com\/en\/product\/e1-bt\/\" target=\"_blank\" rel=\"noopener noreferrer\"><span style=\"color: #0000ff;\">Click aqu\u00ed para m\u00e1s informaci\u00f3n del producto.<\/span><\/a><\/p>\n","protected":false},"excerpt":{"rendered":"<p>Tornamesa <i>entry-level<\/i> que a\u00f1ade conexi\u00f3n inal\u00e1mbrica a un preamplificador phono incorporado. Su dise\u00f1o \u201cPlug &amp; Play\u201d significa que viene lista para ser conectada y disfrutada fuera de la caja, gracias a sus preajustes de <i>tracking force <\/i>y <i>anti-skating. <\/i>Equipada con la pastilla Ortofon OM5e, esta tornamesa ofrece gran calidad de sonido y fidelidad de reproducci\u00f3n a un precio m\u00e1s accesible. Disponible en colores blanco, negro y \u201cwalnut\u201d.<\/p>\n","protected":false},"featured_media":4283,"template":"","meta":[],"product_cat":[37],"product_tag":[40,56,62],"_links":{"self":[{"href":"https:\/\/baflesoviedo.com\/home\/wp-json\/wp\/v2\/product\/2395"}],"collection":[{"href":"https:\/\/baflesoviedo.com\/home\/wp-json\/wp\/v2\/product"}],"about":[{"href":"https:\/\/baflesoviedo.com\/home\/wp-json\/wp\/v2\/types\/product"}],"wp:featuredmedia":[{"embeddable":true,"href":"https:\/\/baflesoviedo.com\/home\/wp-json\/wp\/v2\/media\/4283"}],"wp:attachment":[{"href":"https:\/\/baflesoviedo.com\/home\/wp-json\/wp\/v2\/media?parent=2395"}],"wp:term":[{"taxonomy":"product_cat","embeddable":true,"href":"https:\/\/baflesoviedo.com\/home\/wp-json\/wp\/v2\/product_cat?post=2395"},{"taxonomy":"product_tag","embeddable":true,"href":"https:\/\/baflesoviedo.com\/home\/wp-json\/wp\/v2\/product_tag?post=2395"}],"curies":[{"name":"wp","href":"https:\/\/api.w.org\/{rel}","templated":true}]}}