{"id":2407,"date":"2023-05-10T22:52:51","date_gmt":"2023-05-10T22:52:51","guid":{"rendered":"https:\/\/baflesoviedo.com\/home\/?post_type=product&#038;p=2407"},"modified":"2026-02-07T19:16:40","modified_gmt":"2026-02-07T19:16:40","slug":"pro-ject-rpm1-carbon-tornamesa","status":"publish","type":"product","link":"https:\/\/baflesoviedo.com\/home\/product\/pro-ject-rpm1-carbon-tornamesa\/","title":{"rendered":"Pro-Ject, RPM1 Carbon, Tornamesa"},"content":{"rendered":"<table cellspacing=\"0\" cellpadding=\"0\">\n<tbody>\n<tr>\n<td valign=\"middle\"><b>Speed<\/b><\/td>\n<td valign=\"middle\">33, 45 (manual speed change)<\/td>\n<\/tr>\n<tr>\n<td valign=\"middle\"><b>Drive principle<\/b><\/td>\n<td valign=\"middle\">Belt drive<\/td>\n<\/tr>\n<tr>\n<td valign=\"middle\"><b>Platter<\/b><\/td>\n<td valign=\"middle\">300 mm MDF<\/td>\n<\/tr>\n<tr>\n<td valign=\"middle\"><b>Mains bearing<\/b><\/td>\n<td valign=\"middle\">Stainless steel axle with ceramic ball<\/td>\n<\/tr>\n<tr>\n<td valign=\"middle\"><b>Wow &amp; flutter<\/b><\/td>\n<td valign=\"middle\">33: +\/- 0.27% I 45: +\/- 0.1%<\/td>\n<\/tr>\n<tr>\n<td valign=\"middle\"><b>Speed drift<\/b><\/td>\n<td valign=\"middle\">33: +\/- 0.14% I 45: +\/- 0.13%<\/td>\n<\/tr>\n<tr>\n<td valign=\"middle\"><b>Signal to noise<\/b><\/td>\n<td valign=\"middle\">&#8211; 71dB<\/td>\n<\/tr>\n<tr>\n<td valign=\"middle\"><b>Tonearm<\/b><\/td>\n<td valign=\"middle\">8.6\u201d carbon; aluminium and resin<\/td>\n<\/tr>\n<tr>\n<td valign=\"middle\"><b>Effective arm length<\/b><\/td>\n<td valign=\"middle\">218.5 mm<\/td>\n<\/tr>\n<tr>\n<td valign=\"middle\"><b>Effective arm mass<\/b><\/td>\n<td valign=\"middle\">13.5 g<\/td>\n<\/tr>\n<tr>\n<td valign=\"middle\"><b>Overhang<\/b><\/td>\n<td valign=\"middle\">22 mm<\/td>\n<\/tr>\n<tr>\n<td valign=\"middle\"><b>Tracking force<\/b><\/td>\n<td valign=\"middle\">0 &#8211; 25mN<\/td>\n<\/tr>\n<tr>\n<td valign=\"middle\"><b>Included accessories<\/b><\/td>\n<td valign=\"middle\">15 volts DC \/ 500 mA power supply<\/td>\n<\/tr>\n<tr>\n<td valign=\"middle\"><b>Power connection<\/b><\/td>\n<td valign=\"middle\">110\/240 Volt &#8211; 50 or 60 Hz<\/td>\n<\/tr>\n<tr>\n<td valign=\"middle\"><b>Power consumption<\/b><\/td>\n<td valign=\"middle\">5 watt max \/ &lt; 0,5 watt standby<\/td>\n<\/tr>\n<tr>\n<td valign=\"middle\"><b>Dimensions<\/b><\/td>\n<td valign=\"middle\">380 x 110 x 350mm (WxHxD)<\/td>\n<\/tr>\n<tr>\n<td valign=\"middle\"><b>Weight<\/b><\/td>\n<td valign=\"middle\">3.8 kg net<\/td>\n<\/tr>\n<\/tbody>\n<\/table>\n<p><a href=\"https:\/\/www.project-audio.com\/en\/product\/rpm-1-carbon\/\" target=\"_blank\" rel=\"noopener noreferrer\"><span style=\"color: #0000ff;\">Click aqu\u00ed para m\u00e1s informaci\u00f3n del producto.<\/span><\/a><\/p>\n","protected":false},"excerpt":{"rendered":"<ul>\n<li><span style=\"text-decoration: underline;\">Incluye Pastilla 2M Red<\/span><\/li>\n<\/ul>\n<p>Tornamesa manual con brazo de carb\u00f3n 8.6\u201d, cuyo dise\u00f1o maximiza la amortiguaci\u00f3n interna y reduce las resonancias al m\u00ednimo; tiene adem\u00e1s un nuevo mecanismo <i>antiskating<\/i>. Cuenta con innovaciones como un chasis de baja resonancia que incluye un cojinete de plato invertido con bola de cer\u00e1mica, para reducir a\u00fan m\u00e1s el ruido. El motor AC externo de 15V se acopla al generador AC de alta precisi\u00f3n para mayor estabilidad de la velocidad de rotaci\u00f3n. Viene equipada opcionalmente con la pastilla Ortofon 2M Red.<\/p>\n","protected":false},"featured_media":2408,"template":"","meta":[],"product_cat":[129,37],"product_tag":[40,56,62],"_links":{"self":[{"href":"https:\/\/baflesoviedo.com\/home\/wp-json\/wp\/v2\/product\/2407"}],"collection":[{"href":"https:\/\/baflesoviedo.com\/home\/wp-json\/wp\/v2\/product"}],"about":[{"href":"https:\/\/baflesoviedo.com\/home\/wp-json\/wp\/v2\/types\/product"}],"wp:featuredmedia":[{"embeddable":true,"href":"https:\/\/baflesoviedo.com\/home\/wp-json\/wp\/v2\/media\/2408"}],"wp:attachment":[{"href":"https:\/\/baflesoviedo.com\/home\/wp-json\/wp\/v2\/media?parent=2407"}],"wp:term":[{"taxonomy":"product_cat","embeddable":true,"href":"https:\/\/baflesoviedo.com\/home\/wp-json\/wp\/v2\/product_cat?post=2407"},{"taxonomy":"product_tag","embeddable":true,"href":"https:\/\/baflesoviedo.com\/home\/wp-json\/wp\/v2\/product_tag?post=2407"}],"curies":[{"name":"wp","href":"https:\/\/api.w.org\/{rel}","templated":true}]}}