{"id":2424,"date":"2023-05-11T17:47:53","date_gmt":"2023-05-11T17:47:53","guid":{"rendered":"https:\/\/baflesoviedo.com\/home\/?post_type=product&#038;p=2424"},"modified":"2025-07-15T08:02:27","modified_gmt":"2025-07-15T08:02:27","slug":"pro-ject-rpm9-carbon-tornamesa","status":"publish","type":"product","link":"https:\/\/baflesoviedo.com\/home\/product\/pro-ject-rpm9-carbon-tornamesa\/","title":{"rendered":"Pro-Ject, RPM9 Carbon, Tornamesa"},"content":{"rendered":"<table cellspacing=\"0\" cellpadding=\"0\">\n<tbody>\n<tr>\n<td valign=\"middle\"><b>Speed<\/b><\/td>\n<td valign=\"middle\">33, 45 (electronic speed change)<\/td>\n<\/tr>\n<tr>\n<td valign=\"middle\"><b>Drive principle<\/b><\/td>\n<td valign=\"middle\">Belt drive<\/td>\n<\/tr>\n<tr>\n<td valign=\"middle\"><b>Platter<\/b><\/td>\n<td valign=\"middle\">7.2 kg aluminium (300mm diameter)<\/td>\n<\/tr>\n<tr>\n<td valign=\"middle\"><b>Mains bearing<\/b><\/td>\n<td valign=\"middle\">Inverted stainless steel with ceramic ball\/plate<\/td>\n<\/tr>\n<tr>\n<td valign=\"middle\"><b>Wow &amp; flutter<\/b><\/td>\n<td valign=\"middle\">33: +\/- 0.60% I 45: +\/- 0.60%<\/td>\n<\/tr>\n<tr>\n<td valign=\"middle\"><b>Speed drift<\/b><\/td>\n<td valign=\"middle\">33: +\/- 0.10% I 45: +\/- 0.10%<\/td>\n<\/tr>\n<tr>\n<td valign=\"middle\"><b>Signal to noise<\/b><\/td>\n<td valign=\"middle\">73dB<\/td>\n<\/tr>\n<tr>\n<td valign=\"middle\"><b>Tonearm<\/b><\/td>\n<td valign=\"middle\">9\u201d CC EVO carbon<\/td>\n<\/tr>\n<tr>\n<td valign=\"middle\"><b>Effective arm length<\/b><\/td>\n<td valign=\"middle\">230 mm<\/td>\n<\/tr>\n<tr>\n<td valign=\"middle\"><b>Effective arm mass<\/b><\/td>\n<td valign=\"middle\">8 g<\/td>\n<\/tr>\n<tr>\n<td valign=\"middle\"><b>Overhang<\/b><\/td>\n<td valign=\"middle\">18 mm<\/td>\n<\/tr>\n<tr>\n<td valign=\"middle\"><b>Tracking force<\/b><\/td>\n<td valign=\"middle\">0 &#8211; 35 mN<\/td>\n<\/tr>\n<tr>\n<td valign=\"middle\"><b>Included accessories<\/b><\/td>\n<td valign=\"middle\">15 volts DC \/ 800 mA power supply<\/td>\n<\/tr>\n<tr>\n<td valign=\"middle\"><b>Power connection<\/b><\/td>\n<td valign=\"middle\">110\/240 Volt &#8211; 50 or 60 Hz<\/td>\n<\/tr>\n<tr>\n<td valign=\"middle\"><b>Power consumption<\/b><\/td>\n<td valign=\"middle\">13 watt max \/ &lt; 0.3 watt standby<\/td>\n<\/tr>\n<tr>\n<td valign=\"middle\"><b>Dimensions<\/b><\/td>\n<td valign=\"middle\">440 x 180 x 325 mm (WxHxD)<\/td>\n<\/tr>\n<tr>\n<td valign=\"middle\"><b>Weight<\/b><\/td>\n<td valign=\"middle\">16.5 kg net<\/td>\n<\/tr>\n<\/tbody>\n<\/table>\n<p>&nbsp;<\/p>\n<p><a href=\"https:\/\/www.project-audio.com\/en\/product\/rpm-9-carbon\/\" target=\"_blank\" rel=\"noopener noreferrer\"><span style=\"color: #0000ff;\">Click aqu\u00ed para m\u00e1s informaci\u00f3n del producto.<\/span><\/a><\/p>\n","protected":false},"excerpt":{"rendered":"<ul>\n<li><span style=\"text-decoration: underline;\">N\/c:<\/span> $3,599 ($4,066.87 con IVA)<\/li>\n<li><span style=\"text-decoration: underline;\">Quintet Bronze:<\/span> $3,999 ($4,518.87 con IVA)<\/li>\n<\/ul>\n<p>Tornamesa high-end con una superficie de carb\u00f3n y un plato especial MDF, lo cual contribuye a una construcci\u00f3n m\u00e1s pesada y precisa. Cuenta con un sistema de tratamiento del calor que, junto a la superficie de carb\u00f3n, contribuye a reducir a\u00fan menos los niveles de resonancia de la tornamesa, y se logra suspender por medio de pies magn\u00e9ticos que a\u00edslan el chasis. Utiliza un motor externo con controlador de precisi\u00f3n para velocidades de 33 &amp; 45 RPM, y su plato tiene un nuevo dise\u00f1o de aluminio con pulido especial. Viene equipada opcionalmente con la pastilla Ortofon Quintet Bronze. Disponible en color negro.<\/p>\n","protected":false},"featured_media":2427,"template":"","meta":[],"product_cat":[37],"product_tag":[56,62],"_links":{"self":[{"href":"https:\/\/baflesoviedo.com\/home\/wp-json\/wp\/v2\/product\/2424"}],"collection":[{"href":"https:\/\/baflesoviedo.com\/home\/wp-json\/wp\/v2\/product"}],"about":[{"href":"https:\/\/baflesoviedo.com\/home\/wp-json\/wp\/v2\/types\/product"}],"wp:featuredmedia":[{"embeddable":true,"href":"https:\/\/baflesoviedo.com\/home\/wp-json\/wp\/v2\/media\/2427"}],"wp:attachment":[{"href":"https:\/\/baflesoviedo.com\/home\/wp-json\/wp\/v2\/media?parent=2424"}],"wp:term":[{"taxonomy":"product_cat","embeddable":true,"href":"https:\/\/baflesoviedo.com\/home\/wp-json\/wp\/v2\/product_cat?post=2424"},{"taxonomy":"product_tag","embeddable":true,"href":"https:\/\/baflesoviedo.com\/home\/wp-json\/wp\/v2\/product_tag?post=2424"}],"curies":[{"name":"wp","href":"https:\/\/api.w.org\/{rel}","templated":true}]}}