{"id":2430,"date":"2023-05-11T18:03:31","date_gmt":"2023-05-11T18:03:31","guid":{"rendered":"https:\/\/baflesoviedo.com\/home\/?post_type=product&#038;p=2430"},"modified":"2025-07-15T08:07:25","modified_gmt":"2025-07-15T08:07:25","slug":"pro-ject-rpm10-carbon-tornamesa","status":"publish","type":"product","link":"https:\/\/baflesoviedo.com\/home\/product\/pro-ject-rpm10-carbon-tornamesa\/","title":{"rendered":"Pro-Ject, RPM10 Carbon, Tornamesa"},"content":{"rendered":"<table cellspacing=\"0\" cellpadding=\"0\">\n<tbody>\n<tr>\n<td valign=\"middle\"><b>Speed<\/b><\/td>\n<td valign=\"middle\">33, 45 (electronic speed change)<\/td>\n<\/tr>\n<tr>\n<td valign=\"middle\"><b>Drive principle<\/b><\/td>\n<td valign=\"middle\">Belt drive<\/td>\n<\/tr>\n<tr>\n<td valign=\"middle\"><b>Platter<\/b><\/td>\n<td valign=\"middle\">10.4 kg aluminium (300 mm diameter)<\/td>\n<\/tr>\n<tr>\n<td valign=\"middle\"><b>Mains bearing<\/b><\/td>\n<td valign=\"middle\">Inverted stainless steel with ceramic ball\/plate<\/td>\n<\/tr>\n<tr>\n<td valign=\"middle\"><b>Speed drift<\/b><\/td>\n<td valign=\"middle\">33: +\/- 0.11% I 45: +\/- 0.10%<\/td>\n<\/tr>\n<tr>\n<td valign=\"middle\"><b>Wow &amp; flutter<\/b><\/td>\n<td valign=\"middle\">33: +\/- 0.01% I 45: +\/- 0.01%<\/td>\n<\/tr>\n<tr>\n<td valign=\"middle\"><b>Signal to noise<\/b><\/td>\n<td valign=\"middle\">73dB<\/td>\n<\/tr>\n<tr>\n<td valign=\"middle\"><b>Tonearm<\/b><\/td>\n<td valign=\"middle\">10\u201d EVO carbon<\/td>\n<\/tr>\n<tr>\n<td valign=\"middle\"><b>Effective arm length<\/b><\/td>\n<td valign=\"middle\">254 mm<\/td>\n<\/tr>\n<tr>\n<td valign=\"middle\"><b>Effective arm mass<\/b><\/td>\n<td valign=\"middle\">8.5 g<\/td>\n<\/tr>\n<tr>\n<td valign=\"middle\"><b>Overhang<\/b><\/td>\n<td valign=\"middle\">16 mm<\/td>\n<\/tr>\n<tr>\n<td valign=\"middle\"><b>Tracking force<\/b><\/td>\n<td valign=\"middle\">10 &#8211; 35 mN<\/td>\n<\/tr>\n<tr>\n<td valign=\"middle\"><b>Included accessories<\/b><\/td>\n<td valign=\"middle\">15 volts DC \/ 1600 mA power supply<\/td>\n<\/tr>\n<tr>\n<td valign=\"middle\"><b>Power connection<\/b><\/td>\n<td valign=\"middle\">110\/240 Volt &#8211; 50 or 60 Hz<\/td>\n<\/tr>\n<tr>\n<td valign=\"middle\"><b>Power consumption<\/b><\/td>\n<td valign=\"middle\">15 Watts max \/ &lt; 0.3 watt standby<\/td>\n<\/tr>\n<tr>\n<td valign=\"middle\"><b>Dimensions<\/b><\/td>\n<td valign=\"middle\">480 x 210 x 330 mm (WxHxD)<\/td>\n<\/tr>\n<tr>\n<td valign=\"middle\"><b>Weight (Turntable)<\/b><\/td>\n<td valign=\"middle\">22,0 kg net<\/td>\n<\/tr>\n<tr>\n<td valign=\"middle\"><b>Weight (Base)<\/b><\/td>\n<td valign=\"middle\">14,5 kg net<\/td>\n<\/tr>\n<\/tbody>\n<\/table>\n<p><a href=\"https:\/\/www.project-audio.com\/en\/product\/rpm-10-carbon\/\" target=\"_blank\" rel=\"noopener noreferrer\"><span style=\"color: #0000ff;\">Click aqu\u00ed para m\u00e1s informaci\u00f3n del producto.<\/span><\/a><\/p>\n","protected":false},"excerpt":{"rendered":"<ul>\n<li><span style=\"text-decoration: underline;\">N\/c:<\/span> $5,399 ($6,100.87 con IVA)<\/li>\n<li><span style=\"text-decoration: underline;\">Cadenza Red:<\/span> $6,229 ($7,038.77 con IVA)<\/li>\n<\/ul>\n<p>Tornamesa high end con brazo 10\u201d Evo y chasis de mayor peso, que incluye un plato especial MDF para una construcci\u00f3n m\u00e1s s\u00f3lida y precisa. Cuenta con un sistema de tratamiento del calor que, junto a la superficie de carb\u00f3n, contribuye a reducir a\u00fan menos los niveles de resonancia de la tornamesa. Se logra aislar por medio de pies magn\u00e9ticos y el Ground it Carbon incluido, creando as\u00ed un excelente sistema de suspensi\u00f3n. Adem\u00e1s del nuevo plato de aluminio con pulido especial, la tornamesa cuenta con cableado interno de cobre en su brazo de fibra de carb\u00f3n, cuyo dise\u00f1o garantiza un excelente sonido que soporta hasta las pastillas m\u00e1s demandantes. Disponible en color negro.<span class=\"Apple-converted-space\">\u00a0<\/span><\/p>\n","protected":false},"featured_media":2433,"template":"","meta":[],"product_cat":[37],"product_tag":[56,62],"_links":{"self":[{"href":"https:\/\/baflesoviedo.com\/home\/wp-json\/wp\/v2\/product\/2430"}],"collection":[{"href":"https:\/\/baflesoviedo.com\/home\/wp-json\/wp\/v2\/product"}],"about":[{"href":"https:\/\/baflesoviedo.com\/home\/wp-json\/wp\/v2\/types\/product"}],"wp:featuredmedia":[{"embeddable":true,"href":"https:\/\/baflesoviedo.com\/home\/wp-json\/wp\/v2\/media\/2433"}],"wp:attachment":[{"href":"https:\/\/baflesoviedo.com\/home\/wp-json\/wp\/v2\/media?parent=2430"}],"wp:term":[{"taxonomy":"product_cat","embeddable":true,"href":"https:\/\/baflesoviedo.com\/home\/wp-json\/wp\/v2\/product_cat?post=2430"},{"taxonomy":"product_tag","embeddable":true,"href":"https:\/\/baflesoviedo.com\/home\/wp-json\/wp\/v2\/product_tag?post=2430"}],"curies":[{"name":"wp","href":"https:\/\/api.w.org\/{rel}","templated":true}]}}