{"id":2436,"date":"2023-05-11T18:13:50","date_gmt":"2023-05-11T18:13:50","guid":{"rendered":"https:\/\/baflesoviedo.com\/home\/?post_type=product&#038;p=2436"},"modified":"2023-08-28T05:14:09","modified_gmt":"2023-08-28T05:14:09","slug":"pro-ject-the-classic-evo-tornamesa","status":"publish","type":"product","link":"https:\/\/baflesoviedo.com\/home\/product\/pro-ject-the-classic-evo-tornamesa\/","title":{"rendered":"Pro-Ject, The Classic EVO, Tornamesa"},"content":{"rendered":"<table cellspacing=\"0\" cellpadding=\"0\">\n<tbody>\n<tr>\n<td valign=\"middle\"><b>Speed<\/b><\/td>\n<td valign=\"middle\">33, 45, 78 (electronic speed change)<\/td>\n<\/tr>\n<tr>\n<td valign=\"middle\"><b>Drive principle<\/b><\/td>\n<td valign=\"middle\">belt drive<\/td>\n<\/tr>\n<tr>\n<td valign=\"middle\"><b>Platter<\/b><\/td>\n<td valign=\"middle\">300 mm aluminium<\/td>\n<\/tr>\n<tr>\n<td valign=\"middle\"><b>Mains bearing<\/b><\/td>\n<td valign=\"middle\">stainless steel<\/td>\n<\/tr>\n<tr>\n<td valign=\"middle\"><b>Wow &amp; flutter<\/b><\/td>\n<td valign=\"middle\">33: \u00b10.10 % 45: \u00b10.09 %<\/td>\n<\/tr>\n<tr>\n<td valign=\"middle\"><b>Speed variance<\/b><\/td>\n<td valign=\"middle\">33: \u00b10.13 % 45: \u00b10.10 %<\/td>\n<\/tr>\n<tr>\n<td valign=\"middle\"><b>Signal to noise<\/b><\/td>\n<td valign=\"middle\">70dB<\/td>\n<\/tr>\n<tr>\n<td valign=\"middle\"><b>Tonearm<\/b><\/td>\n<td valign=\"middle\">9\u201d carbon\/aluminium sandwich tonearm<\/td>\n<\/tr>\n<tr>\n<td valign=\"middle\"><b>Effective arm length<\/b><\/td>\n<td valign=\"middle\">230 mm<\/td>\n<\/tr>\n<tr>\n<td valign=\"middle\"><b>Effective arm mass<\/b><\/td>\n<td valign=\"middle\">13.5 g<\/td>\n<\/tr>\n<tr>\n<td valign=\"middle\"><b>Overhang<\/b><\/td>\n<td valign=\"middle\">18 mm<\/td>\n<\/tr>\n<tr>\n<td valign=\"middle\"><b>Tracking force<\/b><\/td>\n<td valign=\"middle\">10 &#8211; 30mN<\/td>\n<\/tr>\n<tr>\n<td valign=\"middle\"><b>Included accessories<\/b><\/td>\n<td valign=\"middle\">15 volts DC \/ 0.8A power supply, dust cover<\/td>\n<\/tr>\n<tr>\n<td valign=\"middle\"><b>Power connection<\/b><\/td>\n<td valign=\"middle\">110\/120 or 230\/240 Volt &#8211; 50 or 60 Hz<\/td>\n<\/tr>\n<tr>\n<td valign=\"middle\"><b>Power consumption<\/b><\/td>\n<td valign=\"middle\">5 watt max \/ &lt; 0.5 watt standby<\/td>\n<\/tr>\n<tr>\n<td valign=\"middle\"><b>Dimensions<\/b><\/td>\n<td valign=\"middle\">462 x 131 x 351 mm (WxHxD) lid closed<\/td>\n<\/tr>\n<tr>\n<td valign=\"middle\"><b>Weight<\/b><\/td>\n<td valign=\"middle\">10.5 kg net<\/td>\n<\/tr>\n<\/tbody>\n<\/table>\n<p><a href=\"https:\/\/www.project-audio.com\/en\/product\/the-classic-evo\/\" target=\"_blank\" rel=\"noopener noreferrer\"><span style=\"color: #0000ff;\">Click aqu\u00ed para m\u00e1s informaci\u00f3n del producto.<\/span><\/a><\/p>\n","protected":false},"excerpt":{"rendered":"<p>Tornamesa con sub-chasis y brazo 9\u201d carb\u00f3n-aluminio (para mejorar velocidad y aislamiento interno), basada en en el dise\u00f1o The Classic ganador del EISA Award. Cuenta con un switch de velocidad electr\u00f3nico (para 33 &amp; 45 RPM), y su construcci\u00f3n m\u00e1s s\u00f3lida reduce resonancias. Las mejoras en comparaci\u00f3n al modelo anterior garantizan mejor aislamiento del plato y brazo del motor, en parte gracias a la tecnolog\u00eda TPE del plato de aluminio. Viene equipada con la pastilla Ortofon 2M Silver y est\u00e1 disponible en los colores \u201cwalnut\u201d y \u201ceucalyptus\u201d.<\/p>\n","protected":false},"featured_media":2437,"template":"","meta":[],"product_cat":[37],"product_tag":[56,62],"_links":{"self":[{"href":"https:\/\/baflesoviedo.com\/home\/wp-json\/wp\/v2\/product\/2436"}],"collection":[{"href":"https:\/\/baflesoviedo.com\/home\/wp-json\/wp\/v2\/product"}],"about":[{"href":"https:\/\/baflesoviedo.com\/home\/wp-json\/wp\/v2\/types\/product"}],"wp:featuredmedia":[{"embeddable":true,"href":"https:\/\/baflesoviedo.com\/home\/wp-json\/wp\/v2\/media\/2437"}],"wp:attachment":[{"href":"https:\/\/baflesoviedo.com\/home\/wp-json\/wp\/v2\/media?parent=2436"}],"wp:term":[{"taxonomy":"product_cat","embeddable":true,"href":"https:\/\/baflesoviedo.com\/home\/wp-json\/wp\/v2\/product_cat?post=2436"},{"taxonomy":"product_tag","embeddable":true,"href":"https:\/\/baflesoviedo.com\/home\/wp-json\/wp\/v2\/product_tag?post=2436"}],"curies":[{"name":"wp","href":"https:\/\/api.w.org\/{rel}","templated":true}]}}