{"id":2442,"date":"2023-05-11T18:33:25","date_gmt":"2023-05-11T18:33:25","guid":{"rendered":"https:\/\/baflesoviedo.com\/home\/?post_type=product&#038;p=2442"},"modified":"2023-08-28T05:13:57","modified_gmt":"2023-08-28T05:13:57","slug":"pro-ject-x8-tornamesa","status":"publish","type":"product","link":"https:\/\/baflesoviedo.com\/home\/product\/pro-ject-x8-tornamesa\/","title":{"rendered":"Pro-Ject, X8, Tornamesa"},"content":{"rendered":"<p><b>Speed:\u00a0<\/b>33, 45 (electronic speed change)<\/p>\n<p><b>Drive principle:\u00a0<\/b>belt drive<\/p>\n<p><b>Included phono cable:\u00a0<\/b>Connect it E 5P -&gt; RCA, 1.23m<\/p>\n<p><b>Aluminium feet:\u00a0<\/b>Height adjustable &amp; TPE damped<\/p>\n<p><b>Platter:\u00a0<\/b>massive 5,1 kg lathed aluminium &amp; TPE damped<\/p>\n<p><b>Platter bearing:\u00a0<\/b>inverted with ceramic ball tips and magnetic support<\/p>\n<p><b>Wow &amp; flutter:\u00a0<\/b>33: \u00b10,11%; 45: \u00b1 0,10%<\/p>\n<p><b>Speed drift:\u00a0<\/b>33: \u00b10,11%; 45: \u00b1 0,09%<\/p>\n<p><b>Signal to noise:\u00a0<\/b>73dB<\/p>\n<p><b>Tonearm:\u00a0<\/b>9\u201c one-piece carbon-fibre tonearm<\/p>\n<p><b>Effective arm length \/ mass:\u00a0<\/b>9\u201c (230 mm) \/ 8,5 g<\/p>\n<p><b>Overhang:\u00a0<\/b>18mm<\/p>\n<p><b>Included accessories:\u00a0<\/b>15V DC \/ 0,8A power supply, dust cover, 7\u201c single adapter, felt mat, phono cable<\/p>\n<p><b>Power consumption:\u00a0<\/b>5W \/ 0,3 W standby mode<\/p>\n<p><b>Dimensions lid closed:\u00a0<\/b>465 x 150 x 350 mm (W x H x D)<\/p>\n<p><b>Dimensions lid opened:\u00a0<\/b>465 x 415 x 420 mm (W x H x D)<\/p>\n<p><b>Weight:\u00a0<\/b>15kg<\/p>\n<p><a href=\"https:\/\/www.project-audio.com\/en\/product\/x8\/\" target=\"_blank\" rel=\"noopener noreferrer\"><span style=\"color: #0000ff;\">Click aqu\u00ed para m\u00e1s informaci\u00f3n del producto.<\/span><\/a><\/p>\n","protected":false},"excerpt":{"rendered":"<p>Tornamesa con True Balanced Connection, dise\u00f1ada para ofrecer altas prestaciones a un precio razonable y adoptando varias caracter\u00edsticas de su hermana mayor \u2014la Xtension 9. Esta tornamesa hered\u00f3 el chasis MDF y brazo de carb\u00f3n EVO de algunos modelos de gama m\u00e1s alta, y la tecnolog\u00eda de aislamiento en sus bases requiere de menos mantenimiento que los pies magn\u00e9ticos en otros modelos. Cuenta con un plato de 5.1 kg, amortiguado con TPE y torneado con precisi\u00f3n a partir de un solo bloque de aluminio y finamente equilibrado. Como viene con una alfombrilla de fieltro est\u00e1ndar, es posible experimentar con diferentes materiales de alfombrillas en el futuro. Viene equipada con la pastilla Ortofon Quintet Blue. Disponible en colores negro\/blanco alto-brillo y <i>real wood.<span class=\"Apple-converted-space\">\u00a0<\/span><\/i><\/p>\n","protected":false},"featured_media":2443,"template":"","meta":[],"product_cat":[37],"product_tag":[56,62],"_links":{"self":[{"href":"https:\/\/baflesoviedo.com\/home\/wp-json\/wp\/v2\/product\/2442"}],"collection":[{"href":"https:\/\/baflesoviedo.com\/home\/wp-json\/wp\/v2\/product"}],"about":[{"href":"https:\/\/baflesoviedo.com\/home\/wp-json\/wp\/v2\/types\/product"}],"wp:featuredmedia":[{"embeddable":true,"href":"https:\/\/baflesoviedo.com\/home\/wp-json\/wp\/v2\/media\/2443"}],"wp:attachment":[{"href":"https:\/\/baflesoviedo.com\/home\/wp-json\/wp\/v2\/media?parent=2442"}],"wp:term":[{"taxonomy":"product_cat","embeddable":true,"href":"https:\/\/baflesoviedo.com\/home\/wp-json\/wp\/v2\/product_cat?post=2442"},{"taxonomy":"product_tag","embeddable":true,"href":"https:\/\/baflesoviedo.com\/home\/wp-json\/wp\/v2\/product_tag?post=2442"}],"curies":[{"name":"wp","href":"https:\/\/api.w.org\/{rel}","templated":true}]}}