{"id":2450,"date":"2023-05-11T18:39:58","date_gmt":"2023-05-11T18:39:58","guid":{"rendered":"https:\/\/baflesoviedo.com\/home\/?post_type=product&#038;p=2450"},"modified":"2025-07-16T22:46:33","modified_gmt":"2025-07-16T22:46:33","slug":"pro-ject-xtension-9-evolution-tornamesa","status":"publish","type":"product","link":"https:\/\/baflesoviedo.com\/home\/product\/pro-ject-xtension-9-evolution-tornamesa\/","title":{"rendered":"Pro-Ject, Xtension 9 Evolution, Tornamesa"},"content":{"rendered":"<table cellspacing=\"0\" cellpadding=\"0\">\n<tbody>\n<tr>\n<td valign=\"middle\"><b>Speed<\/b><\/td>\n<td valign=\"middle\">33, 45 (electronic speed change)<\/td>\n<\/tr>\n<tr>\n<td valign=\"middle\"><b>Principle<\/b><\/td>\n<td valign=\"middle\">Belt drive<\/td>\n<\/tr>\n<tr>\n<td valign=\"middle\"><b>Platter<\/b><\/td>\n<td valign=\"middle\">300 mm aluminium (TPE damped)<\/td>\n<\/tr>\n<tr>\n<td valign=\"middle\"><b>Main bearing<\/b><\/td>\n<td valign=\"middle\">Inverted stainless steel with ceramic ball with antimagnetic support<\/td>\n<\/tr>\n<tr>\n<td valign=\"middle\"><b>Wow &amp; flutter<\/b><\/td>\n<td valign=\"middle\">\u00b1 0.10% (max)<\/td>\n<\/tr>\n<tr>\n<td valign=\"middle\"><b>Speed variance<\/b><\/td>\n<td valign=\"middle\">\u00b1 0.09% (max)<\/td>\n<\/tr>\n<tr>\n<td valign=\"middle\"><b>Signal to Noise<\/b><\/td>\n<td valign=\"middle\">73 dB<\/td>\n<\/tr>\n<tr>\n<td valign=\"middle\"><b>Tonearm<\/b><\/td>\n<td valign=\"middle\">9\u201d cc EVO, Carbon<\/td>\n<\/tr>\n<tr>\n<td valign=\"middle\"><b>Effective arm length<\/b><\/td>\n<td valign=\"middle\">230 mm<\/td>\n<\/tr>\n<tr>\n<td valign=\"middle\"><b>Effective tonearmmass<\/b><\/td>\n<td valign=\"middle\">8.5 g<\/td>\n<\/tr>\n<tr>\n<td valign=\"middle\"><b>Overhang<\/b><\/td>\n<td valign=\"middle\">18.0 mm<\/td>\n<\/tr>\n<tr>\n<td valign=\"middle\"><b>Tracking force range<\/b><\/td>\n<td valign=\"middle\">0 &#8211; 25 mN<\/td>\n<\/tr>\n<tr>\n<td valign=\"middle\"><b>Included accessory<\/b><\/td>\n<td valign=\"middle\">Power supply, dust cover<\/td>\n<\/tr>\n<tr>\n<td valign=\"middle\"><b>Power consumption<\/b><\/td>\n<td valign=\"middle\">4 Watts max \/ &lt; 1 Watt standby<\/td>\n<\/tr>\n<tr>\n<td valign=\"middle\"><b>Dimensions<\/b><\/td>\n<td valign=\"middle\">465 x 185 x 350 mm (WxHxD)<\/td>\n<\/tr>\n<tr>\n<td valign=\"middle\"><b>Weight<\/b><\/td>\n<td valign=\"middle\">16.0 kg net<\/td>\n<\/tr>\n<\/tbody>\n<\/table>\n<p><a href=\"https:\/\/www.project-audio.com\/en\/product\/x-tension-9-evolution\/\" target=\"_blank\" rel=\"noopener noreferrer\"><span style=\"color: #0000ff;\">Click aqu\u00ed para m\u00e1s informaci\u00f3n del producto.<\/span><\/a><\/p>\n","protected":false},"excerpt":{"rendered":"<ul>\n<li><span style=\"text-decoration: underline;\">N\/c (acabados standard):<\/span> $3,499 ($3,953.87 con IVA)<\/li>\n<li><span style=\"text-decoration: underline;\">N\/c (acabados especiales):<\/span> $4,099 ($4,631.87 con IVA)<\/li>\n<li><span style=\"text-decoration: underline;\">Pick it DS2 MC (acabados standard):<\/span> $3,799 ($4,292.87 con IVA)<\/li>\n<li><span style=\"text-decoration: underline;\">Pick it DS2 MC (acabados especiales):<\/span> $4,649 ($5,253.37 con IVA)<\/li>\n<\/ul>\n<p>&nbsp;<\/p>\n<p>Tornamesa high-end 33\/45 RPM con brazo 9\u201d evo, dise\u00f1ada para reducir la resonancia y con pies magn\u00e9ticos para mejor aislamiento. Balanceada a precisi\u00f3n, chasis MDF con granulado de metal. Disponible en acabados standard (high gloss red, high gloss black, high gloss white, olivo,\u00a0palisander<i>,\u00a0<\/i>walnut<i>, <\/i>mahogany) o acabados especiales (<i>walnut burl high gloss <\/i>o<i> walnut burl satin<\/i>)<i>.<\/i><\/p>\n","protected":false},"featured_media":2451,"template":"","meta":[],"product_cat":[37],"product_tag":[56,62],"_links":{"self":[{"href":"https:\/\/baflesoviedo.com\/home\/wp-json\/wp\/v2\/product\/2450"}],"collection":[{"href":"https:\/\/baflesoviedo.com\/home\/wp-json\/wp\/v2\/product"}],"about":[{"href":"https:\/\/baflesoviedo.com\/home\/wp-json\/wp\/v2\/types\/product"}],"wp:featuredmedia":[{"embeddable":true,"href":"https:\/\/baflesoviedo.com\/home\/wp-json\/wp\/v2\/media\/2451"}],"wp:attachment":[{"href":"https:\/\/baflesoviedo.com\/home\/wp-json\/wp\/v2\/media?parent=2450"}],"wp:term":[{"taxonomy":"product_cat","embeddable":true,"href":"https:\/\/baflesoviedo.com\/home\/wp-json\/wp\/v2\/product_cat?post=2450"},{"taxonomy":"product_tag","embeddable":true,"href":"https:\/\/baflesoviedo.com\/home\/wp-json\/wp\/v2\/product_tag?post=2450"}],"curies":[{"name":"wp","href":"https:\/\/api.w.org\/{rel}","templated":true}]}}