{"id":2454,"date":"2023-05-11T18:49:54","date_gmt":"2023-05-11T18:49:54","guid":{"rendered":"https:\/\/baflesoviedo.com\/home\/?post_type=product&#038;p=2454"},"modified":"2025-07-16T22:34:31","modified_gmt":"2025-07-16T22:34:31","slug":"pro-ject-xtension-10-evolution-tornamesa","status":"publish","type":"product","link":"https:\/\/baflesoviedo.com\/home\/product\/pro-ject-xtension-10-evolution-tornamesa\/","title":{"rendered":"Pro-Ject, Xtension 10 Evolution, Tornamesa"},"content":{"rendered":"<table cellspacing=\"0\" cellpadding=\"0\">\n<tbody>\n<tr>\n<td valign=\"middle\"><b>Speed<\/b><\/td>\n<td valign=\"middle\">33, 45, 78 (electronic speed change)<\/td>\n<\/tr>\n<tr>\n<td valign=\"middle\"><b>Principle<\/b><\/td>\n<td valign=\"middle\">Belt drive<\/td>\n<\/tr>\n<tr>\n<td valign=\"middle\"><b>Platter<\/b><\/td>\n<td valign=\"middle\">10.3 kg\/300 mm aluminium (TPE damped)<\/td>\n<\/tr>\n<tr>\n<td valign=\"middle\"><b>Main bearing<\/b><\/td>\n<td valign=\"middle\">Inverted stainless steel with ceramic ball with antimagnetic support<\/td>\n<\/tr>\n<tr>\n<td valign=\"middle\"><b>Wow &amp; flutter<\/b><\/td>\n<td valign=\"middle\">\u00b1 0.01% (max)<\/td>\n<\/tr>\n<tr>\n<td valign=\"middle\"><b>Speed variance<\/b><\/td>\n<td valign=\"middle\">\u00b1 0.09% (max)<\/td>\n<\/tr>\n<tr>\n<td valign=\"middle\"><b>Signal to Noise<\/b><\/td>\n<td valign=\"middle\">73 dB<\/td>\n<\/tr>\n<tr>\n<td valign=\"middle\"><b>Tonearm<\/b><\/td>\n<td valign=\"middle\">10\u201d cc EVO, Carbon<\/td>\n<\/tr>\n<tr>\n<td valign=\"middle\"><b>Effective arm length<\/b><\/td>\n<td valign=\"middle\">254 mm<\/td>\n<\/tr>\n<tr>\n<td valign=\"middle\"><b>Effective tonearmmass<\/b><\/td>\n<td valign=\"middle\">8.5 g<\/td>\n<\/tr>\n<tr>\n<td valign=\"middle\"><b>Overhang<\/b><\/td>\n<td valign=\"middle\">16.0 mm<\/td>\n<\/tr>\n<tr>\n<td valign=\"middle\"><b>Tracking force range<\/b><\/td>\n<td valign=\"middle\">10 &#8211; 30 mN<\/td>\n<\/tr>\n<tr>\n<td valign=\"middle\"><b>Cartridge weight range<\/b><\/td>\n<td valign=\"middle\">4 &#8211; 14 g (4 different counterweights included)<\/td>\n<\/tr>\n<tr>\n<td valign=\"middle\"><b>Included accessory<\/b><\/td>\n<td valign=\"middle\">Power supply, dust cover<\/td>\n<\/tr>\n<tr>\n<td valign=\"middle\"><b>Power consumption<\/b><\/td>\n<td valign=\"middle\">2 Watts<\/td>\n<\/tr>\n<tr>\n<td valign=\"middle\"><b>Dimensions<\/b><\/td>\n<td valign=\"middle\">480 x 235 x 400 mm (WxHxD)<\/td>\n<\/tr>\n<tr>\n<td valign=\"middle\"><b>Weight<\/b><\/td>\n<td valign=\"middle\">26 kg net<\/td>\n<\/tr>\n<\/tbody>\n<\/table>\n<p><a href=\"https:\/\/www.project-audio.com\/en\/product\/xtension-10-evolution\/\" target=\"_blank\" rel=\"noopener noreferrer\"><span style=\"color: #0000ff;\">Click aqu\u00ed para m\u00e1s informaci\u00f3n del producto.<\/span><\/a><\/p>\n","protected":false},"excerpt":{"rendered":"<ul>\n<li><span style=\"text-decoration: underline;\">N\/c (acabados standard):<\/span> $4,899 ($5,535.87 con IVA)<\/li>\n<li><span style=\"text-decoration: underline;\">N\/c (acabados especiales):<\/span> $6,299 ($7,117.87 con IVA)<\/li>\n<li><span style=\"text-decoration: underline;\">Cadenza Red (acabados standard):<\/span> $5,999 ($6,778.87 con IVA)<\/li>\n<li><span style=\"text-decoration: underline;\">Cadenza Red (acabados especiales):<\/span> $7,150 ($8,079.5 con IVA)<\/li>\n<\/ul>\n<p>&nbsp;<\/p>\n<p>Tornamesa high-end 33\/45\/78 RPM con brazo 10\u201d de fibra de carb\u00f3n, chasis MDF<span class=\"Apple-converted-space\">\u00a0 <\/span>y pies magn\u00e9ticos. Su plato es silencioso y libre de resonancia. Disponible en acabados standard (high gloss red, high gloss black, high gloss white, olivo,\u00a0palisander<i>,<\/i>walnut<i>, <\/i>mahogany) o acabados especiales (<i>walnut burl high gloss <\/i>o<i> walnut burl satin<\/i>)<i>.<\/i><\/p>\n","protected":false},"featured_media":2455,"template":"","meta":[],"product_cat":[37],"product_tag":[56,62],"_links":{"self":[{"href":"https:\/\/baflesoviedo.com\/home\/wp-json\/wp\/v2\/product\/2454"}],"collection":[{"href":"https:\/\/baflesoviedo.com\/home\/wp-json\/wp\/v2\/product"}],"about":[{"href":"https:\/\/baflesoviedo.com\/home\/wp-json\/wp\/v2\/types\/product"}],"wp:featuredmedia":[{"embeddable":true,"href":"https:\/\/baflesoviedo.com\/home\/wp-json\/wp\/v2\/media\/2455"}],"wp:attachment":[{"href":"https:\/\/baflesoviedo.com\/home\/wp-json\/wp\/v2\/media?parent=2454"}],"wp:term":[{"taxonomy":"product_cat","embeddable":true,"href":"https:\/\/baflesoviedo.com\/home\/wp-json\/wp\/v2\/product_cat?post=2454"},{"taxonomy":"product_tag","embeddable":true,"href":"https:\/\/baflesoviedo.com\/home\/wp-json\/wp\/v2\/product_tag?post=2454"}],"curies":[{"name":"wp","href":"https:\/\/api.w.org\/{rel}","templated":true}]}}