{"id":2464,"date":"2023-05-12T17:21:32","date_gmt":"2023-05-12T17:21:32","guid":{"rendered":"https:\/\/baflesoviedo.com\/home\/?post_type=product&#038;p=2464"},"modified":"2025-07-16T22:53:54","modified_gmt":"2025-07-16T22:53:54","slug":"pro-ject-xtension-12-evolution-tornamesa","status":"publish","type":"product","link":"https:\/\/baflesoviedo.com\/home\/product\/pro-ject-xtension-12-evolution-tornamesa\/","title":{"rendered":"Pro-Ject, Xtension 12 Evolution, Tornamesa"},"content":{"rendered":"<table cellspacing=\"0\" cellpadding=\"0\">\n<tbody>\n<tr>\n<td valign=\"middle\"><b>Speed<\/b><\/td>\n<td valign=\"middle\">33, 45(electronic speed change), 78 (manual speed change)<\/td>\n<\/tr>\n<tr>\n<td valign=\"middle\"><b>Principle<\/b><\/td>\n<td valign=\"middle\">Belt drive<\/td>\n<\/tr>\n<tr>\n<td valign=\"middle\"><b>Platter<\/b><\/td>\n<td valign=\"middle\">300 mm aluminium (10kg heavy, TPE damped)<\/td>\n<\/tr>\n<tr>\n<td valign=\"middle\"><b>Main bearing<\/b><\/td>\n<td valign=\"middle\">Inverted stainless steel with ceramic thrust-pad with antimagnetic support<\/td>\n<\/tr>\n<tr>\n<td valign=\"middle\"><b>Wow &amp; flutter<\/b><\/td>\n<td valign=\"middle\">\u00b1 0.01% (max)<\/td>\n<\/tr>\n<tr>\n<td valign=\"middle\"><b>Speed variance<\/b><\/td>\n<td valign=\"middle\">\u00b1 0.09% (max)<\/td>\n<\/tr>\n<tr>\n<td valign=\"middle\"><b>Signal to Noise<\/b><\/td>\n<td valign=\"middle\">73 dB<\/td>\n<\/tr>\n<tr>\n<td valign=\"middle\"><b>Tracking force range<\/b><\/td>\n<td valign=\"middle\">10 &#8211; 35 mN<\/td>\n<\/tr>\n<tr>\n<td valign=\"middle\"><b>Effective tonearm length<\/b><\/td>\n<td valign=\"middle\">304.8 mm<\/td>\n<\/tr>\n<tr>\n<td valign=\"middle\"><b>Effective tonearm mass<\/b><\/td>\n<td valign=\"middle\">10.5 g<\/td>\n<\/tr>\n<tr>\n<td valign=\"middle\"><b>Overhang<\/b><\/td>\n<td valign=\"middle\">13.2 mm<\/td>\n<\/tr>\n<tr>\n<td valign=\"middle\"><b>Included accessory<\/b><\/td>\n<td valign=\"middle\">Power supply, dust cover<\/td>\n<\/tr>\n<tr>\n<td valign=\"middle\"><b>Power consumption<\/b><\/td>\n<td valign=\"middle\">2 Watts max<\/td>\n<\/tr>\n<tr>\n<td valign=\"middle\"><b>Dimensions<\/b><\/td>\n<td valign=\"middle\">480 x 235 x 400 mm (WxHxD)<\/td>\n<\/tr>\n<tr>\n<td valign=\"middle\"><b>Weight<\/b><\/td>\n<td valign=\"middle\">30 kg net<\/td>\n<\/tr>\n<\/tbody>\n<\/table>\n<p><a href=\"https:\/\/www.project-audio.com\/en\/product\/xtension-12-evolution\/\" target=\"_blank\" rel=\"noopener noreferrer\"><span style=\"color: #0000ff;\">Click aqu\u00ed para m\u00e1s informaci\u00f3n del producto.<\/span><\/a><\/p>\n","protected":false},"excerpt":{"rendered":"<ul>\n<li><span style=\"text-decoration: underline;\">N\/c (acabados standard):<\/span> $5,199 ($5,874.87 con IVA)<\/li>\n<li><span style=\"text-decoration: underline;\">N\/c (acabados especiales):<\/span> $6,799 ($7,682.87 con IVA)<\/li>\n<\/ul>\n<p>&nbsp;<\/p>\n<p>Tornamesa manual high-end. Cuenta con pies magn\u00e9ticos para el aislamiento y un dise\u00f1o que elimina la resonancia natural. La base del brazo es aislada del resto de la tornamesa con una l\u00e1mina de Sorbothane, y el sistema permite adoptar otros brazos. Disponible en acabados standard (olivo, high gloss black, mahogany) y acabados especiales (<i>walnut burl high gloss, walnut burl satin<\/i>)<i>.<\/i><\/p>\n","protected":false},"featured_media":2465,"template":"","meta":[],"product_cat":[37],"product_tag":[56,62],"_links":{"self":[{"href":"https:\/\/baflesoviedo.com\/home\/wp-json\/wp\/v2\/product\/2464"}],"collection":[{"href":"https:\/\/baflesoviedo.com\/home\/wp-json\/wp\/v2\/product"}],"about":[{"href":"https:\/\/baflesoviedo.com\/home\/wp-json\/wp\/v2\/types\/product"}],"wp:featuredmedia":[{"embeddable":true,"href":"https:\/\/baflesoviedo.com\/home\/wp-json\/wp\/v2\/media\/2465"}],"wp:attachment":[{"href":"https:\/\/baflesoviedo.com\/home\/wp-json\/wp\/v2\/media?parent=2464"}],"wp:term":[{"taxonomy":"product_cat","embeddable":true,"href":"https:\/\/baflesoviedo.com\/home\/wp-json\/wp\/v2\/product_cat?post=2464"},{"taxonomy":"product_tag","embeddable":true,"href":"https:\/\/baflesoviedo.com\/home\/wp-json\/wp\/v2\/product_tag?post=2464"}],"curies":[{"name":"wp","href":"https:\/\/api.w.org\/{rel}","templated":true}]}}