{"id":2468,"date":"2023-05-12T17:30:27","date_gmt":"2023-05-12T17:30:27","guid":{"rendered":"https:\/\/baflesoviedo.com\/home\/?post_type=product&#038;p=2468"},"modified":"2025-07-15T08:25:49","modified_gmt":"2025-07-15T08:25:49","slug":"pro-ject-signature-10-tornamesa","status":"publish","type":"product","link":"https:\/\/baflesoviedo.com\/home\/product\/pro-ject-signature-10-tornamesa\/","title":{"rendered":"Pro-Ject, Signature 10, Tornamesa"},"content":{"rendered":"<p><b>Speed:\u00a0<\/b>33, 45 (electronic speed change)<\/p>\n<p><b>Motor control system:\u00a0<\/b>Precision generator<\/p>\n<p><b>Platter:\u00a0<\/b>10.4 kg, TPE damped<\/p>\n<p><b>Platter puck:\u00a0<\/b>405 g<\/p>\n<p><b>Main bearing:\u00a0<\/b>Ceramic (ball\/plate), magnetically decoupled<\/p>\n<p><b>Tonearm:\u00a0<\/b>10\u201d single-pivot, alu with SME headshell<\/p>\n<p><b>Effective arm length:\u00a0<\/b>254.8 mm<\/p>\n<p><b>Overhang:\u00a0<\/b>16 mm<\/p>\n<p><b>Effective arm mass:\u00a0<\/b>15.5 g<\/p>\n<p><b>Suitable cartridge mass:\u00a0<\/b>4 &#8211; 10 g, several counterweights included<\/p>\n<p><b>Tonearm cable included:\u00a0<\/b>Pro-Ject Connect it 5P-CC<\/p>\n<p><b>Power supply:\u00a0<\/b>16 Volts DC\/1600 mA included<\/p>\n<p><b>Standby power consumption:\u00a0<\/b>&lt; 1 Watt<\/p>\n<p><b>Dimensions:\u00a0<\/b>475 x 195 x 354mm (WxHxD)<\/p>\n<p><b>Weight:\u00a0<\/b>23 kg net<\/p>\n<p><a href=\"https:\/\/www.project-audio.com\/en\/product\/signature-10\/\" target=\"_blank\" rel=\"noopener noreferrer\"><span style=\"color: #0000ff;\">Click aqu\u00ed para m\u00e1s informaci\u00f3n del producto.<\/span><\/a><\/p>\n","protected":false},"excerpt":{"rendered":"<ul>\n<li><span style=\"text-decoration: underline;\">N\/c (acabados alto brillo o real wood):<\/span> $7,399 ($8,360.87 con IVA)<\/li>\n<li><span style=\"text-decoration: underline;\">N\/c (acabados especiales):<\/span> $8,499 ($9,603.87 con IVA)<\/li>\n<li><span style=\"text-decoration: underline;\">Cadenza Black (acabados alto brillo o real wood):<\/span> $8,799 ($9,942.87 con IVA)<\/li>\n<li><span style=\"text-decoration: underline;\">Cadenza Black (acabados especiales):<\/span> $9,899 ($11,185.87 con IVA)<\/li>\n<\/ul>\n<p>&nbsp;<\/p>\n<p>Tornamesa high-end 33\/45 RPM con brazo de 10\u201d de aluminio en forma de \u201cS\u201d, que cuenta con un dise\u00f1o no-magn\u00e9tico de baja resonancia. Su plato de aluminio de 10 kg cuenta con aislamiento TPE, mientras que los pies de la base son magn\u00e9ticamente desacoplados para reducir a\u00fan m\u00e1s las interferencias. Viene equipada opcionalmente con la pastilla MC Cadenza Black, para una definici\u00f3n superior y detalle incre\u00edble. Disponible en colores de alto-brillo (blanco, negro), <i>real wood <\/i>(walnut, palisander, mahogany, olive) y <i>special <\/i>(walnut burl high gloss, walnut burl satin).<\/p>\n","protected":false},"featured_media":2469,"template":"","meta":[],"product_cat":[37],"product_tag":[56,62],"_links":{"self":[{"href":"https:\/\/baflesoviedo.com\/home\/wp-json\/wp\/v2\/product\/2468"}],"collection":[{"href":"https:\/\/baflesoviedo.com\/home\/wp-json\/wp\/v2\/product"}],"about":[{"href":"https:\/\/baflesoviedo.com\/home\/wp-json\/wp\/v2\/types\/product"}],"wp:featuredmedia":[{"embeddable":true,"href":"https:\/\/baflesoviedo.com\/home\/wp-json\/wp\/v2\/media\/2469"}],"wp:attachment":[{"href":"https:\/\/baflesoviedo.com\/home\/wp-json\/wp\/v2\/media?parent=2468"}],"wp:term":[{"taxonomy":"product_cat","embeddable":true,"href":"https:\/\/baflesoviedo.com\/home\/wp-json\/wp\/v2\/product_cat?post=2468"},{"taxonomy":"product_tag","embeddable":true,"href":"https:\/\/baflesoviedo.com\/home\/wp-json\/wp\/v2\/product_tag?post=2468"}],"curies":[{"name":"wp","href":"https:\/\/api.w.org\/{rel}","templated":true}]}}