{"id":2496,"date":"2023-05-13T00:20:55","date_gmt":"2023-05-13T00:20:55","guid":{"rendered":"https:\/\/baflesoviedo.com\/home\/?post_type=product&#038;p=2496"},"modified":"2025-12-17T00:47:19","modified_gmt":"2025-12-17T00:47:19","slug":"pro-ject-cd-box-ds3-cd-player","status":"publish","type":"product","link":"https:\/\/baflesoviedo.com\/home\/product\/pro-ject-cd-box-ds3-cd-player\/","title":{"rendered":"Pro-Ject, CD Box DS3, CD Player"},"content":{"rendered":"<p><b>Supports:\u00a0<\/b>Red Book CD-DA<\/p>\n<p><b>Line-level output:\u00a0<\/b>1 pair RCA<\/p>\n<p><b>Digital outputs:\u00a0<\/b>1 x optical TOSlink\u00ae, 1 x co-axial (S\/PDIF)<\/p>\n<p><b>Frequency response:\u00a0<\/b>20Hz &#8211; 20kHz\/ \u00b1 0,15dB<\/p>\n<p><b>Noise floor:\u00a0<\/b>&gt;105dBA \/ 20Hz \u2013 20kHz<\/p>\n<p><b>THD (analog output):\u00a0<\/b>&lt;0,018%<\/p>\n<p><b>THD (digital output):\u00a0<\/b>&lt;0,005%<\/p>\n<p><b>Line Level Output voltage:\u00a0<\/b>2 Vrms \/ 0dBFS<\/p>\n<p><b>D\/A-converter:\u00a0<\/b>PCM1796<\/p>\n<p><b>Power supply:\u00a0<\/b>18V\/1A DC, suitable for your country<\/p>\n<p><b>Power consumption:\u00a0<\/b>300 &#8211; 600mA DC, &lt;0,5W in standby<\/p>\n<p><b>Battery remote control:\u00a0<\/b>1xCR2032 \/ 3V or 1xCR2025 \/ 3V<\/p>\n<p><b>Dimensions WxHxD:\u00a0<\/b>206 x 72 x 194 (200 incl. sockets) mm<\/p>\n<p><b>Weight:\u00a0<\/b>1660 g without power supply<\/p>\n<p><a href=\"https:\/\/www.project-audio.com\/en\/product\/cd-box-ds3\/\" target=\"_blank\" rel=\"noopener noreferrer\"><span style=\"color: #0000ff;\">Click aqu\u00ed para m\u00e1s informaci\u00f3n del producto.<\/span><\/a><\/p>\n","protected":false},"excerpt":{"rendered":"<p>Reproductor de CD high-end, con un chasis r\u00edgido de aluminio y capacitado para un \u201cplayback\u201d con \u201cbit accuracy\u201d de 1:1 (standard del Red Book CDDA). Cuenta con el DAC Texas Instruments PCM1796, y su dise\u00f1o a\u00edsla el motor de vibraciones externas y vibraci\u00f3n alta frecuente del movimiento del l\u00e1ser. Incluye control remoto. Disponible en plateado, <i>silver eucalyptus, <\/i>negro, <i>black walnut.<span class=\"Apple-converted-space\">\u00a0<\/span><\/i><\/p>\n","protected":false},"featured_media":2497,"template":"","meta":[],"product_cat":[19],"product_tag":[189,56],"_links":{"self":[{"href":"https:\/\/baflesoviedo.com\/home\/wp-json\/wp\/v2\/product\/2496"}],"collection":[{"href":"https:\/\/baflesoviedo.com\/home\/wp-json\/wp\/v2\/product"}],"about":[{"href":"https:\/\/baflesoviedo.com\/home\/wp-json\/wp\/v2\/types\/product"}],"wp:featuredmedia":[{"embeddable":true,"href":"https:\/\/baflesoviedo.com\/home\/wp-json\/wp\/v2\/media\/2497"}],"wp:attachment":[{"href":"https:\/\/baflesoviedo.com\/home\/wp-json\/wp\/v2\/media?parent=2496"}],"wp:term":[{"taxonomy":"product_cat","embeddable":true,"href":"https:\/\/baflesoviedo.com\/home\/wp-json\/wp\/v2\/product_cat?post=2496"},{"taxonomy":"product_tag","embeddable":true,"href":"https:\/\/baflesoviedo.com\/home\/wp-json\/wp\/v2\/product_tag?post=2496"}],"curies":[{"name":"wp","href":"https:\/\/api.w.org\/{rel}","templated":true}]}}