{"id":2502,"date":"2023-05-13T00:32:25","date_gmt":"2023-05-13T00:32:25","guid":{"rendered":"https:\/\/baflesoviedo.com\/home\/?post_type=product&#038;p=2502"},"modified":"2025-12-17T00:46:29","modified_gmt":"2025-12-17T00:46:29","slug":"pro-ject-phono-box-s3-b-preamplificador-phono","status":"publish","type":"product","link":"https:\/\/baflesoviedo.com\/home\/product\/pro-ject-phono-box-s3-b-preamplificador-phono\/","title":{"rendered":"Pro-Ject, Phono Box S3 B, Preamplificador Phono"},"content":{"rendered":"<p><b>Input impedance:\u00a0<\/b>10, 50, 100, 1k, 47k ohms<\/p>\n<p><b>Input capacitance:\u00a0<\/b>50, 150, 300, 400 pF<\/p>\n<p><b>Gain (+ 6dB using XLR Out sockets):\u00a0<\/b>40, 45, 60, 65 dB<\/p>\n<p><b>Signal \/ Noise ratio MM (40dB):\u00a0<\/b>103dBV, 110dBV &#8211; &#8216;A&#8217; weighted<\/p>\n<p><b>Signal \/ Noise ratio MC (60dB):\u00a0<\/b>85dBV, 90dBV &#8211; &#8216;A&#8217; weighted<\/p>\n<p><b>THD at 1 kHz:\u00a0<\/b>&lt;0,001% MM, &lt; 0,005% MC<\/p>\n<p><b>THD (20Hz-20kHz):\u00a0<\/b>&lt;0,008% MM, &lt; 0,01% MC<\/p>\n<p><b>RIAA-equalization curve accuracy:\u00a0<\/b>&lt;0,3dB \/ 20Hz &#8211; 20kHz<\/p>\n<p><b>Subsonic filter:\u00a0<\/b>at 20Hz with 18dB\/octave<\/p>\n<p><b>Input:\u00a0<\/b>1x 5-pin mini XLR \/ 1x pair RCA phono sockets<\/p>\n<p><b>Line-level output:\u00a0<\/b>1x pair RCA, 1x pair XLR<\/p>\n<p><b>Power supply DC:\u00a0<\/b>18V\/500mA<\/p>\n<p><b>Power consumption:\u00a0<\/b>18V\/170mA DC, &lt;0.5 W in standby<\/p>\n<p><b>Dimensions:\u00a0<\/b>206 x 55 x 153 (164 with sockets) mm (W x H x D)<\/p>\n<p><b>Weight:\u00a0<\/b>930g without power supply<\/p>\n<p><a href=\"https:\/\/www.project-audio.com\/en\/product\/phono-box-s3-b\/\" target=\"_blank\" rel=\"noopener noreferrer\"><span style=\"color: #0000ff;\">Click aqu\u00ed para m\u00e1s informaci\u00f3n del producto.<\/span><\/a><\/p>\n","protected":false},"excerpt":{"rendered":"<p>Preamplificador Phono entry-level, que ofrece un dise\u00f1o balanceado en una presentaci\u00f3n n\u00edtida y compacta. Cuenta con True Balanced Connection, un chasis de aluminio y acero que contribuye a aislar interferencias externas, y control de ganancia para empatar adecuadamente con las salidas de otras fuentes como reproductores de CD o streamers. Adem\u00e1s, permite conectar dos tornamesas simult\u00e1neamente. Disponible en plateado y en negro.<span class=\"Apple-converted-space\">\u00a0<\/span><\/p>\n","protected":false},"featured_media":2503,"template":"","meta":[],"product_cat":[37,19],"product_tag":[216,56,62],"_links":{"self":[{"href":"https:\/\/baflesoviedo.com\/home\/wp-json\/wp\/v2\/product\/2502"}],"collection":[{"href":"https:\/\/baflesoviedo.com\/home\/wp-json\/wp\/v2\/product"}],"about":[{"href":"https:\/\/baflesoviedo.com\/home\/wp-json\/wp\/v2\/types\/product"}],"wp:featuredmedia":[{"embeddable":true,"href":"https:\/\/baflesoviedo.com\/home\/wp-json\/wp\/v2\/media\/2503"}],"wp:attachment":[{"href":"https:\/\/baflesoviedo.com\/home\/wp-json\/wp\/v2\/media?parent=2502"}],"wp:term":[{"taxonomy":"product_cat","embeddable":true,"href":"https:\/\/baflesoviedo.com\/home\/wp-json\/wp\/v2\/product_cat?post=2502"},{"taxonomy":"product_tag","embeddable":true,"href":"https:\/\/baflesoviedo.com\/home\/wp-json\/wp\/v2\/product_tag?post=2502"}],"curies":[{"name":"wp","href":"https:\/\/api.w.org\/{rel}","templated":true}]}}