{"id":2508,"date":"2023-05-18T17:19:28","date_gmt":"2023-05-18T17:19:28","guid":{"rendered":"https:\/\/baflesoviedo.com\/home\/?post_type=product&#038;p=2508"},"modified":"2023-12-23T16:32:28","modified_gmt":"2023-12-23T16:32:28","slug":"klh-model-three-altavoces-librero","status":"publish","type":"product","link":"https:\/\/baflesoviedo.com\/home\/product\/klh-model-three-altavoces-librero\/","title":{"rendered":"KLH, Model Three, Altavoces Librero"},"content":{"rendered":"<p><b>Especificaciones T\u00e9cnicas:<\/b><\/p>\n<p>&nbsp;<\/p>\n<p><b>Frequency Response: <\/b>46Hz \u2013 20,000Hz +\/- 3dB<br \/>\n<b><\/b><\/p>\n<p><b>Low Frequency Extension:<\/b> -10dB @ 35Hz<\/p>\n<p><b>In-Room Sensitivity:<\/b> 88dB @2.83V \/ 1M<\/p>\n<p><b>Free-field Sensitivity:<\/b> 85dB @ 2.83V \/ 1M<\/p>\n<p><b>Power Handling: <\/b>150 Watts \/ 600 Watts Peak<\/p>\n<p><b>Recommended Power Amplification:<\/b> 30 Watts to 150 Watts Per Channel<\/p>\n<p><b>In-Room Maximum SPL:<\/b> 108dB<\/p>\n<p><b>Impedance: <\/b>6 ohms (3.7 ohm minimum @320 Hz)<\/p>\n<p><b>Horizontal Dispersion:<\/b> 140\u00b0 degrees<\/p>\n<p><b>Features:<\/b> Three-Position Acoustic Balance Control<\/p>\n<p><b>Crossover Frequency: <\/b>1,500Hz (2nd order electro-acoustic)<\/p>\n<p><b>High Frequency Driver:<\/b> 1&#8243; Aluminum Dome with soft rubber suspension<\/p>\n<p><b>Low Frequency Driver:<\/b> 8&#8243; Pulp-Paper Cone with reverse roll suspension Non-resonant die-cast aluminum frame<\/p>\n<p><b>Enclosure Material:<\/b> Structurally Reinforced 3\u20444&#8243; Medium Density Fiberboard<\/p>\n<p><b>Inputs: <\/b>Five-Way Gold-Plated Binding Posts<\/p>\n<p><b>Height:<\/b> 28.25&#8243; (71.8cm) w\/ included riser base 19.0&#8243; (48.2cm) w\/o riser base<\/p>\n<p><b>Width: <\/b>12.25&#8243; (31.1cm)<\/p>\n<p><b>Depth: <\/b>11.5&#8243; (29.2cm) w\/ included riser base 10.5&#8243; (26.7cm) w\/o riser base<\/p>\n<p><b>Weight:<\/b> 29Ibs. (13.2kg) w\/o riser base<\/p>\n<p>36Ibs. (16.4kg) w\/ included riser base<\/p>\n<p><b>Included Accessories: <\/b>8\u00b0 Slant Riser Base<\/p>\n<p><a href=\"https:\/\/klhaudio.eu\/model-three-bookshelf-speaker\/\" target=\"_blank\" rel=\"noopener noreferrer\"><span style=\"color: #0000ff;\">Click aqu\u00ed para m\u00e1s informaci\u00f3n del producto.<\/span><\/a><\/p>\n","protected":false},"excerpt":{"rendered":"<p>Altavoces tipo librero que contin\u00faan la tradici\u00f3n de suspensi\u00f3n ac\u00fastica de KLH, para brindar una experiencia audi\u00f3fila dirigida a aquellos en busca de una soluci\u00f3n elegante. Dise\u00f1ados para un espacio m\u00e1s reducido, pueden ubicarse m\u00e1s cerca de la pared que un altavoz tipo torre promedio, o bien encajar perfectamente en un estante para libros. Adem\u00e1s, KLH se ha preocupado por crear un dise\u00f1o que utiliza menos pl\u00e1stico tanto en la construcci\u00f3n como empaque del producto y, hasta donde ha sido posible, emplea materiales m\u00e1s responsables considerando su compromiso con el medio ambiente. Disponible en acabados English Walnut y West African Mahogany. Incluye bases.<span class=\"Apple-converted-space\">\u00a0<\/span><\/p>\n","protected":false},"featured_media":2509,"template":"","meta":[],"product_cat":[122,17],"product_tag":[31,184,190],"_links":{"self":[{"href":"https:\/\/baflesoviedo.com\/home\/wp-json\/wp\/v2\/product\/2508"}],"collection":[{"href":"https:\/\/baflesoviedo.com\/home\/wp-json\/wp\/v2\/product"}],"about":[{"href":"https:\/\/baflesoviedo.com\/home\/wp-json\/wp\/v2\/types\/product"}],"wp:featuredmedia":[{"embeddable":true,"href":"https:\/\/baflesoviedo.com\/home\/wp-json\/wp\/v2\/media\/2509"}],"wp:attachment":[{"href":"https:\/\/baflesoviedo.com\/home\/wp-json\/wp\/v2\/media?parent=2508"}],"wp:term":[{"taxonomy":"product_cat","embeddable":true,"href":"https:\/\/baflesoviedo.com\/home\/wp-json\/wp\/v2\/product_cat?post=2508"},{"taxonomy":"product_tag","embeddable":true,"href":"https:\/\/baflesoviedo.com\/home\/wp-json\/wp\/v2\/product_tag?post=2508"}],"curies":[{"name":"wp","href":"https:\/\/api.w.org\/{rel}","templated":true}]}}