{"id":251,"date":"2020-04-22T19:36:16","date_gmt":"2020-04-22T19:36:16","guid":{"rendered":"https:\/\/baflesoviedo.com\/home\/?post_type=product&#038;p=251"},"modified":"2024-12-12T00:47:19","modified_gmt":"2024-12-12T00:47:19","slug":"dynaudio-evoke-20-altavoz","status":"publish","type":"product","link":"https:\/\/baflesoviedo.com\/home\/product\/dynaudio-evoke-20-altavoz\/","title":{"rendered":"Dynaudio, Evoke 20, Altavoces Librero"},"content":{"rendered":"<p>&nbsp;<\/p>\n<p><strong>Especificaciones<\/strong><\/p>\n<table style=\"height: 361px;\" width=\"639\">\n<tbody>\n<tr>\n<td width=\"269\">Sensibilidad<\/td>\n<td width=\"175\">86dB (2.83V \/ 1m)<\/td>\n<\/tr>\n<tr>\n<td width=\"269\">Manejo de potencia IEC<\/td>\n<td width=\"175\">180W<\/td>\n<\/tr>\n<tr>\n<td width=\"269\">Impedancia<\/td>\n<td width=\"175\">6 \u03a9<\/td>\n<\/tr>\n<tr>\n<td width=\"269\">Respuesta de frecuencia (\u00b1 3dB)<\/td>\n<td width=\"175\">40Hz \u2013 23kHz<\/td>\n<\/tr>\n<tr>\n<td width=\"269\">Tipo de caja<\/td>\n<td width=\"175\">Reflector de graves con puerto trasero<\/td>\n<\/tr>\n<tr>\n<td width=\"269\">Transversal<\/td>\n<td width=\"175\">2 v\u00edas<\/td>\n<\/tr>\n<tr>\n<td width=\"269\">Frecuencia de crossover<\/td>\n<td width=\"175\">3200Hz<\/td>\n<\/tr>\n<tr>\n<td width=\"269\">Topolog\u00eda de crossover<\/td>\n<td width=\"175\">2do orden<\/td>\n<\/tr>\n<tr>\n<td width=\"269\">Woofer<\/td>\n<td width=\"175\">Cono MSP de 18 cm<\/td>\n<\/tr>\n<tr>\n<td width=\"269\">Tweeter<\/td>\n<td width=\"175\">28mm Cerotar con Hexis<\/td>\n<\/tr>\n<tr>\n<td width=\"269\">Peso<\/td>\n<td width=\"175\">9.9kg \/ 21.8lb<\/td>\n<\/tr>\n<tr>\n<td width=\"269\">Dimensiones (W x H x D)<\/td>\n<td width=\"175\">215x380x307 mm<\/td>\n<\/tr>\n<tr>\n<td width=\"269\"><\/td>\n<td width=\"175\">8.5&#215;15.0x12.1 pulgadas<\/td>\n<\/tr>\n<tr>\n<td width=\"269\">Dimensiones con pies \/ rejilla (W x H x D)<\/td>\n<td width=\"175\">215x380x317 mm<\/td>\n<\/tr>\n<tr>\n<td width=\"269\"><\/td>\n<td width=\"175\">8.5&#215;15.0x12.5 pulgadas<\/td>\n<\/tr>\n<\/tbody>\n<\/table>\n<p><a href=\"https:\/\/www.dynaudio.com\/home-audio\/evoke\/evoke-20\" target=\"_blank\" rel=\"noopener noreferrer\"><span style=\"color: #0000ff;\">Click aqu\u00ed para m\u00e1s informaci\u00f3n del producto<\/span><\/a><\/p>\n","protected":false},"excerpt":{"rendered":"<p>Altavoces de montaje en pie de mayor tama\u00f1o, para cualquier espacio. El driver fue dise\u00f1ado con tecnolog\u00eda m\u00e1s avanzada y adem\u00e1s viene hecho de MSP, para mayor durabilidad y mejor aislamiento. Cuenta con el tweeter Cerotar, basado en la tecnolog\u00eda del Esotar Forty (ganador de reconocimientos) y Esotar3 (utilizados para la serie de gama alta Confidence). Disponible en walnut, blonde, negro o blanco.<\/p>\n","protected":false},"featured_media":4278,"template":"","meta":[],"product_cat":[123,122],"product_tag":[31,58,40],"_links":{"self":[{"href":"https:\/\/baflesoviedo.com\/home\/wp-json\/wp\/v2\/product\/251"}],"collection":[{"href":"https:\/\/baflesoviedo.com\/home\/wp-json\/wp\/v2\/product"}],"about":[{"href":"https:\/\/baflesoviedo.com\/home\/wp-json\/wp\/v2\/types\/product"}],"wp:featuredmedia":[{"embeddable":true,"href":"https:\/\/baflesoviedo.com\/home\/wp-json\/wp\/v2\/media\/4278"}],"wp:attachment":[{"href":"https:\/\/baflesoviedo.com\/home\/wp-json\/wp\/v2\/media?parent=251"}],"wp:term":[{"taxonomy":"product_cat","embeddable":true,"href":"https:\/\/baflesoviedo.com\/home\/wp-json\/wp\/v2\/product_cat?post=251"},{"taxonomy":"product_tag","embeddable":true,"href":"https:\/\/baflesoviedo.com\/home\/wp-json\/wp\/v2\/product_tag?post=251"}],"curies":[{"name":"wp","href":"https:\/\/api.w.org\/{rel}","templated":true}]}}