{"id":2519,"date":"2023-05-20T18:25:08","date_gmt":"2023-05-20T18:25:08","guid":{"rendered":"https:\/\/baflesoviedo.com\/home\/?post_type=product&#038;p=2519"},"modified":"2024-07-12T00:33:16","modified_gmt":"2024-07-12T00:33:16","slug":"klh-model-five-altavoces-torre","status":"publish","type":"product","link":"https:\/\/baflesoviedo.com\/home\/product\/klh-model-five-altavoces-torre\/","title":{"rendered":"KLH, Model Five, Altavoces Torre"},"content":{"rendered":"<p><b>Especificaciones T\u00e9cnicas:<\/b><\/p>\n<p>&nbsp;<\/p>\n<p><b>Frequency Response: <\/b>42Hz \u2013 20,000Hz +\/- 3dB<\/p>\n<p><b>Low Frequency Extension: <\/b>-10dB @ 32Hz<\/p>\n<p><b>In-Room Sensitivity: <\/b>90.5dB @2.83V \/ 1M<\/p>\n<p><b>Free-field Sensitivity: <\/b>87.5dB @ 2.83V \/ 1M<\/p>\n<p><b>Power Handling: <\/b>200 Watts \/ 800 Watts Peak<\/p>\n<p><b>Recommended Power Amplification: <\/b>20 Watts to 200 Watts<\/p>\n<p><b>In-Room Maximum SPL: <\/b>112.3dB<\/p>\n<p><b>Impedance: <\/b>6 ohms (3.5 ohm minimum @140 Hz)<\/p>\n<p><b>Horizontal Dispersion: <\/b>140\u00b0 degrees<\/p>\n<p><b>Features: <\/b>Three-Position Acoustic Balance Control<\/p>\n<p><b>Crossover Frequency: <\/b>MF: 380Hz (2nd order electro-acoustic) HF: 2,850Hz (2nd order electro-acoustic)<\/p>\n<p><b>High Frequency Driver: <\/b>1&#8243; Aluminum Dome with soft rubber suspension PN: 025D53001<\/p>\n<p><b>Mid Frequency Driver: <\/b>4&#8243; Pulp-Paper Cone with reverse roll suspension Non-resonant die-cast aluminum frame<\/p>\n<p><b>PN: <\/b>100M35501<\/p>\n<p><b>Low Frequency Driver: <\/b>10&#8243; Pulp-Paper Cone with reverse roll suspension Non-resonant die-cast aluminum frame<\/p>\n<p><b>PN: <\/b>250W42201<\/p>\n<p><b>Enclosure Material: <\/b>Structurally Reinforced 3\u20444&#8243; Medium Density Fiberboard<\/p>\n<p><b>Inputs: <\/b>Five-Way Gold-Plated Binding Posts<\/p>\n<p><b>Height: <\/b>34.25&#8243; (87.0cm) w\/ included riser base 26.0&#8243; (66cm) w\/o riser base<\/p>\n<p><b>Width: <\/b>13.75&#8243; (35.0cm)<\/p>\n<p><b>Depth: <\/b>13.0Z&#8221; (33.0cm) w\/ included riser base 11.5&#8243; (29.2cm) w\/o riser base<\/p>\n<p><b>Weight: <\/b>44Ibs. (20.0kg) w\/o riser base<\/p>\n<p>52Ibs. (23.6kg) w\/ included riser base<\/p>\n<p><b>Included Accessories: <\/b>5\u00b0 Slant Riser Base<\/p>\n<p><a href=\"https\u2026\" rel=\"noopener noreferrer\"><span style=\"color: #0000ff;\">Click aqu\u00ed para m\u00e1s informaci\u00f3n del producto.<\/span><\/a><\/p>\n","protected":false},"excerpt":{"rendered":"<p>Altavoces tipo torre, con un sistema de suspensi\u00f3n ac\u00fastica que permite al diafragma del woofer moverse de manera m\u00e1s lineal \u2014un sonido con mayor textura, menos distorsi\u00f3n, gran precisi\u00f3n y mejor respuesta de bajos. Model Five tiene un dise\u00f1o que le permite dedicarse a las frecuencias medias por aparte, lo cual resulta en gran claridad vocal e instrumental, con menos distorsi\u00f3n. Adem\u00e1s, KLH se ha preocupado por crear un dise\u00f1o que utiliza menos pl\u00e1stico tanto en la construcci\u00f3n como empaque del producto y, hasta donde ha sido posible, emplea materiales m\u00e1s responsables considerando su compromiso con el medio ambiente. Disponible en acabados West African Mahogany, English Walnut y Black Noir.<span class=\"Apple-converted-space\">\u00a0<\/span><\/p>\n","protected":false},"featured_media":2520,"template":"","meta":[],"product_cat":[121],"product_tag":[31,191,190],"_links":{"self":[{"href":"https:\/\/baflesoviedo.com\/home\/wp-json\/wp\/v2\/product\/2519"}],"collection":[{"href":"https:\/\/baflesoviedo.com\/home\/wp-json\/wp\/v2\/product"}],"about":[{"href":"https:\/\/baflesoviedo.com\/home\/wp-json\/wp\/v2\/types\/product"}],"wp:featuredmedia":[{"embeddable":true,"href":"https:\/\/baflesoviedo.com\/home\/wp-json\/wp\/v2\/media\/2520"}],"wp:attachment":[{"href":"https:\/\/baflesoviedo.com\/home\/wp-json\/wp\/v2\/media?parent=2519"}],"wp:term":[{"taxonomy":"product_cat","embeddable":true,"href":"https:\/\/baflesoviedo.com\/home\/wp-json\/wp\/v2\/product_cat?post=2519"},{"taxonomy":"product_tag","embeddable":true,"href":"https:\/\/baflesoviedo.com\/home\/wp-json\/wp\/v2\/product_tag?post=2519"}],"curies":[{"name":"wp","href":"https:\/\/api.w.org\/{rel}","templated":true}]}}