{"id":2528,"date":"2023-05-22T18:54:49","date_gmt":"2023-05-22T18:54:49","guid":{"rendered":"https:\/\/baflesoviedo.com\/home\/?post_type=product&#038;p=2528"},"modified":"2024-05-22T21:46:56","modified_gmt":"2024-05-22T21:46:56","slug":"mcintosh-ml1-mk-ii-altavoces","status":"publish","type":"product","link":"https:\/\/baflesoviedo.com\/home\/product\/mcintosh-ml1-mk-ii-altavoces\/","title":{"rendered":"McIntosh, ML1 Mk II, Altavoces"},"content":{"rendered":"<p><b>Especificaciones T\u00e9cnicas<\/b><\/p>\n<p>&nbsp;<\/p>\n<p><b>Impedance Nominal: <\/b>8 Ohms<b><br \/>\n<\/b><\/p>\n<p><b>Power Rating: <\/b>75 &#8211; 600 Watts<\/p>\n<p><b>Frequency Response: <\/b>27Hz &#8211; 45kHz<\/p>\n<p><b>Sound Pressure Level, 2.8V\/1m: <\/b>85dB<\/p>\n<p><b>Crossover: <\/b>180Hz, 500Hz, 4.5kHz<\/p>\n<p><b>Number of Woofers: <\/b>1<\/p>\n<p><b>Woofer Size:<\/b>12\u201d<\/p>\n<p><b>Woofer Type:<\/b> Polypropylene cone and dust cap with synthetic rubber suspension<\/p>\n<p><b>Low Frequency (midrange): <\/b>2<\/p>\n<p><b>Upper Frequency (midrange):<\/b> 1<\/p>\n<p><b>Low Frequency (midrange size): <\/b>4\u201d<\/p>\n<p><b>Upper Frequency (midrange size):<\/b> 2&#8243;<br \/>\n<b><\/b><\/p>\n<p><b>Low Frequency (midrange type):<\/b> Polypropylene cones and dust caps with synthetic rubber suspension<\/p>\n<p><b>Upper Frequency (midrange type):<\/b> Soft Dome<\/p>\n<p><b>Number of Tweeters:<\/b> 1<\/p>\n<p><b>Tweeter Size: <\/b>3\/4\u201d<\/p>\n<p><b>Tweeter Type: <\/b>Titanium Dome<\/p>\n<p><b>System Type: <\/b>Sealed 4-Way<\/p>\n<p><b>Grille: <\/b>Black knit cloth, magnetically attached<\/p>\n<p><b>Available Finishes: <\/b>American Walnut solid woods and veneers with a satin finish<\/p>\n<p><b>Unit Dimensions (W x H x D): <\/b>15&#8243; (38.1cm) x 42-1\/8&#8243; (107cm) x 13-3\/8&#8243; (34cm)<\/p>\n<p><b>Unit Weight: <\/b>62 lbs (28.1 kg)<\/p>\n<p><b>Shipping Weight: <\/b>71 lbs (32.2 kg)<\/p>\n<p><a href=\"https:\/\/www.mcintoshlabs.com\/products\/new-products\/ML1\" target=\"_blank\" rel=\"noopener noreferrer\"><span style=\"color: #0000ff;\">Click aqu\u00ed para m\u00e1s informaci\u00f3n del producto.<\/span><\/a><\/p>\n","protected":false},"excerpt":{"rendered":"<p>Nuevos altavoces inspirados en el legendario ML1 \u2014el primer altavoz McIntosh, introducido en 1970. El nuevo Mk II soporta una carga de 600 Watts, tiene una respuesta de bajos profunda gracias a su woofer de 12\u201d con tecnolog\u00eda LD\/HP, y est\u00e1 fabricado de American Walnut. Su dise\u00f1o re-imaginado permiti\u00f3 ubicar los medios y tweeter m\u00e1s cerca de s\u00ed para lograr un sonido m\u00e1s uniforme y eliminar problemas de imagen, al ubicar los altavoces en un espacio m\u00e1s reducido. Fuertes bases internas garantizan tambi\u00e9n la reducci\u00f3n de vibraciones en las unidades de frecuencias altas, que podr\u00edan afectar el sonido. Adem\u00e1s, el sistema de crossover fue redise\u00f1ado para mejor desempe\u00f1o y mayor durabilidad, separando los circuitos de frecuencias altas y bajas y permitiendo tanto bi-wiring como bi-amping, seg\u00fan preferencia.<\/p>\n","protected":false},"featured_media":2529,"template":"","meta":[],"product_cat":[121,18],"product_tag":[31,191,29],"_links":{"self":[{"href":"https:\/\/baflesoviedo.com\/home\/wp-json\/wp\/v2\/product\/2528"}],"collection":[{"href":"https:\/\/baflesoviedo.com\/home\/wp-json\/wp\/v2\/product"}],"about":[{"href":"https:\/\/baflesoviedo.com\/home\/wp-json\/wp\/v2\/types\/product"}],"wp:featuredmedia":[{"embeddable":true,"href":"https:\/\/baflesoviedo.com\/home\/wp-json\/wp\/v2\/media\/2529"}],"wp:attachment":[{"href":"https:\/\/baflesoviedo.com\/home\/wp-json\/wp\/v2\/media?parent=2528"}],"wp:term":[{"taxonomy":"product_cat","embeddable":true,"href":"https:\/\/baflesoviedo.com\/home\/wp-json\/wp\/v2\/product_cat?post=2528"},{"taxonomy":"product_tag","embeddable":true,"href":"https:\/\/baflesoviedo.com\/home\/wp-json\/wp\/v2\/product_tag?post=2528"}],"curies":[{"name":"wp","href":"https:\/\/api.w.org\/{rel}","templated":true}]}}