{"id":2557,"date":"2023-06-04T22:15:39","date_gmt":"2023-06-04T22:15:39","guid":{"rendered":"https:\/\/baflesoviedo.com\/home\/?post_type=product&#038;p=2557"},"modified":"2024-03-07T04:28:32","modified_gmt":"2024-03-07T04:28:32","slug":"cambridge-audio-evo-s-altavoz-librero","status":"publish","type":"product","link":"https:\/\/baflesoviedo.com\/home\/product\/cambridge-audio-evo-s-altavoz-librero\/","title":{"rendered":"Cambridge Audio, EVO S, Altavoz Librero"},"content":{"rendered":"<p><b>Especificaciones T\u00e9cnicas:<\/b><\/p>\n<p><b>SENSITIVITY: <\/b>88dB<\/p>\n<p><b>FREQUENCY RESPONSE: <\/b>50Hz &#8211; 40 kHz<\/p>\n<p><b>IMPEDANCE: <\/b>8 Ohms<\/p>\n<p><b>RECOMMENDED AMPLIFIER POWER: <\/b>25-200 watts<\/p>\n<p><b>DRIVERS: <\/b>Tweeter: 1 x 25mm (1&#8243;) silk dome tweeter\u00a0\u00a0 \u00a0Mid\/Bass: 1 x 165mm (6.5&#8243;) anodized aluminum cone<\/p>\n<p><b>CROSSOVER: <\/b>2 way<\/p>\n<p><b>PORTED: <\/b>1 rear ported<\/p>\n<p><b>COLOUR: <\/b>Black<\/p>\n<p><b>DIMENSIONS (W X H X D): <\/b>200 x 284 x 216mm<\/p>\n<p><b>WEIGHT: <\/b>7.1 kg<\/p>\n<p><b>WHAT&#8217;S IN THE BOX: <\/b>Evo S Speaker x 2, Magnetic Speaker Grille x 2, Bass Plug x 2, 3m Speaker Cable x 2 (terminated), Quick Start Guide<\/p>\n<p><a href=\"https:\/\/www.cambridgeaudio.com\/usa\/en\/products\/evo\/evo-s\" target=\"_blank\" rel=\"noopener noreferrer\"><span style=\"color: #0000ff;\">Click aqu\u00ed para m\u00e1s informaci\u00f3n del producto.<\/span><\/a><\/p>\n","protected":false},"excerpt":{"rendered":"<p>Altavoces tipo librero, parte de la serie EVO. Ofrece una experiencia full-range con su sistema de tweeter de c\u00fapula, mid-bass driver de aluminio anodizado y puerto trasero de bajos. Cuenta con terminales de alta calidad con un cable para altavoces incluido.<\/p>\n","protected":false},"featured_media":2558,"template":"","meta":[],"product_cat":[122,17],"product_tag":[31,184,52],"_links":{"self":[{"href":"https:\/\/baflesoviedo.com\/home\/wp-json\/wp\/v2\/product\/2557"}],"collection":[{"href":"https:\/\/baflesoviedo.com\/home\/wp-json\/wp\/v2\/product"}],"about":[{"href":"https:\/\/baflesoviedo.com\/home\/wp-json\/wp\/v2\/types\/product"}],"wp:featuredmedia":[{"embeddable":true,"href":"https:\/\/baflesoviedo.com\/home\/wp-json\/wp\/v2\/media\/2558"}],"wp:attachment":[{"href":"https:\/\/baflesoviedo.com\/home\/wp-json\/wp\/v2\/media?parent=2557"}],"wp:term":[{"taxonomy":"product_cat","embeddable":true,"href":"https:\/\/baflesoviedo.com\/home\/wp-json\/wp\/v2\/product_cat?post=2557"},{"taxonomy":"product_tag","embeddable":true,"href":"https:\/\/baflesoviedo.com\/home\/wp-json\/wp\/v2\/product_tag?post=2557"}],"curies":[{"name":"wp","href":"https:\/\/api.w.org\/{rel}","templated":true}]}}