{"id":2659,"date":"2023-06-17T02:22:01","date_gmt":"2023-06-17T02:22:01","guid":{"rendered":"https:\/\/baflesoviedo.com\/home\/?post_type=product&#038;p=2659"},"modified":"2025-08-12T23:26:14","modified_gmt":"2025-08-12T23:26:14","slug":"mcintosh-mht300-home-theatre-receiver","status":"publish","type":"product","link":"https:\/\/baflesoviedo.com\/home\/product\/mcintosh-mht300-home-theatre-receiver\/","title":{"rendered":"McIntosh, MHT300, Home Theater Receiver"},"content":{"rendered":"<p><b>Especificaciones T\u00e9cnicas:<\/b><\/p>\n<p>&nbsp;<\/p>\n<p><b>Multi-Channel Outputs Balanced<br \/>\n<\/b>0<b><br \/>\n<\/b><\/p>\n<p><b>Multi-Channel Inputs Unbalanced<\/b><br \/>\n0<\/p>\n<p><b>Multi-Channel Outputs Unbalanced<\/b><br \/>\n11.2<\/p>\n<p><b>Stereo Inputs Balanced<\/b><br \/>\n0<\/p>\n<p><b>Stereo Inputs Unbalanced<\/b><br \/>\n0<\/p>\n<p><b>Stereo Outputs Unbalanced<\/b><br \/>\n0<\/p>\n<p><b>Digital Coaxial Input<\/b><br \/>\n2<\/p>\n<p><b>Digital Coaxial Output<\/b><br \/>\n0<\/p>\n<p><b>Digital Optical Input<\/b><br \/>\n2<\/p>\n<p><b>AES\/EBU Balanced Input<\/b><br \/>\n0<\/p>\n<p><b>HDMI Input<\/b><br \/>\n4<\/p>\n<p><b>HDMI Output<\/b><br \/>\n1<\/p>\n<p><b>USB<\/b><br \/>\n1 Type A<\/p>\n<p><b>Component Input<\/b><br \/>\n0<\/p>\n<p><b>Component Output<\/b><br \/>\n0<\/p>\n<p><b>Composite Input<\/b><br \/>\n0<\/p>\n<p><b>Composite Output<\/b><br \/>\n0<\/p>\n<p><b>Subwoofer 2 Output<\/b><br \/>\nYes<\/p>\n<p><b>Network Connection<\/b><br \/>\n1<\/p>\n<p><b>Max # of audio channels in Zone A<\/b><br \/>\n11.2<\/p>\n<p><b>Additional Zone Outputs<\/b><br \/>\n0<\/p>\n<p><b>Advanced Connections<\/b><br \/>\nEthernet Web interface and firmware update, IP-based control<\/p>\n<p><b>HDMI FEATURES<\/b><\/p>\n<p><b>Resolution and Refresh Rates<\/b><br \/>\n8K\/60Hz and 4K\/120Hz<\/p>\n<p><b>HDCP<\/b><br \/>\n2.3<\/p>\n<p><b>4:4:4 Color<\/b><br \/>\nYes<\/p>\n<p><b>Rec. 2020 (BT.2020)<\/b><br \/>\nYes<\/p>\n<p><b>3D video pass-through<\/b><br \/>\nYes<\/p>\n<p><b>Dynamic Lip-sync<\/b><br \/>\nNo<\/p>\n<p><b>ARC<\/b><br \/>\nYes<\/p>\n<p><b>eARC<\/b><br \/>\nYes<\/p>\n<p><b>Video Scaling<\/b><br \/>\nNo<\/p>\n<p><b>High Dynamic Range (HDR)<\/b><br \/>\nDolby Vision, HDR10+ and HLG<\/p>\n<p><b>Quick Media Switching (QMS)<\/b><br \/>\nNo<\/p>\n<p><b>Auto Low Latency Mode (ALLM)<\/b><br \/>\nNo<\/p>\n<p><b>Quick Frame Transport (QFT)<\/b><br \/>\nNo<\/p>\n<p><b>Variable Refresh Rate (VRR)<\/b><br \/>\nNo<\/p>\n<p><b>PROCESSING<\/b><\/p>\n<p><b>Total Harmonic Distortion (DSP Bypass)<\/b><br \/>\n0.05%<\/p>\n<p><b>Dolby Processing<\/b><br \/>\nDolby Atmos, Dolby Surround Upmixer<\/p>\n<p><b>DTS Processing<\/b><br \/>\nDTS-X, Neural:X Surround Upmixer<\/p>\n<p><b>Auro Processing<\/b><br \/>\nNo<\/p>\n<p><b>Pure Stereo DSP Bypass Mode<\/b><br \/>\nNo<\/p>\n<p><b>MPEG-H Audio<\/b><br \/>\nNo<\/p>\n<p><b>360 Reality Audio<\/b><br \/>\nNo<\/p>\n<p><b>IMAX Enhanced<\/b><br \/>\nNo<\/p>\n<p><b>Room Correction<\/b><br \/>\nDirac Live<\/p>\n<p><b>ELECTRONIC SPECIFICATIONS<\/b><\/p>\n<p><b>Power Output per Channel<\/b><br \/>\n150 Watts into 4 Ohms with ALL Channels Driven<\/p>\n<p>120 Watts into 8 Ohms with ALL Channels Driven<\/p>\n<p><b>Number of Channels<\/b><br \/>\n7.2 (expandable to 7.2.4)<\/p>\n<p><b>Total Harmonic Distortion<\/b><br \/>\n0.05%<\/p>\n<p><b>S\/N below rated output<\/b><br \/>\n85dB (95dB below rated output)<\/p>\n<p><b>Dynamic Headroom<\/b><br \/>\n4dB<\/p>\n<p><b>Damping Factor<\/b><br \/>\n8 Ohms: &gt;100<\/p>\n<p>4 Ohms: &gt;50<\/p>\n<p><b>Rated Power Band<\/b><br \/>\n20Hz to 20kHz<\/p>\n<p><b>Frequency Response<\/b><br \/>\n+0, -0.5dB from 20Hz to 20kHz<\/p>\n<p><b>CONTROL<\/b><\/p>\n<p><b>Third Party Control<\/b><br \/>\nRS232, Web IP, IR Input<\/p>\n<p><b>Tone Controls<\/b><br \/>\nBass and Treble<\/p>\n<p><b>OSD Overlay on HDMI Output<\/b><br \/>\nVolume Only<\/p>\n<p><b>Input-Output Format Indicators<\/b><br \/>\n0<\/p>\n<p><b>Control of McIntosh Sources<\/b><br \/>\nYes, by handheld remote, 1 Data Out, 2 Power Control Trigger jacks<\/p>\n<p><b>GENERAL SPECIFICATIONS<\/b><\/p>\n<p><b>Channel Formats<\/b><br \/>\n7.2 (5.2.2), 7.1, 5.1, Stereo (expandable to 7.2.4)<\/p>\n<p><b>Microphone and stand included<\/b><br \/>\nYes<\/p>\n<p><b>Network Features<\/b><br \/>\nEthernet Setup<\/p>\n<p><b>Unique Crossover Frequency, Each Speaker<\/b><br \/>\nYes<\/p>\n<p><b>Special Features<\/b><br \/>\nFM Tuner<\/p>\n<p><b>Circuit Configuration<\/b><br \/>\nClosed loop digital switching<\/p>\n<p><b>Circuit Design<\/b><br \/>\nDigital<\/p>\n<p><b>Output Type<\/b><br \/>\nDirect Coupled<\/p>\n<p><b>BTU Rating<\/b><br \/>\n1000 BTU\/h<\/p>\n<p><b>WEIGHTS &amp; DIMENSIONS<\/b><\/p>\n<p><b>Unit Dimensions (W x H x D)<\/b><br \/>\n17-1\/2&#8243; (44.45cm) x 6-3\/16&#8243; (15.7cm) x 20&#8243; (50.8cm)<\/p>\n<p><b>Unit Weight<\/b><br \/>\n27 lbs (12.2 kg)<\/p>\n<p><b>Shipping Weight<\/b><br \/>\n43.5 lbs (19.7 kg)<\/p>\n<p><a href=\"https:\/\/www.mcintoshlabs.com\/products\/home-theater-processors\/MHT300\" target=\"_blank\" rel=\"noopener noreferrer\"><span style=\"color: #0000ff;\">Click aqu\u00ed para m\u00e1s informaci\u00f3n del producto.<\/span><\/a><\/p>\n","protected":false},"excerpt":{"rendered":"<p>Receptor para home theatre con 150 Watts por canal, que aumentar\u00e1 tu conexi\u00f3n emocional con lo que est\u00e9s viendo. Cuenta con soporte para video a 8K\/60Hz y 4K\/120Hz, adem\u00e1s de los formatos para cine en casa Dolby Atmos y DTS:X. Viene con la posibilidad de expandir tu sala de cine al conectar m\u00e1s amplificadores externos, y potenciarlos mediante las salidas Height 1 y Height 2. Adem\u00e1s, incluye el sistema Dirac Live para optimizar el sistema de sonido y reducir efectos no-deseados introducidos por el espacio.<span class=\"Apple-converted-space\">\u00a0<\/span><\/p>\n","protected":false},"featured_media":2660,"template":"","meta":[],"product_cat":[20],"product_tag":[195,29,109],"_links":{"self":[{"href":"https:\/\/baflesoviedo.com\/home\/wp-json\/wp\/v2\/product\/2659"}],"collection":[{"href":"https:\/\/baflesoviedo.com\/home\/wp-json\/wp\/v2\/product"}],"about":[{"href":"https:\/\/baflesoviedo.com\/home\/wp-json\/wp\/v2\/types\/product"}],"wp:featuredmedia":[{"embeddable":true,"href":"https:\/\/baflesoviedo.com\/home\/wp-json\/wp\/v2\/media\/2660"}],"wp:attachment":[{"href":"https:\/\/baflesoviedo.com\/home\/wp-json\/wp\/v2\/media?parent=2659"}],"wp:term":[{"taxonomy":"product_cat","embeddable":true,"href":"https:\/\/baflesoviedo.com\/home\/wp-json\/wp\/v2\/product_cat?post=2659"},{"taxonomy":"product_tag","embeddable":true,"href":"https:\/\/baflesoviedo.com\/home\/wp-json\/wp\/v2\/product_tag?post=2659"}],"curies":[{"name":"wp","href":"https:\/\/api.w.org\/{rel}","templated":true}]}}