{"id":2666,"date":"2023-06-17T03:08:06","date_gmt":"2023-06-17T03:08:06","guid":{"rendered":"https:\/\/baflesoviedo.com\/home\/?post_type=product&#038;p=2666"},"modified":"2023-08-28T05:07:42","modified_gmt":"2023-08-28T05:07:42","slug":"dynaudio-special-forty-altavoz-librero","status":"publish","type":"product","link":"https:\/\/baflesoviedo.com\/home\/product\/dynaudio-special-forty-altavoz-librero\/","title":{"rendered":"Dynaudio, Special Forty, Altavoz Librero"},"content":{"rendered":"<p><b>Especificaciones T\u00e9cnicas:<\/b><\/p>\n<p><b>Status<\/b><br \/>\nCurrent<\/p>\n<p><b>Segment<\/b><br \/>\nHome<\/p>\n<p><b>Range<\/b><br \/>\nEditions<\/p>\n<p><b>Type<\/b><br \/>\nBookshelf<\/p>\n<p><b>Sensitivity (dB @ 2.83V\/1m)<\/b><br \/>\n86<\/p>\n<p><b>Lower Cutoff (Hz @ +\/- 3 dB)<\/b><br \/>\n41<\/p>\n<p><b>Upper Cutoff (kHz @ +\/- 3 dB)<\/b><br \/>\n23<\/p>\n<p><b>Box Principle<\/b><br \/>\nBass reflex rear ported<\/p>\n<p><b>Crossover<\/b><br \/>\n2-way<\/p>\n<p><b>Crossover Frequency (Hz)<\/b><br \/>\n2000 Hz<\/p>\n<p><b>Crossover Topology<\/b><br \/>\n1st order<\/p>\n<p><b>Tweeter<\/b><br \/>\n28 mm Esotar Forty<\/p>\n<p><b>Midrange\/Woofer<\/b><br \/>\n17 cm MSP<\/p>\n<p><b>Weight kg<\/b><br \/>\n8,1<\/p>\n<p><b>Weight lbs<\/b><br \/>\n17 7\/8<\/p>\n<p><b>Width mm<\/b><br \/>\n198<\/p>\n<p><b>Height mm<\/b><br \/>\n360<\/p>\n<p><b>Depth mm <\/b><br \/>\n307<\/p>\n<p><b>Width inches<\/b><br \/>\n7 6\/8<\/p>\n<p><b>Height inches<\/b><br \/>\n14 1\/8<\/p>\n<p><b>Depth inches<\/b><br \/>\n12 1\/8<\/p>\n<p><b>Width mm incl. feet\/grill<\/b><br \/>\n198<\/p>\n<p><b>Height mm incl. feet\/grill<\/b><br \/>\n360<\/p>\n<p><b>Depth mm incl. feet\/grill<\/b><br \/>\n322<\/p>\n<p><b>Width inches incl. feet\/grill<\/b><br \/>\n7 6\/8<\/p>\n<p><b>Height inches incl. feet\/grill<\/b><br \/>\n14 1\/8<\/p>\n<p><b>Depth inches incl. feet\/grill<\/b><br \/>\n12 5\/8<\/p>\n<p><b>Grille<\/b><br \/>\nBlack<\/p>\n<p><a href=\"https:\/\/dynaudio.com\/home-audio\/special-forty\/special-forty\" target=\"_blank\" rel=\"noopener noreferrer\"><span style=\"color: #0000ff;\">Click aqu\u00ed para m\u00e1s informaci\u00f3n del producto.<\/span><\/a><\/p>\n","protected":false},"excerpt":{"rendered":"<p>Como parte de la serie Anniversary, el Special Forty celebra los 40 a\u00f1os de experiencia de Dynaudio y la presenta en un dise\u00f1o moderno que emplea las reconocidas t\u00e9cnicas y tecnolog\u00edas de la marca. El crossover permite que cada driver se dedique a frecuencias espec\u00edficas para as\u00ed lograr el mejor desempe\u00f1o, y su construcci\u00f3n en MSP asegura un aislamiento superior y mejor estabilidad para una reproducci\u00f3n musical mucho m\u00e1s precisa. Disponible en black vine o ebony wave.<\/p>\n","protected":false},"featured_media":2667,"template":"","meta":[],"product_cat":[123,122,17],"product_tag":[31,184,58],"_links":{"self":[{"href":"https:\/\/baflesoviedo.com\/home\/wp-json\/wp\/v2\/product\/2666"}],"collection":[{"href":"https:\/\/baflesoviedo.com\/home\/wp-json\/wp\/v2\/product"}],"about":[{"href":"https:\/\/baflesoviedo.com\/home\/wp-json\/wp\/v2\/types\/product"}],"wp:featuredmedia":[{"embeddable":true,"href":"https:\/\/baflesoviedo.com\/home\/wp-json\/wp\/v2\/media\/2667"}],"wp:attachment":[{"href":"https:\/\/baflesoviedo.com\/home\/wp-json\/wp\/v2\/media?parent=2666"}],"wp:term":[{"taxonomy":"product_cat","embeddable":true,"href":"https:\/\/baflesoviedo.com\/home\/wp-json\/wp\/v2\/product_cat?post=2666"},{"taxonomy":"product_tag","embeddable":true,"href":"https:\/\/baflesoviedo.com\/home\/wp-json\/wp\/v2\/product_tag?post=2666"}],"curies":[{"name":"wp","href":"https:\/\/api.w.org\/{rel}","templated":true}]}}