{"id":2762,"date":"2023-07-15T18:57:57","date_gmt":"2023-07-15T18:57:57","guid":{"rendered":"https:\/\/baflesoviedo.com\/home\/?post_type=product&#038;p=2762"},"modified":"2024-05-22T21:45:45","modified_gmt":"2024-05-22T21:45:45","slug":"klh-kendall-2f-altavoz-torre","status":"publish","type":"product","link":"https:\/\/baflesoviedo.com\/home\/product\/klh-kendall-2f-altavoz-torre\/","title":{"rendered":"KLH, Kendall 2F, Altavoces Torre"},"content":{"rendered":"<div class=\"page\" title=\"Page 4\">\n<div class=\"section\">\n<div class=\"layoutArea\">\n<div class=\"column\">\n<p><strong>Especificaciones T\u00e9cnicas:<\/strong><\/p>\n<\/div>\n<\/div>\n<div class=\"layoutArea\">\n<p>ENCLOSURE<br \/>\n3-Way, Bass-Reflex<\/p>\n<p>POWER HANDLING<br \/>\n250 Watts.<\/p>\n<p>PEAK POWER HANDLING<br \/>\n1,000 Watts<\/p>\n<p>FREQUENCY RESPONSE<br \/>\n36Hz-20kHz.+\/-3dB<\/p>\n<p>IMPEDANCE<br \/>\n8\u03a9.<\/p>\n<p>CROSSOVER FREQUENCY<br \/>\n800Hz &amp; 2,500Hz<\/p>\n<p>SENSITIVITY IN ROOM<br \/>\n91dB. 2.83V\/1m<\/p>\n<\/div>\n<p>SENSITIVITY ANECHOIC<br \/>\n88dB. 2.83V\/1m<\/p>\n<p>TWEETER<br \/>\nSingle 1\u201d Titanium Dome Tweeter<\/p>\n<p>MIDRANGE<br \/>\nSingle 5.25\u201d Aluminum Cone Woofers<\/p>\n<p>WOOFER<br \/>\nDual 6.5\u201d Aluminum Cone Woofers<\/p>\n<p>FINISHES<br \/>\nEnglish Walnut Wood Veneer or Black Oak Wood Veneer<\/p>\n<p>DIMENSIONS<br \/>\n41\u201d x 12.75\u201d x 19\u201d (H x W x D). With Outrigger Feet<br \/>\n41\u201d x 8.75\u201d x 17.5\u201d (H x W x D). Without Outrigger Feet<\/p>\n<p>WEIGHT<br \/>\n59 lbs.<\/p>\n<\/div>\n<\/div>\n<p><a href=\"https:\/\/klhaudio.com\/kendall-floorstanding-loudspeaker\/\" target=\"_blank\" rel=\"noopener noreferrer\"><span style=\"color: #0000ff;\">Click aqu\u00ed para m\u00e1s informaci\u00f3n del producto.<\/span><\/a><\/p>\n","protected":false},"excerpt":{"rendered":"<p>Altavoces tipo torre, parte del mk2 Collection. Dise\u00f1ados tanto para el entusiasta casual como para el audi\u00f3filo en busca de una buena soluci\u00f3n costo-beneficio, para un espacio peque\u00f1o-mediano. Es un altavoz electrodin\u00e1mico bass-reflex de 3 v\u00edas. Cuenta con controladores de Kevlar tejido con canastas de aluminio, cables de oropel trenzados, crossovers dise\u00f1ados a medida, y un tweeter de aluminio adonizado con placa frontal de respuesta lineal. Disponible en colores Genuine English Walnut o Black Oak.<\/p>\n","protected":false},"featured_media":3046,"template":"","meta":[],"product_cat":[121,17],"product_tag":[31,191,40,190],"_links":{"self":[{"href":"https:\/\/baflesoviedo.com\/home\/wp-json\/wp\/v2\/product\/2762"}],"collection":[{"href":"https:\/\/baflesoviedo.com\/home\/wp-json\/wp\/v2\/product"}],"about":[{"href":"https:\/\/baflesoviedo.com\/home\/wp-json\/wp\/v2\/types\/product"}],"wp:featuredmedia":[{"embeddable":true,"href":"https:\/\/baflesoviedo.com\/home\/wp-json\/wp\/v2\/media\/3046"}],"wp:attachment":[{"href":"https:\/\/baflesoviedo.com\/home\/wp-json\/wp\/v2\/media?parent=2762"}],"wp:term":[{"taxonomy":"product_cat","embeddable":true,"href":"https:\/\/baflesoviedo.com\/home\/wp-json\/wp\/v2\/product_cat?post=2762"},{"taxonomy":"product_tag","embeddable":true,"href":"https:\/\/baflesoviedo.com\/home\/wp-json\/wp\/v2\/product_tag?post=2762"}],"curies":[{"name":"wp","href":"https:\/\/api.w.org\/{rel}","templated":true}]}}