{"id":2788,"date":"2023-07-30T21:58:51","date_gmt":"2023-07-30T21:58:51","guid":{"rendered":"https:\/\/baflesoviedo.com\/home\/?post_type=product&#038;p=2788"},"modified":"2025-09-30T22:09:42","modified_gmt":"2025-09-30T22:09:42","slug":"bowers-wilkins-703-s3-altavoces-torre","status":"publish","type":"product","link":"https:\/\/baflesoviedo.com\/home\/product\/bowers-wilkins-703-s3-altavoces-torre\/","title":{"rendered":"Bowers &#038; Wilkins, 703 S3, Altavoces Torre"},"content":{"rendered":"<p><b>Especificaciones T\u00e9cnicas:<span class=\"Apple-converted-space\">\u00a0<\/span><\/b><\/p>\n<p><b>Height:<\/b> 1010mm (39.8 in) cabinet only<span class=\"Apple-converted-space\">\u00a0<\/span><\/p>\n<p>1117mm (44.0 in) including tweeter and plinth<span class=\"Apple-converted-space\">\u00a0<\/span><\/p>\n<p><b>Width:<\/b> 192mm (7.6 in) cabinet only<span class=\"Apple-converted-space\">\u00a0<\/span><\/p>\n<p>290mm (11.4 in) including plinth<\/p>\n<p><b>Depth:<\/b> 316mm (12.4 in) cabinet only<span class=\"Apple-converted-space\">\u00a0<\/span><\/p>\n<p>353mm (13.9 in) including grille and terminals<span class=\"Apple-converted-space\">\u00a0<\/span><\/p>\n<p>372mm (14.6 in) including plinth<\/p>\n<p><b>Net weight<\/b><\/p>\n<p>28.81kg (63.5 lb)<\/p>\n<p><b>Technical features<\/b><\/p>\n<p>Decoupled Carbon Dome tweeter<span class=\"Apple-converted-space\">\u00a0<\/span><\/p>\n<p>Solid Body Tweeter-on-Top<span class=\"Apple-converted-space\">\u00a0<\/span><\/p>\n<p>Continuum\u2122 cone FST\u2122 midrange<span class=\"Apple-converted-space\">\u00a0<\/span><\/p>\n<p>Decoupled midrange<span class=\"Apple-converted-space\">\u00a0<\/span><\/p>\n<p>Aerofoil\u2122 Profile bass cones<span class=\"Apple-converted-space\">\u00a0<\/span><\/p>\n<p>Flowport\u2122<\/p>\n<p><b>Max recommended cable impedance<\/b><\/p>\n<p>0.1\u2126<\/p>\n<p><b>Description<\/b><\/p>\n<p>3-way vented-box system<\/p>\n<p><b>Drive units<\/b><\/p>\n<p>1x \u00f825mm (1 in) Decoupled Carbon Dome high-frequency<span class=\"Apple-converted-space\">\u00a0<\/span><\/p>\n<p>1x \u00f8150mm (6 in) Continuum cone FST midrange<span class=\"Apple-converted-space\">\u00a0<\/span><\/p>\n<p>2x \u00f8165mm (6.5 in) Aerofoil Profile bass<\/p>\n<p><b>Frequency range<\/b><\/p>\n<p>30Hz to 33kHz<\/p>\n<p><b>Frequency response<\/b><\/p>\n<p>46Hz &#8211; 28kHz \u00b13dB<\/p>\n<p><b>Sensitivity<\/b><\/p>\n<p>90dB spl (2.83Vrms, 1m)<\/p>\n<p><b>Harmonic distortion<\/b><\/p>\n<p>2nd and 3rd harmonics (90dB, 1m on axis)<span class=\"Apple-converted-space\">\u00a0<\/span><\/p>\n<p>&lt;1% 90Hz &#8211; 22kHz<span class=\"Apple-converted-space\">\u00a0<\/span><\/p>\n<p>&lt;0.5% 120Hz &#8211; 20kHz<span class=\"Apple-converted-space\">\u00a0<\/span><\/p>\n<p><b>Nominal impedance<\/b><\/p>\n<p>8\u03a9 (minimum 3.1\u03a9)<\/p>\n<p><b>Recommended amplifier power<\/b><\/p>\n<p>30W &#8211; 200W into 8\u03a9 on unclipped programme<\/p>\n<p><b>Cabinet finishes<\/b><\/p>\n<p>Gloss Black<span class=\"Apple-converted-space\">\u00a0<\/span><\/p>\n<p>Satin White<span class=\"Apple-converted-space\">\u00a0<\/span><\/p>\n<p>Mocha<\/p>\n<p><b>Grille finishes<\/b><\/p>\n<p>Black<span class=\"Apple-converted-space\">\u00a0<\/span><\/p>\n<p>Grey (Satin White only)<\/p>\n<p><a href=\"https:\/\/www.bowerswilkins.com\/en-us\/product\/loudspeakers\/703-s3\" target=\"_blank\" rel=\"noopener noreferrer\"><span style=\"color: #0000ff;\">Click aqu\u00ed para m\u00e1s informaci\u00f3n del producto.<\/span><\/a><\/p>\n","protected":false},"excerpt":{"rendered":"<p>Altavoces tipo torre, con la nueva configuraci\u00f3n de Tweeter-on-Top y Biomimetic Suspension en sus potenciadores de medios, para una experiencia sonora elevada. La construcci\u00f3n para el Solid Body Tweeter-on-Top m\u00e1s alargada contribuye a un sonido m\u00e1s libre y abierto en las frecuencias altas, y la caja aislada contribuye a resistir mejor la resonancia al ser labrada de un solo bloque de aluminio. El tweeter Carbon Dome fue dise\u00f1ado exclusivamente para la 700 Series, logrando mayor precisi\u00f3n y detalle en el sonido. La secci\u00f3n dedicada de medios goza de cuatro tecnolog\u00edas de B&amp;W: Continuum Cone, FST, Biomimetic Suspension y aislamiento del rango medio para minimizar<span class=\"Apple-converted-space\">\u00a0 <\/span>la interferencia de los potenciadores de bajos. Disponibles en color gloss black, mocha o satin white.<\/p>\n","protected":false},"featured_media":4270,"template":"","meta":[],"product_cat":[123,121,17],"product_tag":[31,191,35,40],"_links":{"self":[{"href":"https:\/\/baflesoviedo.com\/home\/wp-json\/wp\/v2\/product\/2788"}],"collection":[{"href":"https:\/\/baflesoviedo.com\/home\/wp-json\/wp\/v2\/product"}],"about":[{"href":"https:\/\/baflesoviedo.com\/home\/wp-json\/wp\/v2\/types\/product"}],"wp:featuredmedia":[{"embeddable":true,"href":"https:\/\/baflesoviedo.com\/home\/wp-json\/wp\/v2\/media\/4270"}],"wp:attachment":[{"href":"https:\/\/baflesoviedo.com\/home\/wp-json\/wp\/v2\/media?parent=2788"}],"wp:term":[{"taxonomy":"product_cat","embeddable":true,"href":"https:\/\/baflesoviedo.com\/home\/wp-json\/wp\/v2\/product_cat?post=2788"},{"taxonomy":"product_tag","embeddable":true,"href":"https:\/\/baflesoviedo.com\/home\/wp-json\/wp\/v2\/product_tag?post=2788"}],"curies":[{"name":"wp","href":"https:\/\/api.w.org\/{rel}","templated":true}]}}