{"id":2809,"date":"2023-07-30T22:21:51","date_gmt":"2023-07-30T22:21:51","guid":{"rendered":"https:\/\/baflesoviedo.com\/home\/?post_type=product&#038;p=2809"},"modified":"2025-09-30T22:13:26","modified_gmt":"2025-09-30T22:13:26","slug":"bowers-wilkins-htm71-s3-altavoz-canal-central","status":"publish","type":"product","link":"https:\/\/baflesoviedo.com\/home\/product\/bowers-wilkins-htm71-s3-altavoz-canal-central\/","title":{"rendered":"Bowers &#038; Wilkins, HTM71 S3, Altavoz Canal Central"},"content":{"rendered":"<p><b>Especificaciones T\u00e9cnicas:<span class=\"Apple-converted-space\">\u00a0<\/span><\/b><\/p>\n<p><b>Height:<\/b> 165 mm (6.5 in) cabinet only<span class=\"Apple-converted-space\">\u00a0<\/span><\/p>\n<p>233 mm (9.2 in) including tweeter<span class=\"Apple-converted-space\">\u00a0<\/span><\/p>\n<p><b>Width:<\/b> 628 mm (24.7 in) cabinet only<\/p>\n<p><b>Depth:<\/b> 318 mm (12.5 in) cabinet only<\/p>\n<p>356 mm (14.0 in) including grille and terminals<\/p>\n<p><b>Net weight: <\/b>17.45kg (38.5 lb)<\/p>\n<p><b>Technical features<\/b><\/p>\n<p>Decoupled Carbon Dome tweeter<span class=\"Apple-converted-space\">\u00a0<\/span><\/p>\n<p>Solid Body Tweeter-on-Top<span class=\"Apple-converted-space\">\u00a0<\/span><\/p>\n<p>Continuum\u2122 cone FST\u2122 midrange<span class=\"Apple-converted-space\">\u00a0<\/span><\/p>\n<p>Aerofoil\u2122 Profile bass cones<span class=\"Apple-converted-space\">\u00a0<\/span><\/p>\n<p>Flowport\u2122<\/p>\n<p><b>Description<\/b><\/p>\n<p>3-way vented-box system<\/p>\n<p><b>Drive units<\/b><\/p>\n<p>1x \u00f825mm (1 in) Decoupled Carbon Dome high-frequency<\/p>\n<p>1x \u00f8130mm (5 in) Continuum cone FST midrange<span class=\"Apple-converted-space\">\u00a0<\/span><\/p>\n<p>2x \u00f8130mm (5 in) Aerofoil Profile bass<\/p>\n<p><b>Frequency range<\/b><\/p>\n<p>45Hz and 33kHz<\/p>\n<p><b>Frequency response<\/b><\/p>\n<p>50Hz &#8211; 28kHz \u00b13dB<\/p>\n<p><b>Sensitivity<\/b><\/p>\n<p>89dB spl (2.83Vrms, 1m)<\/p>\n<p><b>Harmonic distortion<\/b><\/p>\n<p>2nd and 3rd harmonics (90dB, 1m on axis)<span class=\"Apple-converted-space\">\u00a0<\/span><\/p>\n<p>&lt;1% 90Hz &#8211; 22kHz<span class=\"Apple-converted-space\">\u00a0<\/span><\/p>\n<p>&lt;0.5% 120Hz &#8211; 20kHz<span class=\"Apple-converted-space\">\u00a0<\/span><\/p>\n<p><b>Nominal impedance<\/b><\/p>\n<p>8\u03a9 (minimum 3.1\u03a9)<\/p>\n<p><b>Recommended amplifier power<\/b><\/p>\n<p>30W &#8211; 200W into 8\u03a9 on unclipped programme<\/p>\n<p><b>Max recommended cable impedance<\/b><\/p>\n<p>0.1\u2126<\/p>\n<p><b>Cabinet finishes<\/b><\/p>\n<p>Gloss Black<span class=\"Apple-converted-space\">\u00a0<\/span><\/p>\n<p>Satin White<span class=\"Apple-converted-space\">\u00a0<\/span><\/p>\n<p>Mocha<\/p>\n<p><b>Grille finishes<\/b><\/p>\n<p>Black<span class=\"Apple-converted-space\">\u00a0<\/span><\/p>\n<p>Grey (Satin White only)<\/p>\n<p><a href=\"https:\/\/www.bowerswilkins.com\/en-us\/product\/loudspeakers\/htm71-s3\" target=\"_blank\" rel=\"noopener noreferrer\"><span style=\"color: #0000ff;\">Click aqu\u00ed para m\u00e1s informaci\u00f3n del producto.<\/span><\/a><\/p>\n","protected":false},"excerpt":{"rendered":"<p>Altavoz de canal central con dise\u00f1o de Tweeter-On-Top, potenciador de medios Cintinuum Cone FST (para mayor claridad en los di\u00e1logos) y conos de bajo Aerofoil Profile. Funciona como perfecto complemento para los altavoces 705 S3, 703 S3 y 702 S3. La construcci\u00f3n para el Solid Body Tweeter-on-Top es m\u00e1s alargada contribuye a un sonido m\u00e1s libre y abierto en las frecuencias altas, y la caja aislada contribuye a resistir mejor la resonancia al ser labrada de un solo bloque de aluminio. El tweeter Carbon Dome fue dise\u00f1ado exclusivamente para la 700 Series, logrando mayor precisi\u00f3n y detalle en el sonido. La secci\u00f3n dedicada de medios goza de cuatro tecnolog\u00edas de B&amp;W: Continuum Cone, FST, Biomimetic Suspension y aislamiento del rango medio para minimizar la interferencia de los potenciados de bajos. Disponible en colores Gloss Black, Satin White y Mocha.<\/p>\n","protected":false},"featured_media":2810,"template":"","meta":[],"product_cat":[123,122,17],"product_tag":[31,196,35,40],"_links":{"self":[{"href":"https:\/\/baflesoviedo.com\/home\/wp-json\/wp\/v2\/product\/2809"}],"collection":[{"href":"https:\/\/baflesoviedo.com\/home\/wp-json\/wp\/v2\/product"}],"about":[{"href":"https:\/\/baflesoviedo.com\/home\/wp-json\/wp\/v2\/types\/product"}],"wp:featuredmedia":[{"embeddable":true,"href":"https:\/\/baflesoviedo.com\/home\/wp-json\/wp\/v2\/media\/2810"}],"wp:attachment":[{"href":"https:\/\/baflesoviedo.com\/home\/wp-json\/wp\/v2\/media?parent=2809"}],"wp:term":[{"taxonomy":"product_cat","embeddable":true,"href":"https:\/\/baflesoviedo.com\/home\/wp-json\/wp\/v2\/product_cat?post=2809"},{"taxonomy":"product_tag","embeddable":true,"href":"https:\/\/baflesoviedo.com\/home\/wp-json\/wp\/v2\/product_tag?post=2809"}],"curies":[{"name":"wp","href":"https:\/\/api.w.org\/{rel}","templated":true}]}}