{"id":2813,"date":"2023-07-30T22:27:35","date_gmt":"2023-07-30T22:27:35","guid":{"rendered":"https:\/\/baflesoviedo.com\/home\/?post_type=product&#038;p=2813"},"modified":"2025-09-30T22:13:56","modified_gmt":"2025-09-30T22:13:56","slug":"bowers-wilkins-htm72-s3-altavoz-canal-central","status":"publish","type":"product","link":"https:\/\/baflesoviedo.com\/home\/product\/bowers-wilkins-htm72-s3-altavoz-canal-central\/","title":{"rendered":"Bowers &#038; Wilkins, HTM72 S3, Altavoz Canal Central"},"content":{"rendered":"<p><b>Especificaciones T\u00e9cnicas:<span class=\"Apple-converted-space\">\u00a0<\/span><\/b><\/p>\n<p><b>Height: <\/b>165 mm (6.5 in) cabinet only<span class=\"Apple-converted-space\">\u00a0<\/span><\/p>\n<p><b>Width: <\/b>477 mm (18.8 in) Cabinet only<span class=\"Apple-converted-space\">\u00a0<\/span><\/p>\n<p><b>Depth: <\/b>266 mm (10.5 in) Cabinet only<span class=\"Apple-converted-space\">\u00a0<\/span><\/p>\n<p>302 mm (11.9 in) including grille and terminals<\/p>\n<p><b>Net weight: <\/b>9.66kg (21.3 lb)<\/p>\n<p><b>Technical features<\/b><\/p>\n<p>Decoupled Carbon Dome tweeter<span class=\"Apple-converted-space\">\u00a0<\/span><\/p>\n<p>Continuum\u2122 cone bass \/ midrange<span class=\"Apple-converted-space\">\u00a0<\/span><\/p>\n<p>Flowport\u2122<\/p>\n<p><b>Description<\/b><\/p>\n<p>2-way vented-box system<\/p>\n<p><b>Drive units<\/b><\/p>\n<p>1x \u00f825mm (1 in) Decoupled Carbon Dome high-frequency<span class=\"Apple-converted-space\">\u00a0<\/span><\/p>\n<p>2x \u00f8130mm (5 in) Continuum cone bass \/ midrange<\/p>\n<p><b>Frequency range<\/b><\/p>\n<p>48Hz and 33kHz<\/p>\n<p>Frequency response<\/p>\n<p>70Hz &#8211; 28kHz \u00b13dB<\/p>\n<p><b>Sensitivity<\/b><\/p>\n<p>87dB spl (2.83Vrms, 1m)<\/p>\n<p><b>Harmonic distortion<\/b><\/p>\n<p>2nd and 3rd harmonics (90dB, 1m on axis)<span class=\"Apple-converted-space\">\u00a0<\/span><\/p>\n<p>&lt;1% 100Hz &#8211; 22kHz<span class=\"Apple-converted-space\">\u00a0<\/span><\/p>\n<p>&lt;0.5% 200Hz &#8211; 22kHz<span class=\"Apple-converted-space\">\u00a0<\/span><\/p>\n<p><b>Nominal impedance<\/b><\/p>\n<p>8\u03a9 (minimum 4.3\u03a9)<\/p>\n<p><b>Recommended amplifier power<\/b><\/p>\n<p>30W &#8211; 120W into 8\u03a9 on unclipped programme<\/p>\n<p><b>Max recommended cable impedance<\/b><\/p>\n<p>0.1\u2126<\/p>\n<p><b>Cabinet finishes<\/b><\/p>\n<p>Gloss Black<span class=\"Apple-converted-space\">\u00a0<\/span><\/p>\n<p>Satin White<span class=\"Apple-converted-space\">\u00a0<\/span><\/p>\n<p>Mocha<\/p>\n<p><b>Grille finishes<\/b><\/p>\n<p>Black<span class=\"Apple-converted-space\">\u00a0<\/span><\/p>\n<p>Grey (Satin White only)<\/p>\n<p><a href=\"https:\/\/www.bowerswilkins.com\/en-us\/product\/loudspeakers\/htm72-s3\" target=\"_blank\" rel=\"noopener noreferrer\"><span style=\"color: #0000ff;\">Click aqu\u00ed para m\u00e1s informaci\u00f3n del producto.<\/span><\/a><\/p>\n","protected":false},"excerpt":{"rendered":"<p>Altavoz de canal central m\u00e1s compacto, que incluye el tweeter Carbon Dome y potenciados de medios\/bajos Continuum. Funciona a la perfecci\u00f3n con un sistema de home theatre basado alrededor de los altavoces 704 S3, 706 S3 o 707 S3. El tweeter Carbon Dome fue dise\u00f1ado exclusivamente para la 700 Series, logrando mayor precisi\u00f3n y detalle en el sonido. El sonido se caracteriza por ser m\u00e1s abierto y neutral, d\u00e1ndole precisi\u00f3n y transparencia a los instrumentos y voces. Disponible en colores gloss black, satin white y mocha.<span class=\"Apple-converted-space\">\u00a0<\/span><\/p>\n","protected":false},"featured_media":2814,"template":"","meta":[],"product_cat":[123,122,17],"product_tag":[31,196,35,40],"_links":{"self":[{"href":"https:\/\/baflesoviedo.com\/home\/wp-json\/wp\/v2\/product\/2813"}],"collection":[{"href":"https:\/\/baflesoviedo.com\/home\/wp-json\/wp\/v2\/product"}],"about":[{"href":"https:\/\/baflesoviedo.com\/home\/wp-json\/wp\/v2\/types\/product"}],"wp:featuredmedia":[{"embeddable":true,"href":"https:\/\/baflesoviedo.com\/home\/wp-json\/wp\/v2\/media\/2814"}],"wp:attachment":[{"href":"https:\/\/baflesoviedo.com\/home\/wp-json\/wp\/v2\/media?parent=2813"}],"wp:term":[{"taxonomy":"product_cat","embeddable":true,"href":"https:\/\/baflesoviedo.com\/home\/wp-json\/wp\/v2\/product_cat?post=2813"},{"taxonomy":"product_tag","embeddable":true,"href":"https:\/\/baflesoviedo.com\/home\/wp-json\/wp\/v2\/product_tag?post=2813"}],"curies":[{"name":"wp","href":"https:\/\/api.w.org\/{rel}","templated":true}]}}