{"id":2817,"date":"2023-07-30T22:32:48","date_gmt":"2023-07-30T22:32:48","guid":{"rendered":"https:\/\/baflesoviedo.com\/home\/?post_type=product&#038;p=2817"},"modified":"2025-09-30T22:01:19","modified_gmt":"2025-09-30T22:01:19","slug":"bowers-wilkins-db4s-subwoofer-2","status":"publish","type":"product","link":"https:\/\/baflesoviedo.com\/home\/product\/bowers-wilkins-db4s-subwoofer-2\/","title":{"rendered":"Bowers &#038; Wilkins, DB4S, Subwoofer"},"content":{"rendered":"<p><b>Especificaciones T\u00e9cnicas:<span class=\"Apple-converted-space\">\u00a0<\/span><\/b><\/p>\n<p><b>Height:<\/b> 377mm (14.8 in) including feet<span class=\"Apple-converted-space\">\u00a0<\/span><\/p>\n<p><b>Width:<\/b> 360mm (14.1 in)<span class=\"Apple-converted-space\">\u00a0<\/span><\/p>\n<p><b>Depth:<\/b> 368mm (14.5 in)<\/p>\n<p><b>Net weight: <\/b>26kg (57.3 lb)<\/p>\n<p><b>Technical features<\/b><\/p>\n<p>1000W Class D Hypex amplifier<\/p>\n<p>1x \u00f8250mm (10 in) Aerofoil\u2122 cone bass<\/p>\n<p>Digital preamplifier with Dynamic EQ<\/p>\n<p>App-based set-up and BT-LE control<\/p>\n<p><b>Description<\/b><\/p>\n<p>Active closed-box subwoofer system<\/p>\n<p><b>Drive units<\/b><\/p>\n<p>1x \u00f8250mm (10 in) Aerofoil\u2122 cone bass<\/p>\n<p><b>Frequency range<\/b><\/p>\n<p>-6dB at 8.5Hz &#8211; 500Hz<\/p>\n<p><b>Frequency response<\/b><\/p>\n<p>10Hz &#8211; 350 Hz -3dB (centered on level at 100Hz)<\/p>\n<p><b>Power consumption<\/b><\/p>\n<p>1\/8th of rated power 195W<\/p>\n<p>Standby &lt;0.5W<\/p>\n<p><b>Max power output<\/b><\/p>\n<p>1000W<\/p>\n<p><b>Inputs<\/b><\/p>\n<p>2 x XLR<span class=\"Apple-converted-space\">\u00a0<\/span><\/p>\n<p>2 x RCA<span class=\"Apple-converted-space\">\u00a0<\/span><\/p>\n<p>2 x 3.5mm 12V trigger<span class=\"Apple-converted-space\">\u00a0<\/span><\/p>\n<p>RS-232 &#8211; 9-pin D connector<\/p>\n<p><b>Input impedance<\/b><\/p>\n<p>RCA: 10 kOhm<span class=\"Apple-converted-space\">\u00a0<\/span><\/p>\n<p>XLR: 20 kOhm<\/p>\n<p><b>Signal \/ Noise<\/b><\/p>\n<p>82 dB<\/p>\n<p><b>Cabinet finishes<\/b><\/p>\n<p>Gloss Black<span class=\"Apple-converted-space\">\u00a0<\/span><\/p>\n<p>Satin White<span class=\"Apple-converted-space\">\u00a0<\/span><\/p>\n<p>Rosenut<\/p>\n<p><b>Grille finishes<\/b><\/p>\n<p>Black<span class=\"Apple-converted-space\">\u00a0<\/span><\/p>\n<p>Grey<span class=\"Apple-converted-space\">\u00a0<\/span><\/p>\n<p>Black<\/p>\n<p><a href=\"https:\/\/www.bowerswilkins.com\/en-us\/product\/loudspeakers\/db4s\" target=\"_blank\" rel=\"noopener noreferrer\"><span style=\"color: #0000ff;\">Click aqu\u00ed para m\u00e1s informaci\u00f3n del producto.<\/span><\/a><\/p>\n","protected":false},"excerpt":{"rendered":"<p>Subwoofer de 10\u201d, para darle a tu set de cine en casa el impacto de bajos que merece con gran potencia y elegancia \u2014perfecto para combinarlo con la 700 Series. Cuenta con 100 watts de amplificaci\u00f3n digital para dar bajos s\u00f3lidos y dram\u00e1ticos con gran nivel de precisi\u00f3n. Utiliza un preamplificador digital con Dynamic EQ, para un rendimiento de audio optimizado a lo largo del rango de frecuencias disponible. Adem\u00e1s, mediante el Control App dedicado al DB4S se pueden ajustar la calibraci\u00f3n y correcci\u00f3n f\u00e1cilmente. Disponible en colores gloss black y satin white.<\/p>\n","protected":false},"featured_media":2818,"template":"","meta":[],"product_cat":[123,36,17],"product_tag":[31,35,40,68],"_links":{"self":[{"href":"https:\/\/baflesoviedo.com\/home\/wp-json\/wp\/v2\/product\/2817"}],"collection":[{"href":"https:\/\/baflesoviedo.com\/home\/wp-json\/wp\/v2\/product"}],"about":[{"href":"https:\/\/baflesoviedo.com\/home\/wp-json\/wp\/v2\/types\/product"}],"wp:featuredmedia":[{"embeddable":true,"href":"https:\/\/baflesoviedo.com\/home\/wp-json\/wp\/v2\/media\/2818"}],"wp:attachment":[{"href":"https:\/\/baflesoviedo.com\/home\/wp-json\/wp\/v2\/media?parent=2817"}],"wp:term":[{"taxonomy":"product_cat","embeddable":true,"href":"https:\/\/baflesoviedo.com\/home\/wp-json\/wp\/v2\/product_cat?post=2817"},{"taxonomy":"product_tag","embeddable":true,"href":"https:\/\/baflesoviedo.com\/home\/wp-json\/wp\/v2\/product_tag?post=2817"}],"curies":[{"name":"wp","href":"https:\/\/api.w.org\/{rel}","templated":true}]}}