{"id":2901,"date":"2023-09-06T23:55:22","date_gmt":"2023-09-06T23:55:22","guid":{"rendered":"https:\/\/baflesoviedo.com\/home\/?post_type=product&#038;p=2901"},"modified":"2025-06-12T04:16:38","modified_gmt":"2025-06-12T04:16:38","slug":"bowers-wilkins-fs-600-s3-stand-altavoz","status":"publish","type":"product","link":"https:\/\/baflesoviedo.com\/home\/product\/bowers-wilkins-fs-600-s3-stand-altavoz\/","title":{"rendered":"Bowers &#038; Wilkins, FS-600 S3, Stand Altavoz"},"content":{"rendered":"<p><a href=\"https:\/\/www.bowerswilkins.com\/en\/product\/accessories\/fs-600-s3\" target=\"_blank\" rel=\"noopener noreferrer\"><span style=\"color: #0000ff;\">Click aqu\u00ed para m\u00e1s informaci\u00f3n del producto.<\/span><\/a><\/p>\n","protected":false},"excerpt":{"rendered":"<p>PRECIO PAR<\/p>\n<p>\u00a1Serie 600 actualizada! Stand de altavoz para la 600 Series de Bowers &amp; Wilkins. Disponible en colores negro o plata.<\/p>\n","protected":false},"featured_media":2902,"template":"","meta":[],"product_cat":[126,123,122,156,17],"product_tag":[152,35,40],"_links":{"self":[{"href":"https:\/\/baflesoviedo.com\/home\/wp-json\/wp\/v2\/product\/2901"}],"collection":[{"href":"https:\/\/baflesoviedo.com\/home\/wp-json\/wp\/v2\/product"}],"about":[{"href":"https:\/\/baflesoviedo.com\/home\/wp-json\/wp\/v2\/types\/product"}],"wp:featuredmedia":[{"embeddable":true,"href":"https:\/\/baflesoviedo.com\/home\/wp-json\/wp\/v2\/media\/2902"}],"wp:attachment":[{"href":"https:\/\/baflesoviedo.com\/home\/wp-json\/wp\/v2\/media?parent=2901"}],"wp:term":[{"taxonomy":"product_cat","embeddable":true,"href":"https:\/\/baflesoviedo.com\/home\/wp-json\/wp\/v2\/product_cat?post=2901"},{"taxonomy":"product_tag","embeddable":true,"href":"https:\/\/baflesoviedo.com\/home\/wp-json\/wp\/v2\/product_tag?post=2901"}],"curies":[{"name":"wp","href":"https:\/\/api.w.org\/{rel}","templated":true}]}}