{"id":2930,"date":"2023-09-27T05:56:25","date_gmt":"2023-09-27T05:56:25","guid":{"rendered":"https:\/\/baflesoviedo.com\/home\/?post_type=product&#038;p=2930"},"modified":"2023-09-27T05:56:25","modified_gmt":"2023-09-27T05:56:25","slug":"sonus-faber-transmitter-transmisor-inalambrico","status":"publish","type":"product","link":"https:\/\/baflesoviedo.com\/home\/product\/sonus-faber-transmitter-transmisor-inalambrico\/","title":{"rendered":"Sonus faber, Transmitter, Transmisor Inal\u00e1mbrico"},"content":{"rendered":"<p><b>Especificaciones T\u00e9cnicas:<\/b><\/p>\n<p>RF LINK COVERAGE<\/p>\n<p>10 m \u2013 3,28 feet indoor range<\/p>\n<p>INPUTS<\/p>\n<p>2 Line-in (RCA)<\/p>\n<p>INPUT IMPEDANCE<\/p>\n<p>10k \u03a9<\/p>\n<p>POWER CONSUMPTION<\/p>\n<p>&lt;0,5 W<\/p>\n<p>DIMENSIONS<\/p>\n<p>110 x 30 x 104 mm<br \/>\n4,3 x 1,1 x 4,1 in<\/p>\n<p>WEIGHT<\/p>\n<p>204 g<br \/>\n7,2 oz<\/p>\n<p>SUPPLIED ACCESORIES<\/p>\n<p>User manual<br \/>\nAC-DC power adapter (7.5 vdc)<\/p>\n<p><a href=\"https:\/\/www.sonusfaber.com\/en\/products\/transmitter\/\" target=\"_blank\" rel=\"noopener noreferrer\"><span style=\"color: #0000ff;\">Click aqu\u00ed para m\u00e1s informaci\u00f3n del producto.<\/span><\/a><\/p>\n","protected":false},"excerpt":{"rendered":"<p>Parte del Gravis Collection, este transmisor wireless funciona para los Gravis III, V y VI. Disponible en acabado black matte.<span class=\"Apple-converted-space\">\u00a0<\/span><\/p>\n","protected":false},"featured_media":2931,"template":"","meta":[],"product_cat":[123,36,18,17,21],"product_tag":[74,107,68],"_links":{"self":[{"href":"https:\/\/baflesoviedo.com\/home\/wp-json\/wp\/v2\/product\/2930"}],"collection":[{"href":"https:\/\/baflesoviedo.com\/home\/wp-json\/wp\/v2\/product"}],"about":[{"href":"https:\/\/baflesoviedo.com\/home\/wp-json\/wp\/v2\/types\/product"}],"wp:featuredmedia":[{"embeddable":true,"href":"https:\/\/baflesoviedo.com\/home\/wp-json\/wp\/v2\/media\/2931"}],"wp:attachment":[{"href":"https:\/\/baflesoviedo.com\/home\/wp-json\/wp\/v2\/media?parent=2930"}],"wp:term":[{"taxonomy":"product_cat","embeddable":true,"href":"https:\/\/baflesoviedo.com\/home\/wp-json\/wp\/v2\/product_cat?post=2930"},{"taxonomy":"product_tag","embeddable":true,"href":"https:\/\/baflesoviedo.com\/home\/wp-json\/wp\/v2\/product_tag?post=2930"}],"curies":[{"name":"wp","href":"https:\/\/api.w.org\/{rel}","templated":true}]}}