{"id":2936,"date":"2023-09-28T22:58:18","date_gmt":"2023-09-28T22:58:18","guid":{"rendered":"https:\/\/baflesoviedo.com\/home\/?post_type=product&#038;p=2936"},"modified":"2025-06-13T19:12:30","modified_gmt":"2025-06-13T19:12:30","slug":"sonus-faber-gravis-iii-subwoofer","status":"publish","type":"product","link":"https:\/\/baflesoviedo.com\/home\/product\/sonus-faber-gravis-iii-subwoofer\/","title":{"rendered":"Sonus faber, Gravis III, Subwoofer"},"content":{"rendered":"<p><b>Especificaciones T\u00e9cnicas:<\/b><\/p>\n<p>SYSTEM<\/p>\n<p>Sealed box loading, single driver, active subwoofer<\/p>\n<p>SPEAKERS<\/p>\n<p>1 x 250 mm (10\u201d) long throw, sandwich honeycomb cone, wide rubber surround LF unit<\/p>\n<p>AMPLIFICATION<\/p>\n<p>High performance, Class AB. 600 W (nominal), 900 W (peak)<\/p>\n<p>FREQUENCY RESPONSE<\/p>\n<p>25 Hz (@- 6dB, acoustic Linkwitz 4th order roll-on, default setting) to Fc (user continuously adjustable)<\/p>\n<p>MAINS INPUT VOLTAGE<\/p>\n<p>100-120Vac \u2013 50\/60Hz or 220-240 Vac \u2013 50\/60 Hz. Factory selected<\/p>\n<p>FUSE<\/p>\n<p>T6.3A L250V<br \/>\n(100-120 Vac \u2013 50\/60 Hz)<br \/>\nT3.15A L250V<br \/>\n(220-240 Vac \u2013 50\/60 Hz)<\/p>\n<p>CONTROLS<\/p>\n<p>Direct access Master volume;<br \/>\nAPP control featuring: 4 selectable presets, volume, continuously adjustable crossover frequency (40 to 150 Hz , filtering slope 24 dB\/oct); continuously adjustable signal phase (0\u00b0 to 360\u00b0); up to 8 parametric EQ filters, delay (1 to 20 ms); automatic room calibration; selectable threshold auto power on\/off<\/p>\n<p>AUDIO SIGNAL INPUTS<\/p>\n<p>2 x LINE (unbalanced), Left and Right\/LFE &#8211; RCA plugs<br \/>\n1 x LINE (balanced) &#8211; XLR plug<br \/>\nHIGH LEVEL &#8211; Neutrik 4-pole Speakon\u00a9 plug<\/p>\n<p>POWER CONSUMPTION<\/p>\n<p>&lt; 2 W (Stand-by)<br \/>\n700 W (rated power)<\/p>\n<p>DIMENSIONS<\/p>\n<p>415 x 400 x 495 mm<br \/>\n16.3 x 15.7 x 19.5 in<\/p>\n<p>WEIGHT<\/p>\n<p>26.7 Kg<br \/>\n58.8 lb<\/p>\n<p><a href=\"https:\/\/www.sonusfaber.com\/en\/products\/gravis-iii-v-vi\/#1521646344935-91c9aaa6-07dd\" target=\"_blank\" rel=\"noopener noreferrer\"><span style=\"color: #0000ff;\">Click aqu\u00ed para m\u00e1s informaci\u00f3n del producto.<\/span><\/a><\/p>\n","protected":false},"excerpt":{"rendered":"<p>Parte del Gravis Collection, el Gravis III fue dise\u00f1ado para complementar la colecci\u00f3n Olympica Nova. Mantiene el legado Sonus faber de sonido natural, elaboraci\u00f3n manual italiana y tecnolog\u00eda de punta, con sus modelos de subwoofer Gravis III, V y VI destacando como los m\u00e1s potentes y m\u00e1s high-end de la l\u00ednea de sistemas activos. Disponible en acabados walnut, wenge o piano black.<\/p>\n<p>*Con la compra adicional del Transmitter (transmisor inal\u00e1mbrico) se puede enviar la se\u00f1al al subwoofer con m\u00e1xima discreci\u00f3n y versatilidad.<\/p>\n","protected":false},"featured_media":2937,"template":"","meta":[],"product_cat":[123,36,18,17],"product_tag":[31,195,107,68],"_links":{"self":[{"href":"https:\/\/baflesoviedo.com\/home\/wp-json\/wp\/v2\/product\/2936"}],"collection":[{"href":"https:\/\/baflesoviedo.com\/home\/wp-json\/wp\/v2\/product"}],"about":[{"href":"https:\/\/baflesoviedo.com\/home\/wp-json\/wp\/v2\/types\/product"}],"wp:featuredmedia":[{"embeddable":true,"href":"https:\/\/baflesoviedo.com\/home\/wp-json\/wp\/v2\/media\/2937"}],"wp:attachment":[{"href":"https:\/\/baflesoviedo.com\/home\/wp-json\/wp\/v2\/media?parent=2936"}],"wp:term":[{"taxonomy":"product_cat","embeddable":true,"href":"https:\/\/baflesoviedo.com\/home\/wp-json\/wp\/v2\/product_cat?post=2936"},{"taxonomy":"product_tag","embeddable":true,"href":"https:\/\/baflesoviedo.com\/home\/wp-json\/wp\/v2\/product_tag?post=2936"}],"curies":[{"name":"wp","href":"https:\/\/api.w.org\/{rel}","templated":true}]}}