{"id":2940,"date":"2023-09-28T23:02:22","date_gmt":"2023-09-28T23:02:22","guid":{"rendered":"https:\/\/baflesoviedo.com\/home\/?post_type=product&#038;p=2940"},"modified":"2025-07-27T22:33:24","modified_gmt":"2025-07-27T22:33:24","slug":"sonus-faber-gravis-v-subwoofer","status":"publish","type":"product","link":"https:\/\/baflesoviedo.com\/home\/product\/sonus-faber-gravis-v-subwoofer\/","title":{"rendered":"Sonus faber, Gravis V, Subwoofer"},"content":{"rendered":"<p><b>Especificaciones T\u00e9cnicas:<\/b><\/p>\n<p>SYSTEM<\/p>\n<p>Sealed box loading, single driver, active subwoofer<\/p>\n<p>SPEAKERS<\/p>\n<p>1 x 320 mm (12\u201d), long throw, sandwich honeycomb cone, wide rubber surround LF unit<\/p>\n<p>AMPLIFICATION<\/p>\n<p>High performance, Class AB<br \/>\n850 W (nominal), 1,200 W (peak)<\/p>\n<p>FREQUENCY RESPONSE<\/p>\n<p>20 Hz (@- 6 dB, acoustic Linkwitz 4th order roll-on, default setting) to Fc (user continuously adjustable)<\/p>\n<p>MAINS INPUT VOLTAGE<\/p>\n<p>100-120 Vac \u2013 50\/60 Hz or 220-240 Vac \u2013 50\/60 Hz<\/p>\n<p>FUSE<\/p>\n<p>T12A H250V (100-120 Vac \u2013 50\/60 Hz)<br \/>\nT6.3A H250V (220-240 Vac \u2013 50\/60 Hz)<\/p>\n<p>CONTROLS<\/p>\n<p>Direct access Master volume;<br \/>\nAPP control featuring: 4 selectable presets, volume, continuously adjustable crossover frequency (40 to 150 Hz , filtering slope 24 dB\/oct); continuously adjustable signal phase (0\u00b0 to 360\u00b0); up to 8 parametric EQ filters , Delay (1 to 20 ms); automatic room calibration ; selectable threshold auto power on\/off<\/p>\n<p>AUDIO SIGNAL INPUTS<\/p>\n<p>2 x LINE (unbalanced), Left and Right\/LFE &#8211; RCA plugs<br \/>\n2 x LINE (balanced), Left and Right\/LFE &#8211; XLR plugs<br \/>\nHIGH LEVEL &#8211; Neutrik 4-pole Speakon\u00a9 plug<\/p>\n<p>POWER CONSUMPTION<\/p>\n<p>&lt; 2 W (Stand-by)<br \/>\n1,000 W (rated power)<\/p>\n<p>DIMENSIONS<\/p>\n<p>455 x 448.5 x 448.5 mm<br \/>\n18 x 17.6 x 17.6 in<\/p>\n<p>WEIGHT<\/p>\n<p>32 Kg<br \/>\n70.5 lb<\/p>\n<p><a href=\"https:\/\/www.sonusfaber.com\/en\/products\/gravis-iii-v-vi\/#1521646344935-91c9aaa6-07dd1\" target=\"_blank\" rel=\"noopener noreferrer\"><span style=\"color: #0000ff;\">Click aqu\u00ed para m\u00e1s informaci\u00f3n del producto.<\/span><\/a><\/p>\n","protected":false},"excerpt":{"rendered":"<p>Parte del Gravis Collection, el Gravis V fue dise\u00f1ado para complementar las colecciones Homage Tradition y Reference. Mantiene el legado Sonus faber de sonido natural, elaboraci\u00f3n manual italiana y tecnolog\u00eda de punta, con sus modelos de subwoofer Gravis III, V y VI destacando como los m\u00e1s potentes y m\u00e1s high-end de la l\u00ednea de sistemas activos. Disponible en acabados red, wenge o piano black.<\/p>\n<p>*Con la compra adicional del Transmitter (transmisor inal\u00e1mbrico) se puede enviar la se\u00f1al al subwoofer con m\u00e1xima discreci\u00f3n y versatilidad.<\/p>\n","protected":false},"featured_media":2941,"template":"","meta":[],"product_cat":[123,36,18,17],"product_tag":[31,195,107,68],"_links":{"self":[{"href":"https:\/\/baflesoviedo.com\/home\/wp-json\/wp\/v2\/product\/2940"}],"collection":[{"href":"https:\/\/baflesoviedo.com\/home\/wp-json\/wp\/v2\/product"}],"about":[{"href":"https:\/\/baflesoviedo.com\/home\/wp-json\/wp\/v2\/types\/product"}],"wp:featuredmedia":[{"embeddable":true,"href":"https:\/\/baflesoviedo.com\/home\/wp-json\/wp\/v2\/media\/2941"}],"wp:attachment":[{"href":"https:\/\/baflesoviedo.com\/home\/wp-json\/wp\/v2\/media?parent=2940"}],"wp:term":[{"taxonomy":"product_cat","embeddable":true,"href":"https:\/\/baflesoviedo.com\/home\/wp-json\/wp\/v2\/product_cat?post=2940"},{"taxonomy":"product_tag","embeddable":true,"href":"https:\/\/baflesoviedo.com\/home\/wp-json\/wp\/v2\/product_tag?post=2940"}],"curies":[{"name":"wp","href":"https:\/\/api.w.org\/{rel}","templated":true}]}}