{"id":2948,"date":"2023-09-28T23:08:58","date_gmt":"2023-09-28T23:08:58","guid":{"rendered":"https:\/\/baflesoviedo.com\/home\/?post_type=product&#038;p=2948"},"modified":"2025-06-13T19:11:46","modified_gmt":"2025-06-13T19:11:46","slug":"sonus-faber-lumina-center-i-altavoz-canal-central","status":"publish","type":"product","link":"https:\/\/baflesoviedo.com\/home\/product\/sonus-faber-lumina-center-i-altavoz-canal-central\/","title":{"rendered":"Sonus faber, Lumina Center I, Altavoz Canal Central"},"content":{"rendered":"<p><b>Especificaciones T\u00e9cnicas:<\/b><\/p>\n<p>SYSTEM<\/p>\n<p>2-way horizontal loudspeaker system. Vented box design.<\/p>\n<p>LOUDSPEAKERS<\/p>\n<p>Tw: \u00d8 29 mm high definition DAD\u2122 driver<br \/>\nMw: \u00d8 2 x 120 mm paper cone drivers<\/p>\n<p>CROSSOVER<\/p>\n<p>Optimized amplitude\/phase response for optimal space\/time performance. Crossover frequency: 2000 Hz.<\/p>\n<p>FREQUENCY RESPONSE<\/p>\n<p>65 Hz -24.000 Hz<\/p>\n<p>SENSITIVITY<\/p>\n<p>87dB SPL (2.83V\/1m)<\/p>\n<p>NOMINAL IMPEDANCE<\/p>\n<p>4 ohm<\/p>\n<p>SUGESTED AMPLIFIER POWER OUTPUT<\/p>\n<p>30W \u2013 100W, undistorted signal<\/p>\n<p>DIMENSIONS<\/p>\n<p>168,6 x 523,6 x 212,7 mm<br \/>\n6.6 x 20.6 x 8.4 in<\/p>\n<p>WEIGHT<\/p>\n<p>7,6 Kg each<br \/>\n16.8 lb each<\/p>\n<p><a href=\"https:\/\/www.sonusfaber.com\/en\/products\/lumina-center-i\/\" target=\"_blank\" rel=\"noopener noreferrer\"><span style=\"color: #0000ff;\">Click aqu\u00ed para m\u00e1s informaci\u00f3n del producto.<\/span><\/a><\/p>\n","protected":false},"excerpt":{"rendered":"<p>Canal central para home theatre, parte del Lumina Collection \u2014centrada en las ideas de simplicidad y de abarcar un p\u00fablico amplio para una experiencia musical de lujo. Sonus faber logr\u00f3 crear una l\u00ednea de set-up sencillo, precio m\u00e1s accesible y un excelente desempe\u00f1o \u2014fabricada completamente en Italia. La colecci\u00f3n Lumina se puede combinar con la Gravis (subwoofers) para crear un sistema de home theatre 5.1 que ofrece sonido con gran riqueza y articulaci\u00f3n, ofreciendo posibilidad de crecimiento y modificaci\u00f3n seg\u00fan necesidad. Este canal central se acopla perfectamente a cualquier sistema multicanal, tanto para espacios peque\u00f1os como medianos. Disponible en acabados wenge, walnut o piano black.<span class=\"Apple-converted-space\">\u00a0<\/span><\/p>\n","protected":false},"featured_media":2949,"template":"","meta":[],"product_cat":[126,123,17],"product_tag":[31,196,195,107],"_links":{"self":[{"href":"https:\/\/baflesoviedo.com\/home\/wp-json\/wp\/v2\/product\/2948"}],"collection":[{"href":"https:\/\/baflesoviedo.com\/home\/wp-json\/wp\/v2\/product"}],"about":[{"href":"https:\/\/baflesoviedo.com\/home\/wp-json\/wp\/v2\/types\/product"}],"wp:featuredmedia":[{"embeddable":true,"href":"https:\/\/baflesoviedo.com\/home\/wp-json\/wp\/v2\/media\/2949"}],"wp:attachment":[{"href":"https:\/\/baflesoviedo.com\/home\/wp-json\/wp\/v2\/media?parent=2948"}],"wp:term":[{"taxonomy":"product_cat","embeddable":true,"href":"https:\/\/baflesoviedo.com\/home\/wp-json\/wp\/v2\/product_cat?post=2948"},{"taxonomy":"product_tag","embeddable":true,"href":"https:\/\/baflesoviedo.com\/home\/wp-json\/wp\/v2\/product_tag?post=2948"}],"curies":[{"name":"wp","href":"https:\/\/api.w.org\/{rel}","templated":true}]}}