{"id":306,"date":"2020-04-22T20:19:18","date_gmt":"2020-04-22T20:19:18","guid":{"rendered":"https:\/\/baflesoviedo.com\/home\/?post_type=product&#038;p=306"},"modified":"2023-10-21T02:58:28","modified_gmt":"2023-10-21T02:58:28","slug":"sonance-vp-42r-altavoz","status":"publish","type":"product","link":"https:\/\/baflesoviedo.com\/home\/product\/sonance-vp-42r-altavoz\/","title":{"rendered":"Sonance, VP-42R, Altavoz"},"content":{"rendered":"<p>&nbsp;<\/p>\n<p><strong>Especificaciones<\/strong><\/p>\n<table width=\"789\">\n<tbody>\n<tr>\n<td width=\"160\">Tweeter<\/td>\n<td width=\"629\">Domo de tela de 1 &#8220;(25 mm), refrigerado por ferrofluido, pivotante, en la c\u00e1mara posterior ac\u00fastica<\/td>\n<\/tr>\n<tr>\n<td width=\"160\">Woofer<\/td>\n<td width=\"629\">Cono de polipropileno texturizado de 4 1\/2 &#8220;(114 mm) con un borde de goma<\/td>\n<\/tr>\n<tr>\n<td width=\"160\">Respuesta de frecuencia<\/td>\n<td width=\"629\">60Hz &#8211; 20kHz \u00b1 3dB<\/td>\n<\/tr>\n<tr>\n<td width=\"160\">Impedancia<\/td>\n<td width=\"629\">8 ohmios nominales; 6 ohmios m\u00ednimo<\/td>\n<\/tr>\n<tr>\n<td width=\"160\">Manejo de poder<\/td>\n<td width=\"629\">M\u00ednimo 5 vatios; 70 vatios m\u00e1ximo<\/td>\n<\/tr>\n<tr>\n<td width=\"160\">Sensibilidad<\/td>\n<td width=\"629\">89dB SPL (2.83V \/ 1 metro)<\/td>\n<\/tr>\n<\/tbody>\n<\/table>\n<p><a href=\"https:\/\/www.sonance.com\/in-wall-in-ceiling\/visual-performance\/small-round-square\" target=\"_blank\" rel=\"noopener noreferrer\"><span style=\"color: #0000ff;\">Click aqu\u00ed para m\u00e1s informaci\u00f3n del producto<\/span><\/a><\/p>\n","protected":false},"excerpt":{"rendered":"<p>Peque\u00f1a huella para minimizar el impacto visual.<br \/>\nEst\u00e9tica redonda o cuadrada (mediante el uso de adaptadores cuadrados) para que coincida con los downlights.<br \/>\nEl tweeter pivotante independiente permite colocar los altavoces donde se ven mejor mientras dirige el sonido para obtener el mejor rendimiento.<\/p>\n","protected":false},"featured_media":307,"template":"","meta":[],"product_cat":[124],"product_tag":[31,40,60],"_links":{"self":[{"href":"https:\/\/baflesoviedo.com\/home\/wp-json\/wp\/v2\/product\/306"}],"collection":[{"href":"https:\/\/baflesoviedo.com\/home\/wp-json\/wp\/v2\/product"}],"about":[{"href":"https:\/\/baflesoviedo.com\/home\/wp-json\/wp\/v2\/types\/product"}],"wp:featuredmedia":[{"embeddable":true,"href":"https:\/\/baflesoviedo.com\/home\/wp-json\/wp\/v2\/media\/307"}],"wp:attachment":[{"href":"https:\/\/baflesoviedo.com\/home\/wp-json\/wp\/v2\/media?parent=306"}],"wp:term":[{"taxonomy":"product_cat","embeddable":true,"href":"https:\/\/baflesoviedo.com\/home\/wp-json\/wp\/v2\/product_cat?post=306"},{"taxonomy":"product_tag","embeddable":true,"href":"https:\/\/baflesoviedo.com\/home\/wp-json\/wp\/v2\/product_tag?post=306"}],"curies":[{"name":"wp","href":"https:\/\/api.w.org\/{rel}","templated":true}]}}