{"id":3074,"date":"2023-10-09T20:25:47","date_gmt":"2023-10-09T20:25:47","guid":{"rendered":"https:\/\/baflesoviedo.com\/home\/?post_type=product&#038;p=3074"},"modified":"2025-06-13T19:10:04","modified_gmt":"2025-06-13T19:10:04","slug":"sonus-faber-olympica-nova-cii-altavoz-canal-central","status":"publish","type":"product","link":"https:\/\/baflesoviedo.com\/home\/product\/sonus-faber-olympica-nova-cii-altavoz-canal-central\/","title":{"rendered":"Sonus faber, Olympica Nova CII, Altavoz Canal Central"},"content":{"rendered":"<p><b>Especificaciones T\u00e9cnicas:<\/b><\/p>\n<p>SYSTEM<\/p>\n<p>3 way, full para-aperiodic vented box \u201cStealth Ultraflex\u201d, stand mount loudspeaker system<\/p>\n<p>LOUDSPEAKERS<\/p>\n<p>Tw: H28 XTR3, Neodymium \u201ccup design\u201d motor system with DAD\u2122, \u00d8 28 mm<br \/>\nMd: 2 x M15 XTR2-08, CCAW wire on a \u201ceddy current free\u201d voice coil, \u00d8 150 mm<br \/>\nW: 2 x W18XTR2-08, \u00d8 180 mm<\/p>\n<p>CROSSOVER<\/p>\n<p>250 Hz &#8211; 1.550 Hz<\/p>\n<p>FREQUENCY RESPONSE<\/p>\n<p>35 Hz \u2013 35.000 Hz<\/p>\n<p>SENSITIVITY<\/p>\n<p>90 dB SPL (2.83V\/1 m)<\/p>\n<p>NOMINAL IMPEDANCE<\/p>\n<p>4 ohm<\/p>\n<p>SUGGESTED AMPLIFIER POWER OUTPUT<\/p>\n<p>50 W \u2013 300 W, without clipping<\/p>\n<p>DIMENSIONS<\/p>\n<p>278,1 (719,9 stand included) x 866 x 459,7 mm<br \/>\n11 (28.3 stand included) x 34 x 18 in<\/p>\n<p>WEIGHT<\/p>\n<p>29 kg &#8211; net weight (37 kg stand included)<br \/>\n63.9 &#8211; net weight (81.5 lb stand included)<\/p>\n<p><a href=\"https:\/\/www.sonusfaber.com\/en\/products\/olympica-nova-cii\/\" target=\"_blank\" rel=\"noopener noreferrer\"><span style=\"color: #0000ff;\">Click aqu\u00ed para m\u00e1s informaci\u00f3n del producto.<\/span><\/a><\/p>\n","protected":false},"excerpt":{"rendered":"<p>Canal central sofisticado y refinado, parte del Olympica Nova Collection. Este altavoz reproduce instrumentos y vocales con pureza y precisi\u00f3n para una reproducci\u00f3n de sonido totalmente convincente. Con una forma org\u00e1nica que mejora el performance de la caja, el Nova Center II fue dise\u00f1ado para complementar a la perfecci\u00f3n los altavoces de mayor tama\u00f1o del Olympica Nova Collection. Su tecnolog\u00eda Paracross Topology hace al crossover menos sensible a interferencia de radio-frecuencias, mejora la transient response y reduce el noise floor. Disponible en acabados walnut, wenge o piano black.<span class=\"Apple-converted-space\">\u00a0<\/span><\/p>\n","protected":false},"featured_media":3075,"template":"","meta":[],"product_cat":[126,123,122],"product_tag":[31,184,196,195,107],"_links":{"self":[{"href":"https:\/\/baflesoviedo.com\/home\/wp-json\/wp\/v2\/product\/3074"}],"collection":[{"href":"https:\/\/baflesoviedo.com\/home\/wp-json\/wp\/v2\/product"}],"about":[{"href":"https:\/\/baflesoviedo.com\/home\/wp-json\/wp\/v2\/types\/product"}],"wp:featuredmedia":[{"embeddable":true,"href":"https:\/\/baflesoviedo.com\/home\/wp-json\/wp\/v2\/media\/3075"}],"wp:attachment":[{"href":"https:\/\/baflesoviedo.com\/home\/wp-json\/wp\/v2\/media?parent=3074"}],"wp:term":[{"taxonomy":"product_cat","embeddable":true,"href":"https:\/\/baflesoviedo.com\/home\/wp-json\/wp\/v2\/product_cat?post=3074"},{"taxonomy":"product_tag","embeddable":true,"href":"https:\/\/baflesoviedo.com\/home\/wp-json\/wp\/v2\/product_tag?post=3074"}],"curies":[{"name":"wp","href":"https:\/\/api.w.org\/{rel}","templated":true}]}}