{"id":3080,"date":"2023-10-09T20:36:45","date_gmt":"2023-10-09T20:36:45","guid":{"rendered":"https:\/\/baflesoviedo.com\/home\/?post_type=product&#038;p=3080"},"modified":"2023-10-21T02:31:14","modified_gmt":"2023-10-21T02:31:14","slug":"sonus-faber-maxima-amator-altavoz-torre","status":"publish","type":"product","link":"https:\/\/baflesoviedo.com\/home\/product\/sonus-faber-maxima-amator-altavoz-torre\/","title":{"rendered":"Sonus faber, Maxima Amator, Altavoz Torre"},"content":{"rendered":"<p><b>Especificaciones T\u00e9cnicas:<\/b><\/p>\n<p>SYSTEM<\/p>\n<p>2-way floorstanding vented loudspeaker system<\/p>\n<p>LOUDSPEAKERS<\/p>\n<p>Tw: H28 XTR-04 DAD\u2122, \u00d8 28 mm \/ 1,1 in<br \/>\nMw: MW18XTR-04, \u00d8 180 mm \/ 7 in<\/p>\n<p>CROSSOVER<\/p>\n<p>2.100 Hz<\/p>\n<p>FREQUENCY RESPONSE<\/p>\n<p>35 Hz \u2013 35.000 Hz<\/p>\n<p>SENSITIVITY<\/p>\n<p>88 dB SPL (2,83V\/1 m)<\/p>\n<p>NOMINAL IMPEDANCE<\/p>\n<p>4 ohm<\/p>\n<p>SUGGESTED AMPLIFIER POWER OUTPUT<\/p>\n<p>25 &#8211; 125W , without clipping<\/p>\n<p>SPEAKER DIMENSIONS &amp; WEIGHT<\/p>\n<p>1120 x 300 x 350 mm<br \/>\n44,1 x 11,8 x 13,8 in<br \/>\n38 Kg each \u2013 net weight<br \/>\n83,7 lb each \u2013 net weight<\/p>\n<p><a href=\"https:\/\/www.sonusfaber.com\/en\/products\/maxima-amator\/\" target=\"_blank\" rel=\"noopener noreferrer\"><span style=\"color: #0000ff;\">Click aqu\u00ed para m\u00e1s informaci\u00f3n del producto.<\/span><\/a><\/p>\n","protected":false},"excerpt":{"rendered":"<p>Altavoces tipo torre, parte del Heritage Collection. El IFF Crossover \u201cInteractive Fusion Filtering\u201d logra fusionar los dos drivers para una reproducci\u00f3n del sonido extremadamente natural y fluida. El mid-woofer de 180 mm est\u00e1 fabricado de pulpa de celulosa y fibras naturales, el tweeter de 28 mm cuenta con tecnolog\u00eda Dampened Apex Dome, con un sistema de motor magn\u00e9tico, y fue implementado con una c\u00e1mara trasera estilo laberinto ac\u00fastico de abeto s\u00f3lido. Disponible en acabado solid walnut y base Port Saint Laurent marble.<span class=\"Apple-converted-space\">\u00a0<\/span><\/p>\n","protected":false},"featured_media":3081,"template":"","meta":[],"product_cat":[121,18],"product_tag":[31,191,107],"_links":{"self":[{"href":"https:\/\/baflesoviedo.com\/home\/wp-json\/wp\/v2\/product\/3080"}],"collection":[{"href":"https:\/\/baflesoviedo.com\/home\/wp-json\/wp\/v2\/product"}],"about":[{"href":"https:\/\/baflesoviedo.com\/home\/wp-json\/wp\/v2\/types\/product"}],"wp:featuredmedia":[{"embeddable":true,"href":"https:\/\/baflesoviedo.com\/home\/wp-json\/wp\/v2\/media\/3081"}],"wp:attachment":[{"href":"https:\/\/baflesoviedo.com\/home\/wp-json\/wp\/v2\/media?parent=3080"}],"wp:term":[{"taxonomy":"product_cat","embeddable":true,"href":"https:\/\/baflesoviedo.com\/home\/wp-json\/wp\/v2\/product_cat?post=3080"},{"taxonomy":"product_tag","embeddable":true,"href":"https:\/\/baflesoviedo.com\/home\/wp-json\/wp\/v2\/product_tag?post=3080"}],"curies":[{"name":"wp","href":"https:\/\/api.w.org\/{rel}","templated":true}]}}