{"id":3082,"date":"2023-10-09T22:19:34","date_gmt":"2023-10-09T22:19:34","guid":{"rendered":"https:\/\/baflesoviedo.com\/home\/?post_type=product&#038;p=3082"},"modified":"2025-06-13T19:09:28","modified_gmt":"2025-06-13T19:09:28","slug":"sonus-faber-vox-altavoz-canal-central","status":"publish","type":"product","link":"https:\/\/baflesoviedo.com\/home\/product\/sonus-faber-vox-altavoz-canal-central\/","title":{"rendered":"Sonus faber, Vox, Altavoz Canal Central"},"content":{"rendered":"<p><b>Especificaciones T\u00e9cnicas:<\/b><\/p>\n<p>SYSTEM<\/p>\n<p>3.5 way<br \/>\nMidrange sealed box with Intono<br \/>\nWoofers vented box \u201cStealth Ultraflex\u201d system<\/p>\n<p>LOUDSPEAKERS<\/p>\n<p>Tw: DAD Arrow Point, \u00d8 28 mm<br \/>\nMd: Neodymium Magnet System, \u00d8 150 mm<br \/>\nWfs: 2 x Dual Drive Motor System \u00d8 220 mm<\/p>\n<p>CROSSOVER<\/p>\n<p>200Hz &#8211; 270Hz \u2013 2.200Hz<\/p>\n<p>FREQUENCY RESPONSE<\/p>\n<p>28 Hz \u2013 35.000 Hz<\/p>\n<p>SENSITIVITY<\/p>\n<p>91 dB SPL (2.83V\/1 m)<\/p>\n<p>NOMINAL IMPEDANCE<\/p>\n<p>4 ohm<\/p>\n<p>SUGGESTED AMPLIFIER POWER OUTPUT<\/p>\n<p>50W \u2013 450W<\/p>\n<p>SPEAKER DIMENSIONS &amp; WEIGHT<\/p>\n<p>1176 x 411 x 512 mm<br \/>\n46.3 x 16.2 x 20.1 in<br \/>\n55,5 Kg ea \u2013 net weight<br \/>\n112.36 lb ea \u2013 net weight<\/p>\n<p>PACKAGING CONTENT<\/p>\n<p>1 Photo book<br \/>\n1 Manual<br \/>\n1 Warranty extention card<br \/>\n1 Cleaning Kit<br \/>\n1 Wire tensioner<br \/>\n4 Feet<br \/>\n4 Spike shoe<br \/>\n1 Bag with 8 screws<br \/>\n1 Allen key<\/p>\n<p><a href=\"https:\/\/www.sonusfaber.com\/en\/products\/homage\/#vox-G3-features\" target=\"_blank\" rel=\"noopener noreferrer\"><span style=\"color: #0000ff;\">Click aqu\u00ed para m\u00e1s informaci\u00f3n del producto.<\/span><\/a><\/p>\n","protected":false},"excerpt":{"rendered":"<p>Canal central dise\u00f1ado para una experiencia de home theatre exclusiva, parte del Homage Tradition Collection. Este altavoz cuenta con el woofer Vox Generation 3, capaz de crear mayor movimiento de aire y extensi\u00f3n de bajos. Los drivers de medios cuentan con tecnolog\u00eda magn\u00e9tica para un coilcontrol de voz m\u00e1s controlado, preciso y r\u00e1pido. Con el Phase Plug, el altavoz logra optimizar a\u00fan m\u00e1s el movimiento de aire del driver para reducir la turbulencia mientras gu\u00eda las ondas de sonido para reforzar su propagaci\u00f3n de forma m\u00e1s consistente. Esto conduce a una respuesta de frecuencias m\u00e1s suave y con niveles de claridad m\u00e1s altos. Adem\u00e1s, gracias a la tecnolog\u00eda InTono, la construcci\u00f3n especializada de la caja interna garantiza frecuencias medias libres de coloraci\u00f3n. Disponible en acabados red o wenge.<span class=\"Apple-converted-space\">\u00a0<\/span><\/p>\n","protected":false},"featured_media":3083,"template":"","meta":[],"product_cat":[126,123,122,18],"product_tag":[31,184,196,195,107],"_links":{"self":[{"href":"https:\/\/baflesoviedo.com\/home\/wp-json\/wp\/v2\/product\/3082"}],"collection":[{"href":"https:\/\/baflesoviedo.com\/home\/wp-json\/wp\/v2\/product"}],"about":[{"href":"https:\/\/baflesoviedo.com\/home\/wp-json\/wp\/v2\/types\/product"}],"wp:featuredmedia":[{"embeddable":true,"href":"https:\/\/baflesoviedo.com\/home\/wp-json\/wp\/v2\/media\/3083"}],"wp:attachment":[{"href":"https:\/\/baflesoviedo.com\/home\/wp-json\/wp\/v2\/media?parent=3082"}],"wp:term":[{"taxonomy":"product_cat","embeddable":true,"href":"https:\/\/baflesoviedo.com\/home\/wp-json\/wp\/v2\/product_cat?post=3082"},{"taxonomy":"product_tag","embeddable":true,"href":"https:\/\/baflesoviedo.com\/home\/wp-json\/wp\/v2\/product_tag?post=3082"}],"curies":[{"name":"wp","href":"https:\/\/api.w.org\/{rel}","templated":true}]}}