{"id":3088,"date":"2023-10-10T00:22:26","date_gmt":"2023-10-10T00:22:26","guid":{"rendered":"https:\/\/baflesoviedo.com\/home\/?post_type=product&#038;p=3088"},"modified":"2023-10-21T02:30:38","modified_gmt":"2023-10-21T02:30:38","slug":"sonus-faber-il-cremonese-altavoz-torre","status":"publish","type":"product","link":"https:\/\/baflesoviedo.com\/home\/product\/sonus-faber-il-cremonese-altavoz-torre\/","title":{"rendered":"Sonus faber, Il Cremonese, Altavoz Torre"},"content":{"rendered":"<p><b>Especificaciones T\u00e9cnicas:<\/b><\/p>\n<p>SYSTEM<\/p>\n<p>3.5 way, full para-aperiodic vented box<\/p>\n<p>LOUDSPEAKERS<\/p>\n<p>Tw: H28 XTR-04 DAD Arrow Point, \u00d8 28 mm<br \/>\nMd: M18 XTR-04 Neodymium Magnet System, \u00d8 180 mm<br \/>\nW: 2 x W18XTR-12, \u00d8 180 mm<br \/>\nSw: 2 x W22XTR-16, \u00d8 220 mm<\/p>\n<p>CROSSOVER<\/p>\n<p>80Hz &#8211; 250Hz &#8211; 2500Hz<\/p>\n<p>FREQUENCY RESPONSE<\/p>\n<p>25 Hz \u2013 35.000 Hz, tuning port included<\/p>\n<p>SENSITIVITY<\/p>\n<p>92 db SPL (2.83V\/1 m)<\/p>\n<p>NOMINAL IMPEDANCE<\/p>\n<p>4 ohm<\/p>\n<p>SUGGESTED AMPLIFIER POWER OUTPUT<\/p>\n<p>100W \u2013 800W, without clipping<\/p>\n<p>DIMENSIONS<\/p>\n<p>1449 x 398 x 621 mm<br \/>\n57 x 15,6 x 24.5 in<\/p>\n<p>WEIGHT<\/p>\n<p>84 Kg ea \u2013 net weight<br \/>\n185 lb ea \u2013 net weight<\/p>\n<p><a href=\"https:\/\/www.sonusfaber.com\/en\/products\/il-cremonese\/\" target=\"_blank\" rel=\"noopener noreferrer\"><span style=\"color: #0000ff;\">Click aqu\u00ed para m\u00e1s informaci\u00f3n del producto.<\/span><\/a><\/p>\n","protected":false},"excerpt":{"rendered":"<p>Altavoz inspirado en el dise\u00f1o del viol\u00edn de Antonio Stradivari, parte del Reference Collection. Representa una evoluci\u00f3n hacia innovaci\u00f3n t\u00e9cnica y visual, manteniendo simult\u00e1neamente los logros hist\u00f3ricos que marcaron la historia de la fabricaci\u00f3n de violines as\u00ed como la historia de Sonus faber. La caja fue dise\u00f1ada con 5 paredes (forma romboidal de diamante) para optimizar la solidez estructural de los gabinetes de madera. Adem\u00e1s, el altavoz es mec\u00e1nicamente aislado del suelo por medio de los Silent Spikes, que garantizan una simplificaci\u00f3n en la construcci\u00f3n y ligereza est\u00e9tica. Disponible en acabados red, walnut o wenge.<span class=\"Apple-converted-space\">\u00a0<\/span><\/p>\n","protected":false},"featured_media":3089,"template":"","meta":[],"product_cat":[121,18],"product_tag":[31,191,107],"_links":{"self":[{"href":"https:\/\/baflesoviedo.com\/home\/wp-json\/wp\/v2\/product\/3088"}],"collection":[{"href":"https:\/\/baflesoviedo.com\/home\/wp-json\/wp\/v2\/product"}],"about":[{"href":"https:\/\/baflesoviedo.com\/home\/wp-json\/wp\/v2\/types\/product"}],"wp:featuredmedia":[{"embeddable":true,"href":"https:\/\/baflesoviedo.com\/home\/wp-json\/wp\/v2\/media\/3089"}],"wp:attachment":[{"href":"https:\/\/baflesoviedo.com\/home\/wp-json\/wp\/v2\/media?parent=3088"}],"wp:term":[{"taxonomy":"product_cat","embeddable":true,"href":"https:\/\/baflesoviedo.com\/home\/wp-json\/wp\/v2\/product_cat?post=3088"},{"taxonomy":"product_tag","embeddable":true,"href":"https:\/\/baflesoviedo.com\/home\/wp-json\/wp\/v2\/product_tag?post=3088"}],"curies":[{"name":"wp","href":"https:\/\/api.w.org\/{rel}","templated":true}]}}