{"id":3147,"date":"2023-11-01T02:44:14","date_gmt":"2023-11-01T02:44:14","guid":{"rendered":"https:\/\/baflesoviedo.com\/home\/?post_type=product&#038;p=3147"},"modified":"2024-05-22T21:45:19","modified_gmt":"2024-05-22T21:45:19","slug":"sonus-faber-duetto-altavoces-stand-mount-inalambricos","status":"publish","type":"product","link":"https:\/\/baflesoviedo.com\/home\/product\/sonus-faber-duetto-altavoces-stand-mount-inalambricos\/","title":{"rendered":"Sonus faber, Duetto, Altavoces Stand Mount Inal\u00e1mbricos"},"content":{"rendered":"<p><b>Especificaciones T\u00e9cnicas:<\/b><\/p>\n<p>SYSTEM<\/p>\n<p>2-way<br \/>\nCurved Vented box.<\/p>\n<p>SPEAKERS<\/p>\n<p>Tw: 1.1\u201d Ferrite Magnet system with copper cap, Silk dome and dedicated Waveguide<br \/>\nMw: 5.25\u201d Neodymium Magnet system with copper cap and Aluminum ring, Long excursion design<\/p>\n<p>CROSSOVER<\/p>\n<p>1900Hz \u2013Designed with Sf know-how<\/p>\n<p>FREQUENCY RESPONSE<\/p>\n<p>37 Hz \u201330.000 Hz<\/p>\n<p>MAX SPL<\/p>\n<p>105dBSPL @1m<\/p>\n<p>ON BOARD AMPLIFIERS<\/p>\n<p>Tw: 100W Class AB<br \/>\nMw: 250W Class D<\/p>\n<p>DAC<\/p>\n<p>SABRE, AKM<\/p>\n<p>NETWORK CONNECTIVITY<\/p>\n<p>RCA Line\/Phono IN<br \/>\nOptical<br \/>\nHDMI ARC\/EARC<br \/>\nSUB Output<\/p>\n<p>DIMENSIONS<\/p>\n<p>342x210x272 mm \/ 13,4&#215;8,3&#215;10,7 in<br \/>\n1082x298x371 mm \/ 42,6&#215;11,7&#215;14,6 in (stand included)<\/p>\n<p>WEIGHT<\/p>\n<p>6,8 kg ea \/ 15,0 lb ea<br \/>\n7,8 kg ea \/ 17,2 lb ea (stand weight)<\/p>\n<p><a href=\"https:\/\/www.sonusfaber.com\/en\/products\/duetto\/\" target=\"_blank\" rel=\"noopener noreferrer\"><span style=\"color: #0000ff;\">Click aqu\u00ed para m\u00e1s informaci\u00f3n del producto.<\/span><\/a><\/p>\n","protected":false},"excerpt":{"rendered":"<p>Altavoces inal\u00e1mbricos dise\u00f1ados para combinar la verdadera experiencia Hi-Fi con lo mejor de la conectividad digital y an\u00e1loga. Es una nueva forma de disfrutar de la m\u00fasica y el cine sin comprometer el dise\u00f1o italiano \u00fanico o el mejor desempe\u00f1o tecnol\u00f3gico. Su dise\u00f1o de la\u00fad se informa de la creaci\u00f3n de instrumentos para garantizar el cl\u00e1sico sonido de la marca. Cuenta con un sistema de escape t\u00e9rmico para lograr un excelente timbre y musicalidad mientras evita la resonancia interna. Su crossover utiliza cuatro amplificadores y drivers de alta calidad, resultando en un sonido sensible a las variaciones musicales. Cuenta con un phono stage incorporado para conectarse f\u00e1cilmente a una tornamesa, output para subwoofer activo y Toslink OPtical para enviar audio de alta resoluci\u00f3n a dispositivos de video. Adem\u00e1s, incluye la tecnolog\u00eda SENSO para un panel superior que controla una variedad de funciones. Disponible en acabados walnut o graphite.<span class=\"Apple-converted-space\">\u00a0<\/span><\/p>\n","protected":false},"featured_media":3161,"template":"","meta":[],"product_cat":[126,123,122,18,21],"product_tag":[31,184,74,107],"_links":{"self":[{"href":"https:\/\/baflesoviedo.com\/home\/wp-json\/wp\/v2\/product\/3147"}],"collection":[{"href":"https:\/\/baflesoviedo.com\/home\/wp-json\/wp\/v2\/product"}],"about":[{"href":"https:\/\/baflesoviedo.com\/home\/wp-json\/wp\/v2\/types\/product"}],"wp:featuredmedia":[{"embeddable":true,"href":"https:\/\/baflesoviedo.com\/home\/wp-json\/wp\/v2\/media\/3161"}],"wp:attachment":[{"href":"https:\/\/baflesoviedo.com\/home\/wp-json\/wp\/v2\/media?parent=3147"}],"wp:term":[{"taxonomy":"product_cat","embeddable":true,"href":"https:\/\/baflesoviedo.com\/home\/wp-json\/wp\/v2\/product_cat?post=3147"},{"taxonomy":"product_tag","embeddable":true,"href":"https:\/\/baflesoviedo.com\/home\/wp-json\/wp\/v2\/product_tag?post=3147"}],"curies":[{"name":"wp","href":"https:\/\/api.w.org\/{rel}","templated":true}]}}