{"id":316,"date":"2020-04-22T20:35:38","date_gmt":"2020-04-22T20:35:38","guid":{"rendered":"https:\/\/baflesoviedo.com\/home\/?post_type=product&#038;p=316"},"modified":"2023-10-21T02:57:52","modified_gmt":"2023-10-21T02:57:52","slug":"sonance-vp-38r-altavoz","status":"publish","type":"product","link":"https:\/\/baflesoviedo.com\/home\/product\/sonance-vp-38r-altavoz\/","title":{"rendered":"Sonance, VP-38R, Altavoz"},"content":{"rendered":"<p>&nbsp;<\/p>\n<p><strong>Especificaciones<\/strong><\/p>\n<table width=\"765\">\n<tbody>\n<tr>\n<td width=\"160\">Tweeter<\/td>\n<td width=\"605\">Domo de cer\u00e1mica de 3\/4 &#8220;(19 mm), refrigerado por ferrofluido, en la c\u00e1mara posterior ac\u00fastica<\/td>\n<\/tr>\n<tr>\n<td width=\"160\">Woofer<\/td>\n<td width=\"605\">Cono laminado de 3 1\/2 &#8220;(89 mm) de fibra de carbono \/ Rohacell con un borde de goma<\/td>\n<\/tr>\n<tr>\n<td width=\"160\">Respuesta de frecuencia<\/td>\n<td width=\"605\">75Hz &#8211; 20kHz &#8211; \u00b1 3dB<\/td>\n<\/tr>\n<tr>\n<td width=\"160\">Impedancia<\/td>\n<td width=\"605\">10 ohmios nominales; 8 ohmios m\u00ednimo<\/td>\n<\/tr>\n<tr>\n<td width=\"160\">Manejo de poder<\/td>\n<td width=\"605\">100 vatios m\u00e1ximo<\/td>\n<\/tr>\n<tr>\n<td width=\"160\">Sensibilidad<\/td>\n<td width=\"605\">83dB SPL (2.83V \/ 1 metro)<\/td>\n<\/tr>\n<tr>\n<td width=\"160\">Reja<\/td>\n<td width=\"605\">Acero perforado<\/td>\n<\/tr>\n<tr>\n<td width=\"160\">Filtro de paso alto<\/td>\n<td width=\"605\">125Hz 6dB por octava<\/td>\n<\/tr>\n<tr>\n<td width=\"160\">Dimensiones<\/td>\n<td width=\"605\">4 5\/16 &#8220;x 3 15\/16&#8221; (109 mm x 99 mm)<\/td>\n<\/tr>\n<tr>\n<td width=\"160\">Peso de env\u00edo<\/td>\n<td width=\"605\">3.1 lbs (1.4kg) cada uno<\/td>\n<\/tr>\n<tr>\n<td width=\"160\">Dimensiones de corte<\/td>\n<td width=\"605\">4 &#8220;de di\u00e1metro<\/td>\n<\/tr>\n<\/tbody>\n<\/table>\n<p><a href=\"https:\/\/www.sonance.com\/in-wall-in-ceiling\/visual-performance\/discreet-opening-system\" target=\"_blank\" rel=\"noopener noreferrer\"><span style=\"color: #0000ff;\">Click aqu\u00ed para m\u00e1s informaci\u00f3n del producto<\/span><\/a><\/p>\n","protected":false},"excerpt":{"rendered":"<p>Utiliza un enfoque optimizado del sistema de altavoces sat\u00e9lite y un subwoofer oculto para proporcionar una cobertura suave en un espacio.<br \/>\nEl discreto sistema de apertura ofrece un rendimiento sonoro incre\u00edble con una intrusi\u00f3n visual m\u00ednima.<br \/>\nEst\u00e9tica de factor de forma peque\u00f1o que coincide con el tama\u00f1o de downlights redondos o cuadrados.<\/p>\n","protected":false},"featured_media":323,"template":"","meta":[],"product_cat":[124],"product_tag":[31,40,60],"_links":{"self":[{"href":"https:\/\/baflesoviedo.com\/home\/wp-json\/wp\/v2\/product\/316"}],"collection":[{"href":"https:\/\/baflesoviedo.com\/home\/wp-json\/wp\/v2\/product"}],"about":[{"href":"https:\/\/baflesoviedo.com\/home\/wp-json\/wp\/v2\/types\/product"}],"wp:featuredmedia":[{"embeddable":true,"href":"https:\/\/baflesoviedo.com\/home\/wp-json\/wp\/v2\/media\/323"}],"wp:attachment":[{"href":"https:\/\/baflesoviedo.com\/home\/wp-json\/wp\/v2\/media?parent=316"}],"wp:term":[{"taxonomy":"product_cat","embeddable":true,"href":"https:\/\/baflesoviedo.com\/home\/wp-json\/wp\/v2\/product_cat?post=316"},{"taxonomy":"product_tag","embeddable":true,"href":"https:\/\/baflesoviedo.com\/home\/wp-json\/wp\/v2\/product_tag?post=316"}],"curies":[{"name":"wp","href":"https:\/\/api.w.org\/{rel}","templated":true}]}}