{"id":3163,"date":"2023-11-02T00:16:35","date_gmt":"2023-11-02T00:16:35","guid":{"rendered":"https:\/\/baflesoviedo.com\/home\/?post_type=product&#038;p=3163"},"modified":"2024-05-22T21:45:05","modified_gmt":"2024-05-22T21:45:05","slug":"sonus-faber-stradivari-altavoz-torre","status":"publish","type":"product","link":"https:\/\/baflesoviedo.com\/home\/product\/sonus-faber-stradivari-altavoz-torre\/","title":{"rendered":"Sonus faber, Stradivari, Altavoz Torre"},"content":{"rendered":"<p><b>Especificaciones T\u00e9cnicas:<\/b><\/p>\n<p>SYSTEM<\/p>\n<p>3.5 way Midrange sealed box with Intono<br \/>\nWoofers vented box \u201cStealth Ultraflex&#8220; system<\/p>\n<p>LOUDSPEAKERS<\/p>\n<p>Tweeter: DAD\u2122 Arrow Point, \u00d8 28 mm<br \/>\nMidrange: Neodymium Magnet System, \u00d8 150 mm<br \/>\nWoofer: 2 x Dual Drive Motor System \u00d8 260 mm<\/p>\n<p>CROSSOVER<\/p>\n<p>160 Hz &#8211; 220 Hz \u2013 2.200 Hz<\/p>\n<p>FREQUENCY RESPONSE<\/p>\n<p>25 Hz &#8211; 35.000 Hz<\/p>\n<p>SENSITIVITY<\/p>\n<p>92 dB SPL (2.83V\/1 m)<\/p>\n<p>NOMINAL IMPEDANCE<\/p>\n<p>4 ohm<\/p>\n<p>SUGGESTED AMPLIFIER POWER OUTPUT<\/p>\n<p>100 W &#8211; 600 W<\/p>\n<p>DIMENSIONS<\/p>\n<p>1.374x715x428 mm<br \/>\n54&#215;28,1&#215;16,8 in<\/p>\n<p>WEIGHT<\/p>\n<p>63 kg \u2013 net weight<br \/>\n138,9 l b \u2013 net weight<span class=\"Apple-converted-space\">\u00a0<\/span><\/p>\n<p><a href=\"https:\/\/www.sonusfaber.com\/en\/products\/stradivari\/\" target=\"_blank\" rel=\"noopener noreferrer\"><span style=\"color: #0000ff;\">Click aqu\u00ed para m\u00e1s informaci\u00f3n del producto.<\/span><\/a><\/p>\n","protected":false},"excerpt":{"rendered":"<p>Parte del Homage Collection. Inspirado en la excelencia de la fabricaci\u00f3n legendaria de violines renacentistas italianos, Sonus faber dise\u00f1\u00f3 al Stradivari con gran ingenio y dedicaci\u00f3n a la innovaci\u00f3n. Su tecnolog\u00eda LFA permite ajustar los woofers al tama\u00f1o del espacio, su dise\u00f1o de tweeter resulta en mayor dispersi\u00f3n de frecuencias agudas y control a vol\u00famenes mayores, y su sistema de crossover garantiza una reproducci\u00f3n musical sin distorsi\u00f3n. Disponible en acabados red high gloss, graphite high gloss o wenge high gloss.<\/p>\n","protected":false},"featured_media":3164,"template":"","meta":[],"product_cat":[121,18],"product_tag":[31,191,107],"_links":{"self":[{"href":"https:\/\/baflesoviedo.com\/home\/wp-json\/wp\/v2\/product\/3163"}],"collection":[{"href":"https:\/\/baflesoviedo.com\/home\/wp-json\/wp\/v2\/product"}],"about":[{"href":"https:\/\/baflesoviedo.com\/home\/wp-json\/wp\/v2\/types\/product"}],"wp:featuredmedia":[{"embeddable":true,"href":"https:\/\/baflesoviedo.com\/home\/wp-json\/wp\/v2\/media\/3164"}],"wp:attachment":[{"href":"https:\/\/baflesoviedo.com\/home\/wp-json\/wp\/v2\/media?parent=3163"}],"wp:term":[{"taxonomy":"product_cat","embeddable":true,"href":"https:\/\/baflesoviedo.com\/home\/wp-json\/wp\/v2\/product_cat?post=3163"},{"taxonomy":"product_tag","embeddable":true,"href":"https:\/\/baflesoviedo.com\/home\/wp-json\/wp\/v2\/product_tag?post=3163"}],"curies":[{"name":"wp","href":"https:\/\/api.w.org\/{rel}","templated":true}]}}