{"id":3174,"date":"2023-11-02T00:40:17","date_gmt":"2023-11-02T00:40:17","guid":{"rendered":"https:\/\/baflesoviedo.com\/home\/?post_type=product&#038;p=3174"},"modified":"2024-05-22T21:44:48","modified_gmt":"2024-05-22T21:44:48","slug":"sonus-faber-guarneri-altavoz-stand-mount","status":"publish","type":"product","link":"https:\/\/baflesoviedo.com\/home\/product\/sonus-faber-guarneri-altavoz-stand-mount\/","title":{"rendered":"Sonus faber, Guarneri, Altavoz Stand Mount"},"content":{"rendered":"<p><b>Especificaciones T\u00e9cnicas:<\/b><\/p>\n<p>SYSTEM<\/p>\n<p>2 way<br \/>\nVented box \u201cStealth Ultraflex\u201d system<\/p>\n<p>LOUDSPEAKERS<\/p>\n<p>Tw: DAD Arrow Point, \u00d8 28 mm<br \/>\nMw: Neodymium Magnet System, \u00d8 150 mm<\/p>\n<p>CROSSOVER<\/p>\n<p>2.200Hz<\/p>\n<p>FREQUENCY RESPONSE<\/p>\n<p>40 Hz \u2013 35.000 Hz<\/p>\n<p>SENSITIVITY<\/p>\n<p>86 db SPL (2.83V\/1 m)<\/p>\n<p>NOMINAL IMPEDANCE<\/p>\n<p>4 ohm<\/p>\n<p>SUGGESTED AMPLIFIER POWER OUTPUT<\/p>\n<p>30W \u2013 125W<\/p>\n<p>SPEAKER DIMENSIONS &amp; WEIGHT<\/p>\n<p>377 x 239 x 375 mm<br \/>\n14.8 x 9.4 x 14.7 in<br \/>\n14,6 Kg ea \u2013 net weight<br \/>\n32.19 lb ea \u2013 net weight<\/p>\n<p>STAND DIMENSIONS &amp; WEIGHT<\/p>\n<p>758 x 300 x 390 mm<br \/>\n29.8 x 11.8 x 15.3 in<br \/>\n13 kg ea \u2013 net weight<br \/>\n28.6 lb ea \u2013 net weight<\/p>\n<p>PACKAGING CONTENTS<\/p>\n<p>1 Photo book<br \/>\n1 Manual<br \/>\n1 Waranty extention card<br \/>\n1 Cleaning Kit<br \/>\n1 Wire tensioner<\/p>\n<p><a href=\"https:\/\/www.sonusfaber.com\/en\/products\/homage\/#guarneri-G5\" target=\"_blank\" rel=\"noopener noreferrer\"><span style=\"color: #0000ff;\">Click aqu\u00ed para m\u00e1s informaci\u00f3n del producto.<\/span><\/a><\/p>\n","protected":false},"excerpt":{"rendered":"<p>Parte del Homage Collection, vienen equipados con un nuevo midwoofer que reduce la resonancia y reproduce cada detalle y variaci\u00f3n musical. Su nueva tecnolog\u00eda de crossover reduce el noise floor y elimina sonido ambiente, para una experiencia de sonido tridimensional con las caracter\u00edsticas de una presentaci\u00f3n en vivo. Disponible en acabados red high gloss, graphite high gloss o wenge high gloss.<span class=\"Apple-converted-space\">\u00a0<\/span><\/p>\n","protected":false},"featured_media":3175,"template":"","meta":[],"product_cat":[126,122,18],"product_tag":[31,184,107],"_links":{"self":[{"href":"https:\/\/baflesoviedo.com\/home\/wp-json\/wp\/v2\/product\/3174"}],"collection":[{"href":"https:\/\/baflesoviedo.com\/home\/wp-json\/wp\/v2\/product"}],"about":[{"href":"https:\/\/baflesoviedo.com\/home\/wp-json\/wp\/v2\/types\/product"}],"wp:featuredmedia":[{"embeddable":true,"href":"https:\/\/baflesoviedo.com\/home\/wp-json\/wp\/v2\/media\/3175"}],"wp:attachment":[{"href":"https:\/\/baflesoviedo.com\/home\/wp-json\/wp\/v2\/media?parent=3174"}],"wp:term":[{"taxonomy":"product_cat","embeddable":true,"href":"https:\/\/baflesoviedo.com\/home\/wp-json\/wp\/v2\/product_cat?post=3174"},{"taxonomy":"product_tag","embeddable":true,"href":"https:\/\/baflesoviedo.com\/home\/wp-json\/wp\/v2\/product_tag?post=3174"}],"curies":[{"name":"wp","href":"https:\/\/api.w.org\/{rel}","templated":true}]}}