{"id":3189,"date":"2023-11-13T05:29:42","date_gmt":"2023-11-13T05:29:42","guid":{"rendered":"https:\/\/baflesoviedo.com\/home\/?post_type=product&#038;p=3189"},"modified":"2025-07-02T20:56:23","modified_gmt":"2025-07-02T20:56:23","slug":"rotel-t11-fm-dab-tuner","status":"publish","type":"product","link":"https:\/\/baflesoviedo.com\/home\/product\/rotel-t11-fm-dab-tuner\/","title":{"rendered":"Rotel, T11, FM\/DAB+ Tuner"},"content":{"rendered":"<p><b>Especificaciones T\u00e9cnicas:<\/b><\/p>\n<p>DIMENSIONS (W \u00d7 H \u00d7 D)<\/p>\n<p>430 \u00d7 73 \u00d7 330mm<\/p>\n<p>17&#8243; \u00d7 2.9&#8243; \u00d7 13&#8243;<\/p>\n<p>&nbsp;<\/p>\n<p>FRONT PANEL HEIGHT<\/p>\n<p>60mm (2.36&#8243;)<\/p>\n<p>&nbsp;<\/p>\n<p>POWER REQUIREMENTS<\/p>\n<p>230V, 50Hz<\/p>\n<p>&nbsp;<\/p>\n<p>POWER CONSUMPTION<\/p>\n<p>10W<\/p>\n<p>&nbsp;<\/p>\n<p>STANDBY POWER CONSUMPTION<\/p>\n<p>&lt;0.5W<\/p>\n<p>&nbsp;<\/p>\n<p>NET WEIGHT<\/p>\n<p>4.3kg (9lbs.)<\/p>\n<p>&nbsp;<\/p>\n<p>BTU RATING<\/p>\n<p>17 BTU\/h<\/p>\n<p>DAB SENSITIVITY<\/p>\n<p>-80dBm<\/p>\n<p>&nbsp;<\/p>\n<p>DAB TUNING RANGE<\/p>\n<p>Band III (174-240MHz)<\/p>\n<p>&nbsp;<\/p>\n<p>DAB AUDIO DATE RATE<\/p>\n<p>224Kbps Max<\/p>\n<p>&nbsp;<\/p>\n<p>DAB FREQUENCY RESPONSE<\/p>\n<p>20Hz &#8211; 20kHz \u00b11dB<\/p>\n<p>&nbsp;<\/p>\n<p>DAB ANALOG OUTPUT<\/p>\n<p>2.1V at 0dBfs<\/p>\n<p>&nbsp;<\/p>\n<p>DAB ANTENNA INPUT<\/p>\n<p>75\u03a9 F Connector<\/p>\n<p><a href=\"https:\/\/www.rotel.com\/en-la\/product\/t11\" target=\"_blank\" rel=\"noopener noreferrer\"><span style=\"color: #0000ff;\">Click aqu\u00ed para m\u00e1s informaci\u00f3n del producto.<\/span><\/a><\/p>\n","protected":false},"excerpt":{"rendered":"<p>Esta unidad tiene hasta 30 presets de estaciones, y provee una amplia gama de opciones de m\u00fasica libre de costo. Tiene capacidad de RDS (Radio Data System) para FM e incluye control remoto. Disponible en acabados silver o black.<span class=\"Apple-converted-space\">\u00a0<\/span><\/p>\n","protected":false},"featured_media":3190,"template":"","meta":[],"product_cat":[19],"product_tag":[106,67],"_links":{"self":[{"href":"https:\/\/baflesoviedo.com\/home\/wp-json\/wp\/v2\/product\/3189"}],"collection":[{"href":"https:\/\/baflesoviedo.com\/home\/wp-json\/wp\/v2\/product"}],"about":[{"href":"https:\/\/baflesoviedo.com\/home\/wp-json\/wp\/v2\/types\/product"}],"wp:featuredmedia":[{"embeddable":true,"href":"https:\/\/baflesoviedo.com\/home\/wp-json\/wp\/v2\/media\/3190"}],"wp:attachment":[{"href":"https:\/\/baflesoviedo.com\/home\/wp-json\/wp\/v2\/media?parent=3189"}],"wp:term":[{"taxonomy":"product_cat","embeddable":true,"href":"https:\/\/baflesoviedo.com\/home\/wp-json\/wp\/v2\/product_cat?post=3189"},{"taxonomy":"product_tag","embeddable":true,"href":"https:\/\/baflesoviedo.com\/home\/wp-json\/wp\/v2\/product_tag?post=3189"}],"curies":[{"name":"wp","href":"https:\/\/api.w.org\/{rel}","templated":true}]}}