{"id":3215,"date":"2023-11-14T21:12:41","date_gmt":"2023-11-14T21:12:41","guid":{"rendered":"https:\/\/baflesoviedo.com\/home\/?post_type=product&#038;p=3215"},"modified":"2025-06-29T21:57:48","modified_gmt":"2025-06-29T21:57:48","slug":"rotel-rcd-1572-mkii-cd-player","status":"publish","type":"product","link":"https:\/\/baflesoviedo.com\/home\/product\/rotel-rcd-1572-mkii-cd-player\/","title":{"rendered":"Rotel, RCD-1572 MKII, CD Player"},"content":{"rendered":"<p><b>Especificaciones T\u00e9cnicas:<\/b><\/p>\n<p>DIMENSIONS (W \u00d7 H \u00d7 D)<\/p>\n<p>431 \u00d7 104 \u00d7 320mm<\/p>\n<p>17&#8243; \u00d7 4&#8243; \u00d7 12.6&#8243;<\/p>\n<p>&nbsp;<\/p>\n<p>FRONT PANEL HEIGHT<\/p>\n<p>2U \/ 88.1mm (3.5&#8243;)<\/p>\n<p>&nbsp;<\/p>\n<p>POWER REQUIREMENTS<\/p>\n<p>120V, 60Hz<\/p>\n<p>&nbsp;<\/p>\n<p>POWER CONSUMPTION<\/p>\n<p>15W<\/p>\n<p>&nbsp;<\/p>\n<p>STANDBY POWER CONSUMPTION<\/p>\n<p>&lt;0.5W<\/p>\n<p>&nbsp;<\/p>\n<p>NET WEIGHT<\/p>\n<p>7.34kg (16.18lbs.)<\/p>\n<p>TOTAL HARMONIC DISTORTION (THD)<\/p>\n<p>0.0035% @ 1kHz<\/p>\n<p>&nbsp;<\/p>\n<p>FREQUENCY RESPONSE<\/p>\n<p>20Hz &#8211; 20kHz, 0 \u00b10.5dB<\/p>\n<p>&nbsp;<\/p>\n<p>S\/N RATIO\u00a0(IHF &#8220;A&#8221; Weighted)<\/p>\n<p>&gt;118dB<\/p>\n<p>&nbsp;<\/p>\n<p>DYNAMIC RANGE<\/p>\n<p>&gt;99dB<\/p>\n<p>&nbsp;<\/p>\n<p>DIGITAL TO ANALOG CONVERTERS<\/p>\n<p>Texas Instruments<\/p>\n<p>&nbsp;<\/p>\n<p>CHANNEL BALANCE<\/p>\n<p>\u00b1 0.5dB<\/p>\n<p>&nbsp;<\/p>\n<p>CHANNEL SEPARATION<\/p>\n<p>&gt;118dB @ 10kHz<\/p>\n<p><a href=\"https:\/\/www.rotel.com\/en-la\/product\/rcd-1572mkii\" target=\"_blank\" rel=\"noopener noreferrer\"><span style=\"color: #0000ff;\">Click aqu\u00ed para m\u00e1s informaci\u00f3n del producto.<\/span><\/a><\/p>\n","protected":false},"excerpt":{"rendered":"<p>Este reproductor contin\u00faa la tradici\u00f3n de Rotel de elaborar CD players con reproducci\u00f3n de audio precisa, un sentido del espacio excepcional, una respuesta de frecuencias exacta y un noise floor ultra bajo. Garantiza detalle sorprendente y una claridad extraordinaria. Disponible en acabados silver o black.<\/p>\n","protected":false},"featured_media":3217,"template":"","meta":[],"product_cat":[19],"product_tag":[189,106],"_links":{"self":[{"href":"https:\/\/baflesoviedo.com\/home\/wp-json\/wp\/v2\/product\/3215"}],"collection":[{"href":"https:\/\/baflesoviedo.com\/home\/wp-json\/wp\/v2\/product"}],"about":[{"href":"https:\/\/baflesoviedo.com\/home\/wp-json\/wp\/v2\/types\/product"}],"wp:featuredmedia":[{"embeddable":true,"href":"https:\/\/baflesoviedo.com\/home\/wp-json\/wp\/v2\/media\/3217"}],"wp:attachment":[{"href":"https:\/\/baflesoviedo.com\/home\/wp-json\/wp\/v2\/media?parent=3215"}],"wp:term":[{"taxonomy":"product_cat","embeddable":true,"href":"https:\/\/baflesoviedo.com\/home\/wp-json\/wp\/v2\/product_cat?post=3215"},{"taxonomy":"product_tag","embeddable":true,"href":"https:\/\/baflesoviedo.com\/home\/wp-json\/wp\/v2\/product_tag?post=3215"}],"curies":[{"name":"wp","href":"https:\/\/api.w.org\/{rel}","templated":true}]}}