{"id":3288,"date":"2023-11-16T23:11:07","date_gmt":"2023-11-16T23:11:07","guid":{"rendered":"https:\/\/baflesoviedo.com\/home\/?post_type=product&#038;p=3288"},"modified":"2025-06-29T21:56:42","modified_gmt":"2025-06-29T21:56:42","slug":"rotel-dt-6000-transporte-cd-dac","status":"publish","type":"product","link":"https:\/\/baflesoviedo.com\/home\/product\/rotel-dt-6000-transporte-cd-dac\/","title":{"rendered":"Rotel, DT-6000, Transporte CD &#038; DAC"},"content":{"rendered":"<p><b>Especificaciones T\u00e9cnicas:<\/b><\/p>\n<p>DIMENSIONS (W \u00d7 H \u00d7 D)<\/p>\n<p>431 \u00d7 104 \u00d7 320mm<\/p>\n<p>17&#8243; \u00d7 4&#8243; \u00d7 12.6&#8243;<\/p>\n<p>&nbsp;<\/p>\n<p>FRONT PANEL HEIGHT<\/p>\n<p>2U \/ 88.1mm (3.5&#8243;)<\/p>\n<p>&nbsp;<\/p>\n<p>POWER REQUIREMENTS<\/p>\n<p>120V, 60Hz<\/p>\n<p>&nbsp;<\/p>\n<p>POWER CONSUMPTION<\/p>\n<p>25W<\/p>\n<p>&nbsp;<\/p>\n<p>STANDBY POWER CONSUMPTION<\/p>\n<p>&lt;0.5W<\/p>\n<p>&nbsp;<\/p>\n<p>NET WEIGHT<\/p>\n<p>8.11kg (17.88lbs.)<\/p>\n<p>TOTAL HARMONIC DISTORTION (THD)<\/p>\n<p>Optical\/Coaxical Input: &lt; 0.0007%<\/p>\n<p>CD\/PC-USB Input: &lt; 0.0012%<\/p>\n<p>&nbsp;<\/p>\n<p>FREQUENCY RESPONSE<\/p>\n<p>20Hz &#8211; 20kHz, +0, -0.15dB<\/p>\n<p>10 Hz &#8211; 70kHz, +0, -3dB<\/p>\n<p>&nbsp;<\/p>\n<p>S\/N RATIO (&#8220;A&#8221; Weighted)<\/p>\n<p>&gt;115dB<\/p>\n<p>&nbsp;<\/p>\n<p>DYNAMIC RANGE<\/p>\n<p>&gt;99dB<\/p>\n<p>&nbsp;<\/p>\n<p>DIGITAL TO ANALOG CONVERTERS<\/p>\n<p>ESS 32-Bit\/768kHz DAC<\/p>\n<p>&nbsp;<\/p>\n<p>CHANNEL BALANCE<\/p>\n<p>\u00b1 0.5dB<\/p>\n<p>&nbsp;<\/p>\n<p>CHANNEL SEPARATION<\/p>\n<p>&gt;115dB @ 10kHz<\/p>\n<p><a href=\"https:\/\/www.rotel.com\/en-la\/product\/dt-6000\" target=\"_blank\" rel=\"noopener noreferrer\"><span style=\"color: #0000ff;\">Click aqu\u00ed para m\u00e1s informaci\u00f3n del producto.<\/span><\/a><\/p>\n","protected":false},"excerpt":{"rendered":"<p>Parte del Diamond Series, este Transporte-DAC celebra 60 a\u00f1os de un performance sin\u00f3nimo de la herencia japonesa de la marca. Permite flexibilidad de fuentes al incluir PC-USB, optical, coaxial y CD Player, reproduciendo audio con detalle sin precedentes y una experiencia sonora inmersiva.<span class=\"Apple-converted-space\">\u00a0<\/span><\/p>\n","protected":false},"featured_media":3289,"template":"","meta":[],"product_cat":[19],"product_tag":[57,106,211],"_links":{"self":[{"href":"https:\/\/baflesoviedo.com\/home\/wp-json\/wp\/v2\/product\/3288"}],"collection":[{"href":"https:\/\/baflesoviedo.com\/home\/wp-json\/wp\/v2\/product"}],"about":[{"href":"https:\/\/baflesoviedo.com\/home\/wp-json\/wp\/v2\/types\/product"}],"wp:featuredmedia":[{"embeddable":true,"href":"https:\/\/baflesoviedo.com\/home\/wp-json\/wp\/v2\/media\/3289"}],"wp:attachment":[{"href":"https:\/\/baflesoviedo.com\/home\/wp-json\/wp\/v2\/media?parent=3288"}],"wp:term":[{"taxonomy":"product_cat","embeddable":true,"href":"https:\/\/baflesoviedo.com\/home\/wp-json\/wp\/v2\/product_cat?post=3288"},{"taxonomy":"product_tag","embeddable":true,"href":"https:\/\/baflesoviedo.com\/home\/wp-json\/wp\/v2\/product_tag?post=3288"}],"curies":[{"name":"wp","href":"https:\/\/api.w.org\/{rel}","templated":true}]}}