{"id":3292,"date":"2023-11-16T23:16:03","date_gmt":"2023-11-16T23:16:03","guid":{"rendered":"https:\/\/baflesoviedo.com\/home\/?post_type=product&#038;p=3292"},"modified":"2025-07-02T20:52:13","modified_gmt":"2025-07-02T20:52:13","slug":"rotel-michi-x5-s2-amplificador-integrado-stereo","status":"publish","type":"product","link":"https:\/\/baflesoviedo.com\/home\/product\/rotel-michi-x5-s2-amplificador-integrado-stereo\/","title":{"rendered":"Rotel, Michi X5 S2, Amplificador Integrado"},"content":{"rendered":"<p><b>Especificaciones T\u00e9cnicas:<\/b><\/p>\n<p>DIMENSIONS (W \u00d7 H \u00d7 D)<\/p>\n<p>485 x 195 x 452mm<\/p>\n<p>19&#8243; \u00d7\u00a0 7 5\/8&#8243; \u00d7 17 3\/4&#8243;<\/p>\n<p>&nbsp;<\/p>\n<p>FRONT PANEL HEIGHT<\/p>\n<p>177 mm (7&#8243;)<\/p>\n<p>&nbsp;<\/p>\n<p>POWER REQUIREMENTS<\/p>\n<p>120V, 60Hz<\/p>\n<p>&nbsp;<\/p>\n<p>POWER CONSUMPTION<\/p>\n<p>850W<\/p>\n<p>&nbsp;<\/p>\n<p>STANDBY POWER CONSUMPTION<\/p>\n<p>&lt;0.5W<\/p>\n<p>&nbsp;<\/p>\n<p>NET WEIGHT<\/p>\n<p>43.8kg (96.56 lbs.)<\/p>\n<p>&nbsp;<\/p>\n<p>BTU RATING<\/p>\n<p>2194 BTU\/h<\/p>\n<p>CONTINUOUS POWER OUTPUT<\/p>\n<p>600W\/Ch (4\u03a9)<\/p>\n<p>350W\/Ch (8\u03a9)<\/p>\n<p>&nbsp;<\/p>\n<p>TOTAL HARMONIC DISTORTION (THD)<\/p>\n<p>&lt;0.009%<\/p>\n<p>&nbsp;<\/p>\n<p>FREQUENCY RESPONSE<\/p>\n<p>Line Level Inputs: 10Hz &#8211; 100kHz\u00a0(+0 dB, -0.6 dB)<\/p>\n<p>Digital Inputs: 20Hz &#8211; 20kHz\u00a0(0 \u00b1 0.4 dB)<\/p>\n<p>Phono Input: 20Hz &#8211; 20kHz\u00a0(+0 dB, -0.2 dB)<\/p>\n<p>&nbsp;<\/p>\n<p>S\/N RATIO\u00a0(IHF &#8220;A&#8221; Weighted)<\/p>\n<p>Line Level Inputs: 102dB<\/p>\n<p>Digital Inputs: 102dB<\/p>\n<p>Phono Input: 80dB<\/p>\n<p><a href=\"https:\/\/www.rotel.com\/en-la\/product\/x5-series-2\" target=\"_blank\" rel=\"noopener noreferrer\"><span style=\"color: #0000ff;\">Click aqu\u00ed para m\u00e1s informaci\u00f3n del producto.<\/span><\/a><\/p>\n","protected":false},"excerpt":{"rendered":"<p>Parte de la colecci\u00f3n Michi, esta unidad de Clase AB combina<span class=\"Apple-converted-space\">\u00a0 <\/span>600 watts de poder con un DAC ESS Sabre de 8 canales para garantizar una impresionante precisi\u00f3n y control sin equivalencia. Soporta an\u00e1logo, digital, XLR, Bluetooth apTX HD, PC-USB y cuenta con un phono stage para moving magnet y moving coil.<span class=\"Apple-converted-space\">\u00a0<\/span><\/p>\n","protected":false},"featured_media":3293,"template":"","meta":[],"product_cat":[20],"product_tag":[163,214,106],"_links":{"self":[{"href":"https:\/\/baflesoviedo.com\/home\/wp-json\/wp\/v2\/product\/3292"}],"collection":[{"href":"https:\/\/baflesoviedo.com\/home\/wp-json\/wp\/v2\/product"}],"about":[{"href":"https:\/\/baflesoviedo.com\/home\/wp-json\/wp\/v2\/types\/product"}],"wp:featuredmedia":[{"embeddable":true,"href":"https:\/\/baflesoviedo.com\/home\/wp-json\/wp\/v2\/media\/3293"}],"wp:attachment":[{"href":"https:\/\/baflesoviedo.com\/home\/wp-json\/wp\/v2\/media?parent=3292"}],"wp:term":[{"taxonomy":"product_cat","embeddable":true,"href":"https:\/\/baflesoviedo.com\/home\/wp-json\/wp\/v2\/product_cat?post=3292"},{"taxonomy":"product_tag","embeddable":true,"href":"https:\/\/baflesoviedo.com\/home\/wp-json\/wp\/v2\/product_tag?post=3292"}],"curies":[{"name":"wp","href":"https:\/\/api.w.org\/{rel}","templated":true}]}}