{"id":3295,"date":"2023-11-18T21:40:08","date_gmt":"2023-11-18T21:40:08","guid":{"rendered":"https:\/\/baflesoviedo.com\/home\/?post_type=product&#038;p=3295"},"modified":"2025-07-02T20:52:01","modified_gmt":"2025-07-02T20:52:01","slug":"rotel-michi-x3-s2-amplificador-integrado-stereo","status":"publish","type":"product","link":"https:\/\/baflesoviedo.com\/home\/product\/rotel-michi-x3-s2-amplificador-integrado-stereo\/","title":{"rendered":"Rotel, Michi X3 S2, Amplificador Integrado"},"content":{"rendered":"<p><b>Especificaciones T\u00e9cnicas:<\/b><\/p>\n<p>DIMENSIONS (W \u00d7 H \u00d7 D)<\/p>\n<p>485 x 150 x 452mm<\/p>\n<p>19&#8243; \u00d7 6&#8243; \u00d7 17 3\/4&#8243;<\/p>\n<p>&nbsp;<\/p>\n<p>FRONT PANEL HEIGHT<\/p>\n<p>132 mm (5.25&#8243;)<\/p>\n<p>&nbsp;<\/p>\n<p>POWER REQUIREMENTS<\/p>\n<p>120V, 60Hz<\/p>\n<p>&nbsp;<\/p>\n<p>POWER CONSUMPTION<\/p>\n<p>500W<\/p>\n<p>&nbsp;<\/p>\n<p>STANDBY POWER CONSUMPTION<\/p>\n<p>Normal: &lt;0.5W<\/p>\n<p>Network Wakeup: &lt;2W<\/p>\n<p>&nbsp;<\/p>\n<p>NET WEIGHT<\/p>\n<p>28.9kg (63.7 lbs.)<\/p>\n<p>&nbsp;<\/p>\n<p>BTU RATING<\/p>\n<p>1303 BTU\/h<\/p>\n<p>MAXIMUM\u00a0POWER OUTPUT<\/p>\n<p>350W\/Ch (4\u03a9)<\/p>\n<p>&nbsp;<\/p>\n<p>CONTINUOUS\u00a0POWER OUTPUT<\/p>\n<p>200W\/Ch (8\u03a9)<\/p>\n<p>&nbsp;<\/p>\n<p>TOTAL HARMONIC DISTORTION (THD)<\/p>\n<p>&lt;0.008%<\/p>\n<p>&nbsp;<\/p>\n<p>FREQUENCY RESPONSE<\/p>\n<p>Line Level Inputs: 10Hz &#8211; 100kHz (+0dB, -0.4dB)<\/p>\n<p>Digital Inputs: 20Hz &#8211; 20kHz (0 \u00b1 0.4dB)<\/p>\n<p>Phono Input: 20Hz &#8211; 20kHz (+0dB, +0.4dB)<\/p>\n<p>&nbsp;<\/p>\n<p>S\/N RATIO\u00a0(IHF &#8220;A&#8221; Weighted)<\/p>\n<p>Line Level Inputs: 102dB<\/p>\n<p>Digital Inputs: 102dB<\/p>\n<p>Phono Input: 80dB<\/p>\n<p><a href=\"https:\/\/www.rotel.com\/en-la\/product\/x3-series-2\" target=\"_blank\" rel=\"noopener noreferrer\"><span style=\"color: #0000ff;\">Click aqu\u00ed para m\u00e1s informaci\u00f3n del producto.<\/span><\/a><\/p>\n","protected":false},"excerpt":{"rendered":"<p>Parte de la colecci\u00f3n Michi, esta unidad de Clase AB representa elegancia y eficiencia. Combina 250 watts de poder y un DAC ESS SABRE de 8 canales para ofrecer un performance refinado y expansivo. Soporta RCA an\u00e1logo, XLR, phono moving magnet, Bluetooth apTX HD, Coaxial, Optical y PC-USB con MQA.<span class=\"Apple-converted-space\">\u00a0<\/span><\/p>\n","protected":false},"featured_media":3296,"template":"","meta":[],"product_cat":[20],"product_tag":[163,214,106],"_links":{"self":[{"href":"https:\/\/baflesoviedo.com\/home\/wp-json\/wp\/v2\/product\/3295"}],"collection":[{"href":"https:\/\/baflesoviedo.com\/home\/wp-json\/wp\/v2\/product"}],"about":[{"href":"https:\/\/baflesoviedo.com\/home\/wp-json\/wp\/v2\/types\/product"}],"wp:featuredmedia":[{"embeddable":true,"href":"https:\/\/baflesoviedo.com\/home\/wp-json\/wp\/v2\/media\/3296"}],"wp:attachment":[{"href":"https:\/\/baflesoviedo.com\/home\/wp-json\/wp\/v2\/media?parent=3295"}],"wp:term":[{"taxonomy":"product_cat","embeddable":true,"href":"https:\/\/baflesoviedo.com\/home\/wp-json\/wp\/v2\/product_cat?post=3295"},{"taxonomy":"product_tag","embeddable":true,"href":"https:\/\/baflesoviedo.com\/home\/wp-json\/wp\/v2\/product_tag?post=3295"}],"curies":[{"name":"wp","href":"https:\/\/api.w.org\/{rel}","templated":true}]}}