{"id":3367,"date":"2024-01-05T23:58:06","date_gmt":"2024-01-05T23:58:06","guid":{"rendered":"https:\/\/baflesoviedo.com\/home\/?post_type=product&#038;p=3367"},"modified":"2025-07-27T20:31:40","modified_gmt":"2025-07-27T20:31:40","slug":"pro-ject-pick-it-s2c-black-packed-pastilla-tornamesa","status":"publish","type":"product","link":"https:\/\/baflesoviedo.com\/home\/product\/pro-ject-pick-it-s2c-black-packed-pastilla-tornamesa\/","title":{"rendered":"Pro-Ject, Pick it S2C, Pastilla Tornamesa (MM)"},"content":{"rendered":"<p><b>Caracter\u00edsticas:<\/b><\/p>\n<ul>\n<li>Moving Magnet principle<\/li>\n<li>Simple and fast setup<\/li>\n<li>High output voltage<\/li>\n<li>Ideal for medium weight tonearms (15-20g)<\/li>\n<li>Very dynamic<\/li>\n<li>Suitable for MM phono stages<\/li>\n<li>Needle can be exchanged if needed<\/li>\n<li>Robust Polycarbonate body<\/li>\n<\/ul>\n<p>&nbsp;<\/p>\n<p><a href=\"https:\/\/www.project-audio.com\/en\/product\/pick-it-s2c-upgrade-offer\/\" target=\"_blank\" rel=\"noopener noreferrer\"><span style=\"color: #0000ff;\">Click aqu\u00ed para m\u00e1s informaci\u00f3n del producto.<\/span><\/a><\/p>\n","protected":false},"excerpt":{"rendered":"<p>Esta pastilla MM Hifi para entusiastas DJ se basa en la famosa CONCORDE de Ortofon. Apta para cualquier brazo con uni\u00f3n SME, la Pick it S2C is f\u00e1cil de instalar\/remover y su construcci\u00f3n es de policarbonato robusto . Ofrece un sonido din\u00e1mico y emocionante, con gran detalle, precisi\u00f3n y alta fidelidad sin paralelo dentro de este rango de precio. Disponible en acabado black.<span class=\"Apple-converted-space\">\u00a0<\/span><\/p>\n","protected":false},"featured_media":3368,"template":"","meta":[],"product_cat":[37],"product_tag":[202,56,62],"_links":{"self":[{"href":"https:\/\/baflesoviedo.com\/home\/wp-json\/wp\/v2\/product\/3367"}],"collection":[{"href":"https:\/\/baflesoviedo.com\/home\/wp-json\/wp\/v2\/product"}],"about":[{"href":"https:\/\/baflesoviedo.com\/home\/wp-json\/wp\/v2\/types\/product"}],"wp:featuredmedia":[{"embeddable":true,"href":"https:\/\/baflesoviedo.com\/home\/wp-json\/wp\/v2\/media\/3368"}],"wp:attachment":[{"href":"https:\/\/baflesoviedo.com\/home\/wp-json\/wp\/v2\/media?parent=3367"}],"wp:term":[{"taxonomy":"product_cat","embeddable":true,"href":"https:\/\/baflesoviedo.com\/home\/wp-json\/wp\/v2\/product_cat?post=3367"},{"taxonomy":"product_tag","embeddable":true,"href":"https:\/\/baflesoviedo.com\/home\/wp-json\/wp\/v2\/product_tag?post=3367"}],"curies":[{"name":"wp","href":"https:\/\/api.w.org\/{rel}","templated":true}]}}