{"id":3407,"date":"2024-01-15T01:09:54","date_gmt":"2024-01-15T01:09:54","guid":{"rendered":"https:\/\/baflesoviedo.com\/home\/?post_type=product&#038;p=3407"},"modified":"2025-12-26T17:30:50","modified_gmt":"2025-12-26T17:30:50","slug":"ortofon-2m-bronze-pastilla","status":"publish","type":"product","link":"https:\/\/baflesoviedo.com\/home\/product\/ortofon-2m-bronze-pastilla\/","title":{"rendered":"Ortofon, 2M Bronze, Pastilla Tornamesa (MM)"},"content":{"rendered":"<p><b>Especificaciones T\u00e9cnicas:<\/b><\/p>\n<p>Channel balance at 1 kHz<br \/>\n<b>1 dB<br \/>\n<\/b>Output voltage at 1 kHz, 5cm\/sec<br \/>\n<b>5 mV<br \/>\n<\/b>Channel seperation at 1 kHz<br \/>\n<b>26 dB<br \/>\n<\/b>Channel seperation at 15 kHz<br \/>\n<b>15 dB<br \/>\n<\/b>Frequency response 20 Hz &#8211; 20 kHz<br \/>\n<b>2 \/ &#8211; 0 dB<br \/>\n<\/b>Tracking ability at 315Hz at recommended tracking force<br \/>\n<b>80 \u00b5m<br \/>\n<\/b>Compliance, dynamic, lateral<br \/>\n<b>22 \u00b5m\/mN<br \/>\n<\/b>Stylus type<br \/>\n<b>Nude Fine Line<br \/>\n<\/b>Stylus tip radius<br \/>\n<b>r\/R 8\/40 \u00b5m<br \/>\n<\/b>Tracking force range<br \/>\n<b>1.4-1.7 g (14-17 mN)<br \/>\n<\/b>Tracking force, recommended<br \/>\n<b>1.5 g (15 mN)<br \/>\n<\/b>Tracking angle<br \/>\n<b>20\u00b0<br \/>\n<\/b>Internal impedance, DC resistance<br \/>\n<b>1.2 kOhm<br \/>\n<\/b>Cartridge colour<br \/>\n<b>Black\/Bronze<br \/>\n<\/b>Cartridge weight<br \/>\n<b>7.2 g<br \/>\n<\/b>Premounted cartridge weight<br \/>\n<b>16.7 g<br \/>\n<\/b>Reccomended load resistance<br \/>\n<b>47 kOhm<br \/>\n<\/b>Internal inductance<br \/>\n<b>630 mH<br \/>\n<\/b>Recommended load capacitance<br \/>\n<b>150-300 pF<\/b><\/p>\n<p><a href=\"https:\/\/ortofon.com\/products\/2m-bronze\" target=\"_blank\" rel=\"noopener noreferrer\"><span style=\"color: #0000ff;\">Click aqu\u00ed para m\u00e1s informaci\u00f3n del producto.<\/span><\/a><\/p>\n","protected":false},"excerpt":{"rendered":"<p>La 2M Bronze fue dise\u00f1ada para una precisi\u00f3n <i>bona fide<\/i> \u2014le da una nueva dimensi\u00f3n a tus vinilos favoritos, con un diamante Nude Fine Line para aplicaciones demandantes y la informaci\u00f3n de hasta las frecuencias m\u00e1s altas. Cuenta, adem\u00e1s, con la tecnolog\u00eda \u201csplit pole pin\u201d desarrollada por la marca, con alambre de cobre plateado para una reproducci\u00f3n musical a\u00fan m\u00e1s precisa.<\/p>\n","protected":false},"featured_media":3408,"template":"","meta":[],"product_cat":[37],"product_tag":[169,202,62],"_links":{"self":[{"href":"https:\/\/baflesoviedo.com\/home\/wp-json\/wp\/v2\/product\/3407"}],"collection":[{"href":"https:\/\/baflesoviedo.com\/home\/wp-json\/wp\/v2\/product"}],"about":[{"href":"https:\/\/baflesoviedo.com\/home\/wp-json\/wp\/v2\/types\/product"}],"wp:featuredmedia":[{"embeddable":true,"href":"https:\/\/baflesoviedo.com\/home\/wp-json\/wp\/v2\/media\/3408"}],"wp:attachment":[{"href":"https:\/\/baflesoviedo.com\/home\/wp-json\/wp\/v2\/media?parent=3407"}],"wp:term":[{"taxonomy":"product_cat","embeddable":true,"href":"https:\/\/baflesoviedo.com\/home\/wp-json\/wp\/v2\/product_cat?post=3407"},{"taxonomy":"product_tag","embeddable":true,"href":"https:\/\/baflesoviedo.com\/home\/wp-json\/wp\/v2\/product_tag?post=3407"}],"curies":[{"name":"wp","href":"https:\/\/api.w.org\/{rel}","templated":true}]}}