{"id":3409,"date":"2024-01-15T01:16:20","date_gmt":"2024-01-15T01:16:20","guid":{"rendered":"https:\/\/baflesoviedo.com\/home\/?post_type=product&#038;p=3409"},"modified":"2025-07-27T20:24:31","modified_gmt":"2025-07-27T20:24:31","slug":"ortofon-om-5e-pastilla-tornamesa","status":"publish","type":"product","link":"https:\/\/baflesoviedo.com\/home\/product\/ortofon-om-5e-pastilla-tornamesa\/","title":{"rendered":"Ortofon, OM 5E, Pastilla Tornamesa (MM)"},"content":{"rendered":"<p><b>Especificaciones T\u00e9cnicas:<\/b><\/p>\n<p>Channel balance at 1 kHz<br \/>\n<b>2 dB<br \/>\n<\/b>Output voltage at 1 kHz, 5cm\/sec<br \/>\n<b>4 mV<br \/>\n<\/b>Channel seperation at 1 kHz<br \/>\n<b>22 dB<br \/>\n<\/b>Channel seperation at 15 kHz<br \/>\n<b>15 dB<br \/>\n<\/b>Frequency response 20 Hz &#8211; 20 kHz<br \/>\n<b>20-20.000 Hz + 3 \/ -3<br \/>\n<\/b>Tracking ability at 315Hz at recommended tracking force<br \/>\n<b>60 \u00b5m<br \/>\n<\/b>Compliance, dynamic, lateral<br \/>\n<b>20 \u00b5m\/mN<br \/>\n<\/b>Stylus type<br \/>\n<b>Elliptical<br \/>\n<\/b>Stylus tip radius<br \/>\n<b>r\/R 8\/18 \u00b5m<br \/>\n<\/b>Tracking force range<br \/>\n<b>1.5-2.0 g (15-20 mN)<br \/>\n<\/b>Tracking force, recommended<br \/>\n<b>1.75 g (17.5 mN)<br \/>\n<\/b>Tracking angle<br \/>\n<b>20\u00b0<br \/>\n<\/b>Internal impedance, DC resistance<br \/>\n<b>750 Ohm<br \/>\n<\/b>Cartridge colour<br \/>\n<b>Black\/Black<br \/>\n<\/b>Cartridge weight<br \/>\n<b>2.5 g<br \/>\n<\/b>Reccomended load resistance<br \/>\n<b>47 kOhm<br \/>\n<\/b>Internal inductance<br \/>\n<b>450 mH<br \/>\n<\/b>Recommended load capacitance<br \/>\n<b>200-500 pF<br \/>\n<\/b>Replacement stylus<br \/>\n<a href=\"https:\/\/ortofon.com\/products\/stylus-5e\"><b>Stylus 5E<\/b><\/a><\/p>\n<p><a href=\"https:\/\/ortofon.com\/products\/om-5e\" target=\"_blank\" rel=\"noopener noreferrer\"><span style=\"color: #0000ff;\">Click aqu\u00ed para m\u00e1s informaci\u00f3n del producto.<\/span><\/a><\/p>\n","protected":false},"excerpt":{"rendered":"<p>La OM 5E cuenta con una aguja de forma el\u00edptica que garantiza una reproducci\u00f3n balanceada y sin distorsi\u00f3n. Es un buen upgrade para brazos de tocadiscos con un head shell standard o estilo \u201ccartridge mount\u201d. Si se trata de un brazo standard, se deja la placa de peso removible. Si es un brazo tipo masa baja, entonces se debe remover la misma para que la masa de la pastilla OM sea 2.5g. El dise\u00f1o de la serie OM contempla la posibilidad de optimizar el sonido de reproducci\u00f3n sin tener que reemplazar la pastilla entera, de manera que es posible realizarle un upgrade a la OM 5 simplemente reemplazando la aguja (stylus). Seg\u00fan preferencia, las agujas para la OM 5 son f\u00e1cilmente intercambiadas e incluyen: styli 3E, 5E, 10, 20, 30, 40 &amp; 78 y D 25 M.<\/p>\n","protected":false},"featured_media":3410,"template":"","meta":[],"product_cat":[37],"product_tag":[169,202,62],"_links":{"self":[{"href":"https:\/\/baflesoviedo.com\/home\/wp-json\/wp\/v2\/product\/3409"}],"collection":[{"href":"https:\/\/baflesoviedo.com\/home\/wp-json\/wp\/v2\/product"}],"about":[{"href":"https:\/\/baflesoviedo.com\/home\/wp-json\/wp\/v2\/types\/product"}],"wp:featuredmedia":[{"embeddable":true,"href":"https:\/\/baflesoviedo.com\/home\/wp-json\/wp\/v2\/media\/3410"}],"wp:attachment":[{"href":"https:\/\/baflesoviedo.com\/home\/wp-json\/wp\/v2\/media?parent=3409"}],"wp:term":[{"taxonomy":"product_cat","embeddable":true,"href":"https:\/\/baflesoviedo.com\/home\/wp-json\/wp\/v2\/product_cat?post=3409"},{"taxonomy":"product_tag","embeddable":true,"href":"https:\/\/baflesoviedo.com\/home\/wp-json\/wp\/v2\/product_tag?post=3409"}],"curies":[{"name":"wp","href":"https:\/\/api.w.org\/{rel}","templated":true}]}}