{"id":3428,"date":"2024-01-30T03:00:28","date_gmt":"2024-01-30T03:00:28","guid":{"rendered":"https:\/\/baflesoviedo.com\/home\/?post_type=product&#038;p=3428"},"modified":"2025-06-16T22:41:18","modified_gmt":"2025-06-16T22:41:18","slug":"mcintosh-ms500-streamer","status":"publish","type":"product","link":"https:\/\/baflesoviedo.com\/home\/product\/mcintosh-ms500-streamer\/","title":{"rendered":"McIntosh, MS500, Streamer"},"content":{"rendered":"<p><b>Especificaciones T\u00e9cnicas:<\/b><\/p>\n<p>ELECTRONIC SPECIFICATIONS<\/p>\n<ul>\n<li>Total Harmonic Distortion<br \/>\n0.005%<\/li>\n<li>Frequency Response<br \/>\n2Hz to 22,000Hz<\/li>\n<li>Maximum Volts Out (Balanced \/ Unbalanced)<br \/>\n4\/2 V RMS<\/li>\n<li>Signal To Noise Ratio<br \/>\n102dB<\/li>\n<li>Output Impedance<br \/>\n600 ohms Unbalanced and Balanced<\/li>\n<li>Dynamic Range<br \/>\n96dB<\/li>\n<\/ul>\n<p>CONNECTIVITY<\/p>\n<ul>\n<li>Balanced Input<br \/>\n0<\/li>\n<li>Balanced Output<br \/>\n1<\/li>\n<li>Unbalanced Input<br \/>\n0<\/li>\n<li>Unbalanced Output<br \/>\n1<\/li>\n<li>Digital Coaxial Input<br \/>\n0<\/li>\n<li>Digital Coaxial Output<br \/>\n1<\/li>\n<li>Digital Optical Input<br \/>\n0<\/li>\n<li>Digital Optical Output<br \/>\n1<\/li>\n<li>Digital USB Input<br \/>\n3 (2 USB 2.0 \/ 1 USB 3.0)<\/li>\n<li>Digital USB Audio Output<br \/>\n3 (only 1 can be used at a time)<\/li>\n<li>Network Connection<br \/>\n1 (10\/100\/1000)<\/li>\n<li>DVI Output<br \/>\n0<\/li>\n<li>HDMI Output<br \/>\n1 (for GUI only)<\/li>\n<li>VGA Output<br \/>\n1 (for GUI only)<\/li>\n<li>eSata Input<br \/>\n0<\/li>\n<\/ul>\n<p>DIGITAL AUDIO SPECIFICATIONS<\/p>\n<ul>\n<li>Digital Input Format<br \/>\nN\/A<\/li>\n<li>Digital Input Sample Rate<br \/>\nN\/A<\/li>\n<li>Digital Output Format<br \/>\nSPDIF (PCM)<\/li>\n<li>Digital Output Sample Rate<br \/>\nUp to 24-Bit\/192kHz<\/li>\n<\/ul>\n<p>CONTROL<\/p>\n<ul>\n<li>Power Control Input<br \/>\n1<\/li>\n<li>Power Control Output<br \/>\n1<\/li>\n<li>Rear Panel Data Input<br \/>\n1<\/li>\n<li>Rear Panel IR Sensor Input<br \/>\n1<\/li>\n<\/ul>\n<p>WEIGHTS &amp; DIMENSIONS<\/p>\n<ul>\n<li>Unit Dimensions (W x H x D)<br \/>\n17.5&#8243; (44.45cm) x 3-7\/8&#8243; (9.8cm) x 16&#8243; (40.64cm)<\/li>\n<li>Unit Weight<br \/>\n13.5 lbs (6.1kg)<\/li>\n<li>Shipping Weight<br \/>\n28 lbs (12.7kg)<\/li>\n<\/ul>\n<p><a href=\"https:\/\/www.mcintoshlabs.com\/products\/media-streamers\/MS500\" target=\"_blank\" rel=\"noopener noreferrer\"><span style=\"color: #0000ff;\">Click aqu\u00ed para m\u00e1s informaci\u00f3n del producto.<\/span><\/a><\/p>\n","protected":false},"excerpt":{"rendered":"<p>Este streamer controla con facilidad la m\u00fasica de streaming por internet y adem\u00e1s archivos digitales en almacenamiento local, con soporte para Pandora, Rhapsody, SiriusXM, Spotify, TIDAL y Tuneln. Permite disfrutar la m\u00fasica con los altos est\u00e1ndares de McIntosh, incluyendo archivos descomprimidos y lossless con una resoluci\u00f3n de hasta 24-bit\/192kHz. El MS500 funciona como un \u201chub\u201d central para toda la m\u00fasica digital, con puerto para red de alta velocidad, un sistema operativo que corre en una SSD sin partes movibles que causen ruido, y un procesador con un m\u00e9todo de ventilaci\u00f3n avanzado (en vez de un ruidoso ventilador interno). Todo el contenido puede respaldarse en Amazon Cloud Drive, Apple iCloud o Google Drive. Se conecta a un preamplificador, amplificador integrado u otros componentes mediante sets de salidas an\u00e1logas balanceadas y no-balanceadas, sumado a dos salidas digitales. Adem\u00e1s, el DAC se encuentra aislado de la motherboard para asegurar una reproducci\u00f3n musical extremadamente precisa y elegante desde las salidas an\u00e1logas. Cualquiera de los puertos USB pueden utilizarse para conectar un componente externo con DAC incorporado.<span class=\"Apple-converted-space\">\u00a0<\/span><\/p>\n","protected":false},"featured_media":3429,"template":"","meta":[],"product_cat":[20],"product_tag":[29,219,67],"_links":{"self":[{"href":"https:\/\/baflesoviedo.com\/home\/wp-json\/wp\/v2\/product\/3428"}],"collection":[{"href":"https:\/\/baflesoviedo.com\/home\/wp-json\/wp\/v2\/product"}],"about":[{"href":"https:\/\/baflesoviedo.com\/home\/wp-json\/wp\/v2\/types\/product"}],"wp:featuredmedia":[{"embeddable":true,"href":"https:\/\/baflesoviedo.com\/home\/wp-json\/wp\/v2\/media\/3429"}],"wp:attachment":[{"href":"https:\/\/baflesoviedo.com\/home\/wp-json\/wp\/v2\/media?parent=3428"}],"wp:term":[{"taxonomy":"product_cat","embeddable":true,"href":"https:\/\/baflesoviedo.com\/home\/wp-json\/wp\/v2\/product_cat?post=3428"},{"taxonomy":"product_tag","embeddable":true,"href":"https:\/\/baflesoviedo.com\/home\/wp-json\/wp\/v2\/product_tag?post=3428"}],"curies":[{"name":"wp","href":"https:\/\/api.w.org\/{rel}","templated":true}]}}