{"id":3463,"date":"2024-02-02T06:06:43","date_gmt":"2024-02-02T06:06:43","guid":{"rendered":"https:\/\/baflesoviedo.com\/home\/?post_type=product&#038;p=3463"},"modified":"2026-01-02T16:51:04","modified_gmt":"2026-01-02T16:51:04","slug":"cambridge-audio-cxn100-streamer","status":"publish","type":"product","link":"https:\/\/baflesoviedo.com\/home\/product\/cambridge-audio-cxn100-streamer\/","title":{"rendered":"Cambridge Audio, CXN100, Streamer"},"content":{"rendered":"<p><b>Especificaciones T\u00e9cnicas:<\/b><\/p>\n<p><b>DAC<\/b><\/p>\n<p>ESS ES9028Q2M<\/p>\n<p><b>USB AUDIO INPUT<\/b><\/p>\n<p>USB Type B conforms to USB Audio profile 1.0 or 2.0 (user selectable)<\/p>\n<p><b>DIGITAL AUDIO INPUTS<\/b><\/p>\n<p>USB Drive, Bluetooth, S\/PDIF Coaxial, TOSLINK Optical<\/p>\n<p><b>ANALOGUE AUDIO OUTPUTS<\/b><\/p>\n<p>Balanced XLR and unbalanced RCA analogue<\/p>\n<p><b>DIGITAL AUDIO OUTPUTS<\/b><\/p>\n<p>S\/PDIF Coaxial and TOSLINK Optical<\/p>\n<p><b>COMPATIBILITY<\/b><\/p>\n<p>TOSLINK optical: 16\/24bit 32-96kHz PCM only S\/PDIF coaxial: 16\/24bit 32-192kHz PCM only UPnP: up to 32bit, 768kHz Local USB media: PCM up to 32-bit 768kHz, DSD up to x512 USB audio: PCM up to 32-bit 768kHz, DSD up to x512 Bluetooth: SBC, AAC Airplay 2, Chromecast built-in, Internet Radio,<span class=\"Apple-converted-space\">\u00a0<\/span><\/p>\n<p>Spotify Connect, TIDAL Connect, MQA, Qobuz,<span class=\"Apple-converted-space\">\u00a0<\/span><\/p>\n<p>Deezer, Roon Ready.<\/p>\n<p><b>AUDIO FORMATS<\/b><\/p>\n<p>ALAC, WAV, FLAC, AIFF, DSD (x512), WMA, MP3, AAC, HE AAC, AAC+, OGG Vorbis<\/p>\n<p><b>ETHERNET<\/b><\/p>\n<p>10\/100Mbit<\/p>\n<p><b>WI-FI<\/b><\/p>\n<p>IEEE 802.11 ac (2.4GHz \/ 5GHz)<\/p>\n<p><b>MAX POWER CONSUMPTION<\/b><\/p>\n<p>30W<\/p>\n<p><b>STANDBY POWER CONSUMPTION<\/b><\/p>\n<p>&lt;0.5W (eco), &lt;2W (network standby)<\/p>\n<p><b>DIMENSIONS<\/b><\/p>\n<p>430 x 85 x 305mm (16.9 x 3.4 x 12.2&#8243;)<\/p>\n<p><b>WEIGHT<\/b><\/p>\n<p>3.55Kg (7.83lbs)<\/p>\n<p><b>BOX CONTENT<\/b><\/p>\n<p>CXN100, mains lead, control bus cable, antenna x2, quick start guide, safety sheet, registration card<\/p>\n<p><a href=\"https:\/\/www.cambridgeaudio.com\/usa\/en\/products\/hi-fi\/cx-series\/cxn100\" target=\"_blank\" rel=\"noopener noreferrer\"><span style=\"color: #0000ff;\">Click aqu\u00ed para m\u00e1s informaci\u00f3n del producto.<\/span><\/a><\/p>\n","protected":false},"excerpt":{"rendered":"<p>Este nuevo network player ofrece una calidad de sonido impresionante gracias a su nivel de detalle. Va a\u00fan m\u00e1s all\u00e1 que su predecesor, el CXN V2, con un circuito totalmente redise\u00f1ado para aprovechar todas las capacidades del DAC. El resultado: una experiencia digital marcada por calidez, profundidad y complejidad. Cuenta con un DAC preciso y claro, el m\u00f3dulo StreamMagic Gen4 para varias opciones de streaming, compatibilidad con Roon\/Google Home\/Apple Airplay, y soporte para Spotify Connect, TIDAL Connect, Qobuz &amp; Deezer. Adem\u00e1s, es flexible en su variedad de conexiones digitales: USB, Coaxial &amp; TOSLINK o inal\u00e1mbrico con Chromecast incorporado, AirPlay 2 &amp; Bluetooth. La pantalla en alta resoluci\u00f3n tambi\u00e9n despliega la portada del \u00e1lbum, para que se aprecie desde la comodidad de su silla. Puede actualizarse remotamente a trav\u00e9s de la aplicaci\u00f3n StreamMagic para disfrutar de los servicios m\u00e1s recientes.<\/p>\n","protected":false},"featured_media":3464,"template":"","meta":[],"product_cat":[130,19,22,23],"product_tag":[52,219,67],"_links":{"self":[{"href":"https:\/\/baflesoviedo.com\/home\/wp-json\/wp\/v2\/product\/3463"}],"collection":[{"href":"https:\/\/baflesoviedo.com\/home\/wp-json\/wp\/v2\/product"}],"about":[{"href":"https:\/\/baflesoviedo.com\/home\/wp-json\/wp\/v2\/types\/product"}],"wp:featuredmedia":[{"embeddable":true,"href":"https:\/\/baflesoviedo.com\/home\/wp-json\/wp\/v2\/media\/3464"}],"wp:attachment":[{"href":"https:\/\/baflesoviedo.com\/home\/wp-json\/wp\/v2\/media?parent=3463"}],"wp:term":[{"taxonomy":"product_cat","embeddable":true,"href":"https:\/\/baflesoviedo.com\/home\/wp-json\/wp\/v2\/product_cat?post=3463"},{"taxonomy":"product_tag","embeddable":true,"href":"https:\/\/baflesoviedo.com\/home\/wp-json\/wp\/v2\/product_tag?post=3463"}],"curies":[{"name":"wp","href":"https:\/\/api.w.org\/{rel}","templated":true}]}}